{"id":843,"date":"2024-08-10T11:43:55","date_gmt":"2024-08-10T08:43:55","guid":{"rendered":"https:\/\/lotos.center\/?page_id=843"},"modified":"2024-08-10T11:43:56","modified_gmt":"2024-08-10T08:43:56","slug":"shablon-stranicz","status":"publish","type":"page","link":"https:\/\/lotos.center\/es\/shablon-stranicz\/","title":{"rendered":"Plantilla de p\u00e1gina"},"content":{"rendered":"<div id=\"tdi_1\" class=\"tdc-zone\"><div class=\"tdc_zone tdi_2  wpb_row td-pb-row\"  >\n<style scoped>\n\/* custom css - generated by TagDiv Composer *\/\n\n\/* custom css - generated by TagDiv Composer *\/\n\/* custom css - generated by TagDiv Composer *\/\n.tdi_2{\r\n                    min-height: 0;\r\n                }\n<\/style><div id=\"tdi_3\" class=\"tdc-row\"><div class=\"vc_row tdi_4  wpb_row td-pb-row\" >\n<style scoped>\n\/* custom css - generated by TagDiv Composer *\/\n\n\/* custom css - generated by TagDiv Composer *\/\n\/* custom css - generated by TagDiv Composer *\/\n.tdi_4,\r\n                .tdi_4 .tdc-columns{\r\n                    min-height: 0;\r\n                }.tdi_4,\r\n\t\t\t\t.tdi_4 .tdc-columns{\r\n\t\t\t\t    display: block;\r\n\t\t\t\t}.tdi_4 .tdc-columns{\r\n\t\t\t\t    width: 100%;\r\n\t\t\t\t}\n<\/style><div class=\"vc_column tdi_6  wpb_column vc_column_container tdc-column td-pb-span12\">\n<style scoped>\n\/* custom css - generated by TagDiv Composer *\/\n\n\/* custom css - generated by TagDiv Composer *\/\n\/* custom css - generated by TagDiv Composer *\/\n.tdi_6{\r\n                    vertical-align: baseline;\r\n                }.tdi_6 > .wpb_wrapper,\r\n\t\t\t\t.tdi_6 > .wpb_wrapper > .tdc-elements{\r\n\t\t\t\t    display: block;\r\n\t\t\t\t}.tdi_6 > .wpb_wrapper > .tdc-elements{\r\n\t\t\t\t    width: 100%;\r\n\t\t\t\t}.tdi_6 > .wpb_wrapper > .vc_row_inner{\r\n\t\t\t\t    width: auto;\r\n\t\t\t\t}.tdi_6 > .wpb_wrapper{\r\n\t\t\t\t    width: auto;\r\n\t\t\t\t    height: auto;\r\n\t\t\t\t}\n<\/style><div class=\"wpb_wrapper\" ><div class=\"td_block_wrap td_block_text_with_title tdi_7 tagdiv-type td-pb-border-top td_block_template_1\"  data-td-block-uid=\"tdi_7\" >\n<style>\n\/* custom css - generated by TagDiv Composer *\/\n\/* custom css - generated by TagDiv Composer *\/\n.td_block_text_with_title{\r\n                  margin-bottom: 44px;\r\n                  -webkit-transform: translateZ(0);\r\n                  transform: translateZ(0);\r\n                }.td_block_text_with_title p:last-child{\r\n                  margin-bottom: 0;\r\n                }\n<\/style><div class=\"td-block-title-wrap\"><\/div><div class=\"td_mod_wrap td-fix-index\"><h1>Masaje de drenaje linf\u00e1tico en el centro Ayuveda Lotus<\/h1>\n<\/div><\/div><\/div><\/div><\/div><\/div><div id=\"tdi_8\" class=\"tdc-row\"><div class=\"vc_row tdi_9  wpb_row td-pb-row\" >\n<style scoped>\n\/* custom css - generated by TagDiv Composer *\/\n\n\/* custom css - generated by TagDiv Composer *\/\n\/* custom css - generated by TagDiv Composer *\/\n.tdi_9,\r\n                .tdi_9 .tdc-columns{\r\n                    min-height: 0;\r\n                }.tdi_9,\r\n\t\t\t\t.tdi_9 .tdc-columns{\r\n\t\t\t\t    display: block;\r\n\t\t\t\t}.tdi_9 .tdc-columns{\r\n\t\t\t\t    width: 100%;\r\n\t\t\t\t}\n<\/style><div class=\"vc_column tdi_11  wpb_column vc_column_container tdc-column td-pb-span6\">\n<style scoped>\n\/* custom css - generated by TagDiv Composer *\/\n\n\/* custom css - generated by TagDiv Composer *\/\n\/* custom css - generated by TagDiv Composer *\/\n.tdi_11{\r\n                    vertical-align: baseline;\r\n                }.tdi_11 > .wpb_wrapper,\r\n\t\t\t\t.tdi_11 > .wpb_wrapper > .tdc-elements{\r\n\t\t\t\t    display: block;\r\n\t\t\t\t}.tdi_11 > .wpb_wrapper > .tdc-elements{\r\n\t\t\t\t    width: 100%;\r\n\t\t\t\t}.tdi_11 > .wpb_wrapper > .vc_row_inner{\r\n\t\t\t\t    width: auto;\r\n\t\t\t\t}.tdi_11 > .wpb_wrapper{\r\n\t\t\t\t    width: auto;\r\n\t\t\t\t    height: auto;\r\n\t\t\t\t}\n<\/style><div class=\"wpb_wrapper\" ><div class=\"td_block_wrap td_block_text_with_title tdi_12 tagdiv-type td-pb-border-top td_block_template_1\"  data-td-block-uid=\"tdi_12\" >\n<style>\n\/* custom css - generated by TagDiv Composer *\/\n\/* custom css - generated by TagDiv Composer *\/\n\n<\/style><div class=\"td-block-title-wrap\"><\/div><div class=\"td_mod_wrap td-fix-index\"><p>\ud83c\udf3f \u00a1Si\u00e9ntete ligero y saludable con el masaje de drenaje linf\u00e1tico en el Centro Ayurveda Lotus!<\/p>\n<p>El masaje de drenaje linf\u00e1tico es una t\u00e9cnica de masaje especial destinada a estimular el sistema linf\u00e1tico, que se encarga de limpiar el organismo de toxinas y exceso de l\u00edquido. Este masaje ayuda a mejorar la circulaci\u00f3n sangu\u00ednea, reducir la hinchaz\u00f3n y mantener el tono general del cuerpo.<\/p>\n<h2><strong>\u00bfQu\u00e9 es el masaje de drenaje linf\u00e1tico?<\/strong><\/h2>\n<p>El masaje de drenaje linf\u00e1tico es un masaje suave y r\u00edtmico que se realiza presionando y acariciando ligeramente a lo largo de las v\u00edas linf\u00e1ticas. Favorece el drenaje linf\u00e1tico, que ayuda al organismo a eliminar m\u00e1s r\u00e1pidamente los productos metab\u00f3licos y el exceso de l\u00edquido.<\/p>\n<h3><strong>Beneficios del masaje de drenaje linf\u00e1tico<\/strong><\/h3>\n<ol>\n<li>\n<strong>Reducci\u00f3n de la hinchaz\u00f3n<\/strong><br \/>El masaje de drenaje linf\u00e1tico combate eficazmente la hinchaz\u00f3n ayudando a eliminar el exceso de l\u00edquido de los tejidos. Resulta especialmente \u00fatil para quienes sufren congesti\u00f3n, que puede producirse como consecuencia de un estilo de vida sedentario o tras una intervenci\u00f3n quir\u00fargica.\n<\/li>\n<li>\n<strong>Desintoxicaci\u00f3n del organismo<\/strong><br \/>Este tipo de masaje ayuda al organismo a deshacerse m\u00e1s r\u00e1pidamente de toxinas y t\u00f3xicos, mejorando el sistema inmunitario y el bienestar general.\n<\/li>\n<li>\n<strong>Mejorar el metabolismo<\/strong><br \/>Debido a la activaci\u00f3n de la circulaci\u00f3n sangu\u00ednea y el flujo linf\u00e1tico, el masaje de drenaje linf\u00e1tico ayuda a mejorar el metabolismo, lo que contribuye a mantener un peso saludable y mejora el tono corporal general.\n<\/li>\n<li>\n<strong>Fortalecimiento del sistema inmunitario<\/strong><br \/>La estimulaci\u00f3n del sistema linf\u00e1tico contribuye a reforzar el sistema inmunitario, ayudando al organismo a combatir m\u00e1s eficazmente las infecciones y las inflamaciones.\n<\/li>\n<li>\n<strong>Mejora del estado de la piel<\/strong><br \/>El masaje de drenaje linf\u00e1tico ayuda a mejorar el estado de la piel, haci\u00e9ndola m\u00e1s tersa, el\u00e1stica y sana. Es especialmente \u00fatil para combatir la celulitis y la flacidez de la piel.\n<\/li>\n<\/ol>\n<h4><strong>\u00bfC\u00f3mo es una sesi\u00f3n de masaje de drenaje linf\u00e1tico?<\/strong><\/h4>\n<p>Una sesi\u00f3n de masaje de drenaje linf\u00e1tico dura entre 60 y 90 minutos, seg\u00fan las necesidades individuales del cliente. El masajista utiliza movimientos ligeros y r\u00edtmicos que siguen la direcci\u00f3n del flujo linf\u00e1tico. El procedimiento es absolutamente c\u00f3modo y relajante, lo que permite obtener el m\u00e1ximo placer del masaje.<\/p>\n<h4><strong>\u00bfPor qu\u00e9 elegir un masaje de drenaje linf\u00e1tico en el Centro Lotus?<\/strong><\/h4>\n<ul>\n<li><strong>Enfoque individual:<\/strong> Tenemos en cuenta sus necesidades individuales y su estado de salud para garantizar los mejores resultados posibles.<\/li>\n<li><strong>Especialistas con experiencia:<\/strong> Nuestros masajistas tienen amplia experiencia y s\u00f3lo utilizan t\u00e9cnicas seguras y eficaces.<\/li>\n<li><strong>Ambiente relajante:<\/strong> Nuestro centro re\u00fane todas las condiciones para su c\u00f3modo descanso y recuperaci\u00f3n.<\/li>\n<\/ul>\n<p>\ud83c\udf3f El masaje de drenaje linf\u00e1tico es un m\u00e9todo eficaz de limpieza del organismo, que ayuda a mejorar la circulaci\u00f3n sangu\u00ednea y a estimular el sistema linf\u00e1tico. La t\u00e9cnica tiene como objetivo mejorar el movimiento de la linfa actuando sobre los ganglios linf\u00e1ticos, los vasos sangu\u00edneos y los capilares. Se basa en t\u00e9cnicas de compresi\u00f3n profunda para eliminar el estancamiento en los tejidos. Restablece el equilibrio general de todos los \u00f3rganos.<\/p>\n<p>\ud83d\udcde \u00a1Reserva una sesi\u00f3n hoy mismo! Llama al: +34 686 076 155<\/p>\n<p>\u00a0<\/p>\n<p>\u00a0<\/p>\n<\/div><\/div><\/div><\/div><div class=\"vc_column tdi_14  wpb_column vc_column_container tdc-column td-pb-span6\">\n<style scoped>\n\/* custom css - generated by TagDiv Composer *\/\n\n\/* custom css - generated by TagDiv Composer *\/\n\/* custom css - generated by TagDiv Composer *\/\n.tdi_14{\r\n                    vertical-align: baseline;\r\n                }.tdi_14 > .wpb_wrapper,\r\n\t\t\t\t.tdi_14 > .wpb_wrapper > .tdc-elements{\r\n\t\t\t\t    display: block;\r\n\t\t\t\t}.tdi_14 > .wpb_wrapper > .tdc-elements{\r\n\t\t\t\t    width: 100%;\r\n\t\t\t\t}.tdi_14 > .wpb_wrapper > .vc_row_inner{\r\n\t\t\t\t    width: auto;\r\n\t\t\t\t}.tdi_14 > .wpb_wrapper{\r\n\t\t\t\t    width: auto;\r\n\t\t\t\t    height: auto;\r\n\t\t\t\t}\n<\/style><div class=\"wpb_wrapper\" ><div class=\"tdm_block td_block_wrap tdm_block_inline_image tdi_15 td-animation-stack tdm-inline-block tdm-content-horiz-left td-pb-border-top td_block_template_1\"  data-td-block-uid=\"tdi_15\" >\n<style>\n\/* custom css - generated by TagDiv Composer *\/\n\/* custom css - generated by TagDiv Composer *\/\n.tdm_block.tdm_block_inline_image{\r\n                  position: relative;\r\n                  margin-bottom: 0;\r\n                  line-height: 0;\r\n                }.tdm_block.tdm_block_inline_image .tdm-inline-image-wrap{\r\n                  position: relative;\r\n                  display: inline-block;\r\n                }.tdm_block.tdm_block_inline_image .td-image-video-modal{\r\n                  cursor: pointer;\r\n                }.tdm_block.tdm_block_inline_image .tdm-caption{\r\n                  width: 100%;\r\n                  font-family: Verdana, BlinkMacSystemFont, -apple-system, \"Segoe UI\", Roboto, Oxygen, Ubuntu, Cantarell, \"Open Sans\", \"Helvetica Neue\", sans-serif;\r\n                  padding-top: 6px;\r\n                  padding-bottom: 6px;\r\n                  font-size: 12px;\r\n                  font-style: italic;\r\n                  font-weight: normal;\r\n                  line-height: 17px;\r\n                  color: #444;\r\n                }.tdm_block.tdm_block_inline_image.tdm-caption-over-image .tdm-caption{\r\n                  position: absolute;\r\n                  left: 0;\r\n                  bottom: 0;\r\n                  margin-top: 0;\r\n                  padding-left: 10px;\r\n                  padding-right: 10px;\r\n                  width: 100%;\r\n                  background: rgba(0, 0, 0, 0.7);\r\n                  color: #fff;\r\n                }.tdi_15 .tdm-inline-image-wrap:hover:before{\r\n                    opacity: 0;\r\n                }\n<\/style><div class=\"tdm-inline-image-wrap\" ><img loading=\"lazy\" decoding=\"async\" class=\"tdm-image td-fix-index td-lazy-img\" src=\"data:image\/png;base64,iVBORw0KGgoAAAANSUhEUgAABCwAAAJEAQMAAADnqyfeAAAAA1BMVEWurq51dlI4AAAAAXRSTlMmkutdmwAAAG9JREFUeNrswYEAAAAAgKD9qRepAgAAAAAAAAAAAAAAAAAAAAAAAAAAAAAAAAAAAAAAAAAAAAAAAAAAAAAAAAAAAAAAAAAAAAAAAAAAAADg9uCQAAAAAEDQ\/9fOsAAAAAAAAAAAAAAAAAAAAAAAsAox6wABwRHV3QAAAABJRU5ErkJggg==\" data-type=\"image_tag\" data-img-url=\"https:\/\/lotos.center\/wp-content\/uploads\/2024\/07\/5d27650c68b3e644426103.jpg\"  title=\"5d27650c68b3e644426103\" width=\"800\" height=\"600\"><\/div><\/div><div class=\"td_block_wrap td_block_text_with_title tdi_16 tagdiv-type td-pb-border-top td_block_template_1\"  data-td-block-uid=\"tdi_16\" >\n<style>\n\/* custom css - generated by TagDiv Composer *\/\n\/* custom css - generated by TagDiv Composer *\/\n\n<\/style><div class=\"td-block-title-wrap\"><\/div><div class=\"td_mod_wrap td-fix-index\"><p>\ud83d\udcc5 Duraci\u00f3n: 60 minutos <br \/>\ud83d\udcb6 Coste: 70 euros<\/p>\n<\/div><\/div><div class=\"tdm_block td_block_wrap tdm_block_button tdi_17 tdm-block-button-inline tdm-content-horiz-left td-pb-border-top td_block_template_1\"  data-td-block-uid=\"tdi_17\"     >\n<style>\n\n\/* inline tdc_css att - generated by TagDiv Composer *\/\n\n.tdi_17{\nmargin-right:15px !important;\n}\n\n\/* phone *\/\n@media (max-width: 767px)\n{\n.tdi_17{\nmargin-right:5px !important;\nmargin-bottom:10px !important;\nmargin-left:5px !important;\njustify-content:center !important;\ntext-align:center !important;\ndisplay:block !important;\n}\n}\n\n\/* portrait *\/\n@media (min-width: 768px) and (max-width: 1018px)\n{\n.tdi_17{\nmargin-right:10px !important;\n}\n}\n\n<\/style>\n<style>\n\/* custom css - generated by TagDiv Composer *\/\n\/* custom css - generated by TagDiv Composer *\/\n.tdm_block.tdm_block_button{\r\n                  margin-bottom: 0;\r\n                }.tdm_block.tdm_block_button .tds-button{\r\n                  line-height: 0;\r\n                }.tdm_block.tdm_block_button.tdm-block-button-inline{\r\n                  display: inline-block;\r\n                }.tdm_block.tdm_block_button.tdm-block-button-full,\r\n                .tdm_block.tdm_block_button.tdm-block-button-full .tdm-btn{\r\n                  display: block;\r\n                }.tdi_17 .tdm-btn{\r\n                    height: auto;\r\n                    padding: 15px 28px;\r\n                }\n\n\/* portrait *\/\n@media (min-width: 768px) and (max-width: 1018px){\n\/* custom css - generated by TagDiv Composer *\/\n.tdi_17 .tdm-btn{\r\n                    height: auto;\r\n                    padding: 13px 25px;\r\n                }\n}\n<\/style>\n<style>\n\/* custom css - generated by TagDiv Composer *\/\n\/* custom css - generated by TagDiv Composer *\/\nbody .tdi_18{\r\n\t\t\t\t\tbackground: -webkit-linear-gradient(-120deg,#a96fe2,#8224e3);background: linear-gradient(-120deg,#a96fe2,#8224e3);\r\n\t\t\t\t}body .tdi_18:before{\r\n\t\t\t\t\tbackground-color: #444444;\r\n\t\t\t\t}.tdi_18 .tdm-btn-text,\r\n\t\t\t\t.tdi_18 i{\r\n\t\t\t\t\tcolor: #ffffff;\r\n\t\t\t\t}.tdi_18 svg{\r\n\t\t\t\t    fill: #ffffff;\r\n\t\t\t\t}.tdi_18 svg *{\r\n\t\t\t\t    fill: inherit;\r\n\t\t\t\t}body .tdi_18:hover .tdm-btn-text,\r\n\t\t\t\tbody .tdi_18:hover i{\r\n\t\t\t\t\tcolor: #ffffff;\r\n\t\t\t\t\r\n\t\t\t\t\t-webkit-text-fill-color: unset;\r\n\t\t\t\t\tbackground: transparent;\r\n\t\t\t\t\ttransition: none;\r\n\t\t\t\t}body .tdi_18:hover svg{\r\n\t\t\t\t    fill: #ffffff;\r\n\t\t\t\t}body .tdi_18:hover svg *{\r\n\t\t\t\t    fill: inherit;\r\n\t\t\t\t}.tdi_18{\r\n                    padding: 15px 28px;\r\n                    height: auto;\r\n                    line-height: 1;\r\n                \r\n\t\t\t\t\tfont-family:Open Sans !important;font-size:15px !important;line-height:1 !important;font-weight:500 !important;\r\n\t\t\t\t\r\n\t\t\t\t\theight: auto;\r\n\t\t\t\t}.tdi_18,\r\n\t\t\t\t.tdi_18:before{\r\n\t\t\t\t\tborder-radius: 50px;\r\n\t\t\t\t}\n\n\/* portrait *\/\n@media (min-width: 768px) and (max-width: 1018px){\n\/* custom css - generated by TagDiv Composer *\/\n.tdi_18{\r\n                    padding: 13px 25px;\r\n                    height: auto;\r\n                    line-height: 1;\r\n                }.tdi_18{\r\n\t\t\t\t\tfont-size:13px !important;\r\n\t\t\t\t}\n}\n\n\/* phone *\/\n@media (max-width: 767px){\n\/* custom css - generated by TagDiv Composer *\/\n.tdi_18{\r\n                    min-width: 100%;\r\n                }\n}\n<\/style><div class=\"tds-button td-fix-index\"><a \r\n                href=\"https:\/\/wa.me\/+34686076155?text=\" \r\n                 title=\"CONCERTAR UNA CITA\"\r\n                class=\"tds-button1 tdm-btn tdm-btn-md tdi_18\"  target=\"_blank\" ><span class=\"tdm-btn-text\">CONCERTAR UNA CITA<\/span><\/a><\/div><\/div><\/div><\/div><\/div><\/div><\/div><\/div>","protected":false},"excerpt":{"rendered":"","protected":false},"author":1,"featured_media":0,"parent":0,"menu_order":0,"comment_status":"closed","ping_status":"closed","template":"","meta":{"inline_featured_image":false,"two_page_speed":[],"footnotes":""},"class_list":["post-843","page","type-page","status-publish"],"yoast_head":"<!-- This site is optimized with the Yoast SEO Premium plugin v23.2 (Yoast SEO v23.8) - https:\/\/yoast.com\/wordpress\/plugins\/seo\/ -->\n<title>\u0428\u0430\u0431\u043b\u043e\u043d \u0441\u0442\u0440\u0430\u043d\u0438\u0446 - Lotos - \u0426\u0435\u043d\u0442\u0440 \u0445\u043e\u043b\u0456\u0441\u0442\u0438\u0447\u043d\u043e\u0457 \u043c\u0435\u0434\u0438\u0446\u0438\u043d\u0438 \u00ab\u041b\u043e\u0442\u043e\u0441\u00bb<\/title>\n<meta name=\"robots\" content=\"index, follow, max-snippet:-1, max-image-preview:large, max-video-preview:-1\" \/>\n<link rel=\"canonical\" href=\"https:\/\/lotos.center\/es\/shablon-stranicz\/\" \/>\n<meta property=\"og:locale\" content=\"es_ES\" \/>\n<meta property=\"og:type\" content=\"article\" \/>\n<meta property=\"og:title\" content=\"\u0428\u0430\u0431\u043b\u043e\u043d \u0441\u0442\u0440\u0430\u043d\u0438\u0446\" \/>\n<meta property=\"og:url\" content=\"https:\/\/lotos.center\/es\/shablon-stranicz\/\" \/>\n<meta property=\"og:site_name\" content=\"Lotos - \u0426\u0435\u043d\u0442\u0440 \u0445\u043e\u043b\u0456\u0441\u0442\u0438\u0447\u043d\u043e\u0457 \u043c\u0435\u0434\u0438\u0446\u0438\u043d\u0438 \u00ab\u041b\u043e\u0442\u043e\u0441\u00bb\" \/>\n<meta property=\"article:modified_time\" content=\"2024-08-10T08:43:56+00:00\" \/>\n<meta name=\"twitter:card\" content=\"summary_large_image\" \/>\n<meta name=\"twitter:label1\" content=\"Tiempo de lectura\" \/>\n\t<meta name=\"twitter:data1\" content=\"3 minutos\" \/>\n<script type=\"application\/ld+json\" class=\"yoast-schema-graph\">{\"@context\":\"https:\/\/schema.org\",\"@graph\":[{\"@type\":\"WebPage\",\"@id\":\"https:\/\/lotos.center\/shablon-stranicz\/\",\"url\":\"https:\/\/lotos.center\/shablon-stranicz\/\",\"name\":\"\u0428\u0430\u0431\u043b\u043e\u043d \u0441\u0442\u0440\u0430\u043d\u0438\u0446 - Lotos - \u0426\u0435\u043d\u0442\u0440 \u0445\u043e\u043b\u0456\u0441\u0442\u0438\u0447\u043d\u043e\u0457 \u043c\u0435\u0434\u0438\u0446\u0438\u043d\u0438 \u00ab\u041b\u043e\u0442\u043e\u0441\u00bb\",\"isPartOf\":{\"@id\":\"https:\/\/lotos.center\/#website\"},\"datePublished\":\"2024-08-10T08:43:55+00:00\",\"dateModified\":\"2024-08-10T08:43:56+00:00\",\"breadcrumb\":{\"@id\":\"https:\/\/lotos.center\/shablon-stranicz\/#breadcrumb\"},\"inLanguage\":\"es\",\"potentialAction\":[{\"@type\":\"ReadAction\",\"target\":[\"https:\/\/lotos.center\/shablon-stranicz\/\"]}]},{\"@type\":\"BreadcrumbList\",\"@id\":\"https:\/\/lotos.center\/shablon-stranicz\/#breadcrumb\",\"itemListElement\":[{\"@type\":\"ListItem\",\"position\":1,\"name\":\"\u0413\u043b\u0430\u0432\u043d\u0430\u044f \u0441\u0442\u0440\u0430\u043d\u0438\u0446\u0430\",\"item\":\"https:\/\/lotos.center\/\"},{\"@type\":\"ListItem\",\"position\":2,\"name\":\"\u0428\u0430\u0431\u043b\u043e\u043d \u0441\u0442\u0440\u0430\u043d\u0438\u0446\"}]},{\"@type\":\"WebSite\",\"@id\":\"https:\/\/lotos.center\/#website\",\"url\":\"https:\/\/lotos.center\/\",\"name\":\"Lotos - \u0426\u0435\u043d\u0442\u0440 \u0445\u043e\u043b\u0456\u0441\u0442\u0438\u0447\u043d\u043e\u0457 \u043c\u0435\u0434\u0438\u0446\u0438\u043d\u0438 \u00ab\u041b\u043e\u0442\u043e\u0441\u00bb\",\"description\":\"\u0426\u0435\u043d\u0442\u0440 \u0445\u043e\u043b\u0456\u0441\u0442\u0438\u0447\u043d\u043e\u0457 \u043c\u0435\u0434\u0438\u0446\u0438\u043d\u0438 \u00ab\u041b\u043e\u0442\u043e\u0441\u00bb\",\"potentialAction\":[{\"@type\":\"SearchAction\",\"target\":{\"@type\":\"EntryPoint\",\"urlTemplate\":\"https:\/\/lotos.center\/?s={search_term_string}\"},\"query-input\":{\"@type\":\"PropertyValueSpecification\",\"valueRequired\":true,\"valueName\":\"search_term_string\"}}],\"inLanguage\":\"es\"}]}<\/script>\n<!-- \/ Yoast SEO Premium plugin. -->","yoast_head_json":{"title":"\u0428\u0430\u0431\u043b\u043e\u043d \u0441\u0442\u0440\u0430\u043d\u0438\u0446 - Lotos - \u0426\u0435\u043d\u0442\u0440 \u0445\u043e\u043b\u0456\u0441\u0442\u0438\u0447\u043d\u043e\u0457 \u043c\u0435\u0434\u0438\u0446\u0438\u043d\u0438 \u00ab\u041b\u043e\u0442\u043e\u0441\u00bb","robots":{"index":"index","follow":"follow","max-snippet":"max-snippet:-1","max-image-preview":"max-image-preview:large","max-video-preview":"max-video-preview:-1"},"canonical":"https:\/\/lotos.center\/es\/shablon-stranicz\/","og_locale":"es_ES","og_type":"article","og_title":"\u0428\u0430\u0431\u043b\u043e\u043d \u0441\u0442\u0440\u0430\u043d\u0438\u0446","og_url":"https:\/\/lotos.center\/es\/shablon-stranicz\/","og_site_name":"Lotos - \u0426\u0435\u043d\u0442\u0440 \u0445\u043e\u043b\u0456\u0441\u0442\u0438\u0447\u043d\u043e\u0457 \u043c\u0435\u0434\u0438\u0446\u0438\u043d\u0438 \u00ab\u041b\u043e\u0442\u043e\u0441\u00bb","article_modified_time":"2024-08-10T08:43:56+00:00","twitter_card":"summary_large_image","twitter_misc":{"Tiempo de lectura":"3 minutos"},"schema":{"@context":"https:\/\/schema.org","@graph":[{"@type":"WebPage","@id":"https:\/\/lotos.center\/shablon-stranicz\/","url":"https:\/\/lotos.center\/shablon-stranicz\/","name":"\u0428\u0430\u0431\u043b\u043e\u043d \u0441\u0442\u0440\u0430\u043d\u0438\u0446 - Lotos - \u0426\u0435\u043d\u0442\u0440 \u0445\u043e\u043b\u0456\u0441\u0442\u0438\u0447\u043d\u043e\u0457 \u043c\u0435\u0434\u0438\u0446\u0438\u043d\u0438 \u00ab\u041b\u043e\u0442\u043e\u0441\u00bb","isPartOf":{"@id":"https:\/\/lotos.center\/#website"},"datePublished":"2024-08-10T08:43:55+00:00","dateModified":"2024-08-10T08:43:56+00:00","breadcrumb":{"@id":"https:\/\/lotos.center\/shablon-stranicz\/#breadcrumb"},"inLanguage":"es","potentialAction":[{"@type":"ReadAction","target":["https:\/\/lotos.center\/shablon-stranicz\/"]}]},{"@type":"BreadcrumbList","@id":"https:\/\/lotos.center\/shablon-stranicz\/#breadcrumb","itemListElement":[{"@type":"ListItem","position":1,"name":"\u0413\u043b\u0430\u0432\u043d\u0430\u044f \u0441\u0442\u0440\u0430\u043d\u0438\u0446\u0430","item":"https:\/\/lotos.center\/"},{"@type":"ListItem","position":2,"name":"\u0428\u0430\u0431\u043b\u043e\u043d \u0441\u0442\u0440\u0430\u043d\u0438\u0446"}]},{"@type":"WebSite","@id":"https:\/\/lotos.center\/#website","url":"https:\/\/lotos.center\/","name":"Lotos - \u0426\u0435\u043d\u0442\u0440 \u0445\u043e\u043b\u0456\u0441\u0442\u0438\u0447\u043d\u043e\u0457 \u043c\u0435\u0434\u0438\u0446\u0438\u043d\u0438 \u00ab\u041b\u043e\u0442\u043e\u0441\u00bb","description":"\u0426\u0435\u043d\u0442\u0440 \u0445\u043e\u043b\u0456\u0441\u0442\u0438\u0447\u043d\u043e\u0457 \u043c\u0435\u0434\u0438\u0446\u0438\u043d\u0438 \u00ab\u041b\u043e\u0442\u043e\u0441\u00bb","potentialAction":[{"@type":"SearchAction","target":{"@type":"EntryPoint","urlTemplate":"https:\/\/lotos.center\/?s={search_term_string}"},"query-input":{"@type":"PropertyValueSpecification","valueRequired":true,"valueName":"search_term_string"}}],"inLanguage":"es"}]}},"_links":{"self":[{"href":"https:\/\/lotos.center\/es\/wp-json\/wp\/v2\/pages\/843","targetHints":{"allow":["GET"]}}],"collection":[{"href":"https:\/\/lotos.center\/es\/wp-json\/wp\/v2\/pages"}],"about":[{"href":"https:\/\/lotos.center\/es\/wp-json\/wp\/v2\/types\/page"}],"author":[{"embeddable":true,"href":"https:\/\/lotos.center\/es\/wp-json\/wp\/v2\/users\/1"}],"replies":[{"embeddable":true,"href":"https:\/\/lotos.center\/es\/wp-json\/wp\/v2\/comments?post=843"}],"version-history":[{"count":2,"href":"https:\/\/lotos.center\/es\/wp-json\/wp\/v2\/pages\/843\/revisions"}],"predecessor-version":[{"id":845,"href":"https:\/\/lotos.center\/es\/wp-json\/wp\/v2\/pages\/843\/revisions\/845"}],"wp:attachment":[{"href":"https:\/\/lotos.center\/es\/wp-json\/wp\/v2\/media?parent=843"}],"curies":[{"name":"wp","href":"https:\/\/api.w.org\/{rel}","templated":true}]}}