{"id":664,"date":"2024-07-08T18:30:30","date_gmt":"2024-07-08T15:30:30","guid":{"rendered":"https:\/\/lotos.center\/?p=664"},"modified":"2024-08-14T11:54:03","modified_gmt":"2024-08-14T08:54:03","slug":"dodatkovi-poslugi-v-ayurveda-czentri-lotos","status":"publish","type":"page","link":"https:\/\/lotos.center\/es\/dodatkovi-poslugi-in-ayurveda-czentri-lotos\/","title":{"rendered":"Servicios adicionales en el Centro Ayurveda Lotus"},"content":{"rendered":"<div id=\"tdi_1\" class=\"tdc-zone\"><div class=\"tdc_zone tdi_2  wpb_row td-pb-row\"  >\n<style scoped>\n\/* custom css - generated by TagDiv Composer *\/\n\n\/* custom css - generated by TagDiv Composer *\/\n\/* custom css - generated by TagDiv Composer *\/\n.tdi_2{\r\n                    min-height: 0;\r\n                }\n<\/style><div id=\"tdi_3\" class=\"tdc-row\"><div class=\"vc_row tdi_4  wpb_row td-pb-row\" >\n<style scoped>\n\/* custom css - generated by TagDiv Composer *\/\n\n\/* custom css - generated by TagDiv Composer *\/\n\/* custom css - generated by TagDiv Composer *\/\n.tdi_4,\r\n                .tdi_4 .tdc-columns{\r\n                    min-height: 0;\r\n                }.tdi_4,\r\n\t\t\t\t.tdi_4 .tdc-columns{\r\n\t\t\t\t    display: block;\r\n\t\t\t\t}.tdi_4 .tdc-columns{\r\n\t\t\t\t    width: 100%;\r\n\t\t\t\t}\n<\/style><div class=\"vc_column tdi_6  wpb_column vc_column_container tdc-column td-pb-span12\">\n<style scoped>\n\/* custom css - generated by TagDiv Composer *\/\n\n\/* custom css - generated by TagDiv Composer *\/\n\/* custom css - generated by TagDiv Composer *\/\n.tdi_6{\r\n                    vertical-align: baseline;\r\n                }.tdi_6 > .wpb_wrapper,\r\n\t\t\t\t.tdi_6 > .wpb_wrapper > .tdc-elements{\r\n\t\t\t\t    display: block;\r\n\t\t\t\t}.tdi_6 > .wpb_wrapper > .tdc-elements{\r\n\t\t\t\t    width: 100%;\r\n\t\t\t\t}.tdi_6 > .wpb_wrapper > .vc_row_inner{\r\n\t\t\t\t    width: auto;\r\n\t\t\t\t}.tdi_6 > .wpb_wrapper{\r\n\t\t\t\t    width: auto;\r\n\t\t\t\t    height: auto;\r\n\t\t\t\t}\n<\/style><div class=\"wpb_wrapper\" ><div class=\"wpb_wrapper td_block_empty_space td_block_wrap vc_empty_space tdi_8\"  style=\"height: 32px\"><\/div><\/div><\/div><\/div><\/div><div id=\"tdi_9\" class=\"tdc-row\"><div class=\"vc_row tdi_10  wpb_row td-pb-row\" >\n<style scoped>\n\/* custom css - generated by TagDiv Composer *\/\n\n\/* custom css - generated by TagDiv Composer *\/\n\/* custom css - generated by TagDiv Composer *\/\n.tdi_10,\r\n                .tdi_10 .tdc-columns{\r\n                    min-height: 0;\r\n                }.tdi_10,\r\n\t\t\t\t.tdi_10 .tdc-columns{\r\n\t\t\t\t    display: block;\r\n\t\t\t\t}.tdi_10 .tdc-columns{\r\n\t\t\t\t    width: 100%;\r\n\t\t\t\t}\n\n\/* phone *\/\n@media (max-width: 767px){\n\/* custom css - generated by TagDiv Composer *\/\n.tdi_10,\r\n\t\t\t\t.tdi_10 .tdc-columns{\r\n\t\t\t\t    display: flex;\r\n\t\t\t\t}.tdi_10 .tdc-columns{\r\n\t\t\t\t    width: 100%;\r\n\t\t\t\t}.tdi_10,\r\n\t\t\t\t.tdi_10 .tdc-columns{\r\n\t\t\t\t    flex-direction: column-reverse;\r\n\t\t\t\t\r\n\t\t\t\t    flex-wrap: nowrap;\r\n\t\t\t\t\r\n\t\t\t\t    justify-content: flex-start;\r\n\t\t\t\t\r\n\t\t\t\t    align-items: flex-start;\r\n\t\t\t\t}\n}\n<\/style><div class=\"vc_column tdi_12  wpb_column vc_column_container tdc-column td-pb-span6\">\n<style scoped>\n\/* custom css - generated by TagDiv Composer *\/\n\n\/* custom css - generated by TagDiv Composer *\/\n\/* custom css - generated by TagDiv Composer *\/\n.tdi_12{\r\n                    vertical-align: baseline;\r\n                }.tdi_12 > .wpb_wrapper,\r\n\t\t\t\t.tdi_12 > .wpb_wrapper > .tdc-elements{\r\n\t\t\t\t    display: block;\r\n\t\t\t\t}.tdi_12 > .wpb_wrapper > .tdc-elements{\r\n\t\t\t\t    width: 100%;\r\n\t\t\t\t}.tdi_12 > .wpb_wrapper > .vc_row_inner{\r\n\t\t\t\t    width: auto;\r\n\t\t\t\t}.tdi_12 > .wpb_wrapper{\r\n\t\t\t\t    width: auto;\r\n\t\t\t\t    height: auto;\r\n\t\t\t\t}\n<\/style><div class=\"wpb_wrapper\" ><div class=\"td_block_wrap td_block_text_with_title tdi_13 tagdiv-type td-pb-border-top td_block_template_1\"  data-td-block-uid=\"tdi_13\" >\n<style>\n\/* custom css - generated by TagDiv Composer *\/\n\/* custom css - generated by TagDiv Composer *\/\n.td_block_text_with_title{\r\n                  margin-bottom: 44px;\r\n                  -webkit-transform: translateZ(0);\r\n                  transform: translateZ(0);\r\n                }.td_block_text_with_title p:last-child{\r\n                  margin-bottom: 0;\r\n                }\n<\/style><div class=\"td-block-title-wrap\"><\/div><div class=\"td_mod_wrap td-fix-index\"><p>\ud83c\udf3f Vasti Mane es una terapia ayurv\u00e9dica especial para el tratamiento del cuello y la columna tor\u00e1cica. Se aplica aceite terap\u00e9utico caliente en la zona del cuello, que ayuda a aliviar la tensi\u00f3n muscular, mejorar la movilidad vertebral y reducir la inflamaci\u00f3n. <br \/>\ud83d\udcc5 Duraci\u00f3n: 15 minutos <br \/>\ud83d\udcb6 Coste: 22 euros<\/p>\n<p>\ud83c\udf3f Kati Vasti es un procedimiento destinado a tratar la regi\u00f3n lumbar. Se aplica aceite terap\u00e9utico caliente en la regi\u00f3n lumbar, lo que ayuda a aliviar el dolor, mejorar el funcionamiento de la columna vertebral y el sistema nervioso y reducir la inflamaci\u00f3n y la hinchaz\u00f3n.<br \/>\ud83d\udcc5 Duraci\u00f3n: 15 minutos <br \/>\ud83d\udcb6 Coste: 22 euros<\/p>\n<p>\ud83c\udf3f Uro Vasti es una terapia ayurv\u00e9dica para mantener la salud de los \u00f3rganos p\u00e9lvicos. Se aplica aceite terap\u00e9utico caliente en la zona p\u00e9lvica para ayudar a aliviar la tensi\u00f3n, mejorar la funci\u00f3n p\u00e9lvica y reducir la inflamaci\u00f3n. <br \/>\ud83d\udcc5 Duraci\u00f3n: 15 minutos <br \/>\ud83d\udcb6 Coste: 22 euros<\/p>\n<p>\ud83c\udf3f Janu Vasti es un procedimiento destinado a tratar y fortalecer las articulaciones de la rodilla, el hombro y el codo. Se aplica aceite terap\u00e9utico caliente en la zona articular para ayudar a aliviar la inflamaci\u00f3n, reducir el dolor y mejorar la movilidad articular. <br \/>\ud83d\udcc5 Duraci\u00f3n: 15 minutos <br \/>\ud83d\udcb6 Coste: 22 euros<\/p>\n<p>\ud83c\udf3f Hridaya Vasti es una terapia ayurv\u00e9dica para el tratamiento del pecho. Se aplica aceite terap\u00e9utico caliente en la zona entre los om\u00f3platos o encima del coraz\u00f3n, lo que ayuda a aliviar el estr\u00e9s, mejorar la funci\u00f3n cardiovascular y la salud en general. <br \/>\ud83d\udcc5 Duraci\u00f3n: 15 minutos <br \/>\ud83d\udcb6 Coste: 22 euros<\/p>\n<p>\u00a0<\/p>\n<\/div><\/div><\/div><\/div><div class=\"vc_column tdi_15  wpb_column vc_column_container tdc-column td-pb-span6\">\n<style scoped>\n\/* custom css - generated by TagDiv Composer *\/\n\n\/* custom css - generated by TagDiv Composer *\/\n\/* custom css - generated by TagDiv Composer *\/\n.tdi_15{\r\n                    vertical-align: baseline;\r\n                }.tdi_15 > .wpb_wrapper,\r\n\t\t\t\t.tdi_15 > .wpb_wrapper > .tdc-elements{\r\n\t\t\t\t    display: block;\r\n\t\t\t\t}.tdi_15 > .wpb_wrapper > .tdc-elements{\r\n\t\t\t\t    width: 100%;\r\n\t\t\t\t}.tdi_15 > .wpb_wrapper > .vc_row_inner{\r\n\t\t\t\t    width: auto;\r\n\t\t\t\t}.tdi_15 > .wpb_wrapper{\r\n\t\t\t\t    width: auto;\r\n\t\t\t\t    height: auto;\r\n\t\t\t\t}\n<\/style><div class=\"wpb_wrapper\" ><div class=\"tdm_block td_block_wrap tdm_block_inline_image tdi_16 td-animation-stack tdm-inline-block tdm-content-horiz-left td-pb-border-top td_block_template_1\"  data-td-block-uid=\"tdi_16\" >\n<style>\n\/* custom css - generated by TagDiv Composer *\/\n\/* custom css - generated by TagDiv Composer *\/\n.tdm_block.tdm_block_inline_image{\r\n                  position: relative;\r\n                  margin-bottom: 0;\r\n                  line-height: 0;\r\n                }.tdm_block.tdm_block_inline_image .tdm-inline-image-wrap{\r\n                  position: relative;\r\n                  display: inline-block;\r\n                }.tdm_block.tdm_block_inline_image .td-image-video-modal{\r\n                  cursor: pointer;\r\n                }.tdm_block.tdm_block_inline_image .tdm-caption{\r\n                  width: 100%;\r\n                  font-family: Verdana, BlinkMacSystemFont, -apple-system, \"Segoe UI\", Roboto, Oxygen, Ubuntu, Cantarell, \"Open Sans\", \"Helvetica Neue\", sans-serif;\r\n                  padding-top: 6px;\r\n                  padding-bottom: 6px;\r\n                  font-size: 12px;\r\n                  font-style: italic;\r\n                  font-weight: normal;\r\n                  line-height: 17px;\r\n                  color: #444;\r\n                }.tdm_block.tdm_block_inline_image.tdm-caption-over-image .tdm-caption{\r\n                  position: absolute;\r\n                  left: 0;\r\n                  bottom: 0;\r\n                  margin-top: 0;\r\n                  padding-left: 10px;\r\n                  padding-right: 10px;\r\n                  width: 100%;\r\n                  background: rgba(0, 0, 0, 0.7);\r\n                  color: #fff;\r\n                }.tdi_16 .tdm-inline-image-wrap:hover:before{\r\n                    opacity: 0;\r\n                }\n<\/style><div class=\"tdm-inline-image-wrap\" ><img loading=\"lazy\" decoding=\"async\" class=\"tdm-image td-fix-index td-lazy-img\" src=\"data:image\/png;base64,iVBORw0KGgoAAAANSUhEUgAABCwAAAJEAQMAAADnqyfeAAAAA1BMVEWurq51dlI4AAAAAXRSTlMmkutdmwAAAG9JREFUeNrswYEAAAAAgKD9qRepAgAAAAAAAAAAAAAAAAAAAAAAAAAAAAAAAAAAAAAAAAAAAAAAAAAAAAAAAAAAAAAAAAAAAAAAAAAAAADg9uCQAAAAAEDQ\/9fOsAAAAAAAAAAAAAAAAAAAAAAAsAox6wABwRHV3QAAAABJRU5ErkJggg==\" data-type=\"image_tag\" data-img-url=\"https:\/\/lotos.center\/wp-content\/uploads\/2024\/07\/cover-89158c4cb7af13b7c94e64abd3bc6e41.jpeg\"  title=\"cover-89158c4cb7af13b7c94e64abd3bc6e41\" width=\"600\" height=\"401\"><\/div><\/div><div class=\"td_block_wrap td_block_text_with_title tdi_17 tagdiv-type td-pb-border-top td_block_template_1\"  data-td-block-uid=\"tdi_17\" >\n<style>\n\/* custom css - generated by TagDiv Composer *\/\n\/* custom css - generated by TagDiv Composer *\/\n\n<\/style><div class=\"td-block-title-wrap\"><\/div><div class=\"td_mod_wrap td-fix-index\"><p>\ud83c\udf3f Kshiro Vasti es un procedimiento ayurv\u00e9dico \u00fanico durante el cual se aplica aceite terap\u00e9utico caliente en la zona de la sien. Esta terapia antiestr\u00e9s ayuda a aliviar el dolor, mejorar la funci\u00f3n del sistema nervioso y la salud en general. <br \/>\ud83d\udcc5 Duraci\u00f3n: 15 minutos <br \/>\ud83d\udcb6 Coste: 22 euros<\/p>\n<p>\ud83c\udf3f Svedana es un procedimiento de calentamiento con vapor en un fito-barril especial. Svedana ayuda a abrir los poros de la piel, mejorar la eliminaci\u00f3n de toxinas, aliviar la tensi\u00f3n y restaurar la energ\u00eda. Es una forma ideal de completar los procedimientos ayurv\u00e9dicos, potenciando el efecto del aceite medicinal, pero solo lo prescribe un especialista en ayurveda. <br \/>\ud83d\udcc5 Duraci\u00f3n: 7 minutos <br \/>\ud83d\udcb6 Coste: 22 euros<\/p>\n<p>Le invitamos a aprovechar nuestros servicios adicionales para alcanzar el m\u00e1ximo bienestar y armon\u00eda.<\/p>\n<\/div><\/div><div class=\"tdm_block td_block_wrap tdm_block_button tdi_18 tdm-block-button-inline tdm-content-horiz-left td-pb-border-top td_block_template_1\"  data-td-block-uid=\"tdi_18\"     >\n<style>\n\n\/* inline tdc_css att - generated by TagDiv Composer *\/\n\n.tdi_18{\nmargin-right:15px !important;\n}\n\n\/* phone *\/\n@media (max-width: 767px)\n{\n.tdi_18{\nmargin-right:5px !important;\nmargin-bottom:10px !important;\nmargin-left:5px !important;\njustify-content:center !important;\ntext-align:center !important;\ndisplay:block !important;\n}\n}\n\n\/* portrait *\/\n@media (min-width: 768px) and (max-width: 1018px)\n{\n.tdi_18{\nmargin-right:10px !important;\n}\n}\n\n<\/style>\n<style>\n\/* custom css - generated by TagDiv Composer *\/\n\/* custom css - generated by TagDiv Composer *\/\n.tdm_block.tdm_block_button{\r\n                  margin-bottom: 0;\r\n                }.tdm_block.tdm_block_button .tds-button{\r\n                  line-height: 0;\r\n                }.tdm_block.tdm_block_button.tdm-block-button-inline{\r\n                  display: inline-block;\r\n                }.tdm_block.tdm_block_button.tdm-block-button-full,\r\n                .tdm_block.tdm_block_button.tdm-block-button-full .tdm-btn{\r\n                  display: block;\r\n                }.tdi_18 .tdm-btn{\r\n                    height: auto;\r\n                    padding: 15px 28px;\r\n                }\n\n\/* portrait *\/\n@media (min-width: 768px) and (max-width: 1018px){\n\/* custom css - generated by TagDiv Composer *\/\n.tdi_18 .tdm-btn{\r\n                    height: auto;\r\n                    padding: 13px 25px;\r\n                }\n}\n<\/style>\n<style>\n\/* custom css - generated by TagDiv Composer *\/\n\/* custom css - generated by TagDiv Composer *\/\nbody .tdi_19{\r\n\t\t\t\t\tbackground: -webkit-linear-gradient(-120deg,#a96fe2,#8224e3);background: linear-gradient(-120deg,#a96fe2,#8224e3);\r\n\t\t\t\t}body .tdi_19:before{\r\n\t\t\t\t\tbackground-color: #444444;\r\n\t\t\t\t}.tdi_19 .tdm-btn-text,\r\n\t\t\t\t.tdi_19 i{\r\n\t\t\t\t\tcolor: #ffffff;\r\n\t\t\t\t}.tdi_19 svg{\r\n\t\t\t\t    fill: #ffffff;\r\n\t\t\t\t}.tdi_19 svg *{\r\n\t\t\t\t    fill: inherit;\r\n\t\t\t\t}body .tdi_19:hover .tdm-btn-text,\r\n\t\t\t\tbody .tdi_19:hover i{\r\n\t\t\t\t\tcolor: #ffffff;\r\n\t\t\t\t\r\n\t\t\t\t\t-webkit-text-fill-color: unset;\r\n\t\t\t\t\tbackground: transparent;\r\n\t\t\t\t\ttransition: none;\r\n\t\t\t\t}body .tdi_19:hover svg{\r\n\t\t\t\t    fill: #ffffff;\r\n\t\t\t\t}body .tdi_19:hover svg *{\r\n\t\t\t\t    fill: inherit;\r\n\t\t\t\t}.tdi_19{\r\n                    padding: 15px 28px;\r\n                    height: auto;\r\n                    line-height: 1;\r\n                \r\n\t\t\t\t\tfont-family:Open Sans !important;font-size:15px !important;line-height:1 !important;font-weight:500 !important;\r\n\t\t\t\t\r\n\t\t\t\t\theight: auto;\r\n\t\t\t\t}.tdi_19,\r\n\t\t\t\t.tdi_19:before{\r\n\t\t\t\t\tborder-radius: 50px;\r\n\t\t\t\t}\n\n\/* portrait *\/\n@media (min-width: 768px) and (max-width: 1018px){\n\/* custom css - generated by TagDiv Composer *\/\n.tdi_19{\r\n                    padding: 13px 25px;\r\n                    height: auto;\r\n                    line-height: 1;\r\n                }.tdi_19{\r\n\t\t\t\t\tfont-size:13px !important;\r\n\t\t\t\t}\n}\n\n\/* phone *\/\n@media (max-width: 767px){\n\/* custom css - generated by TagDiv Composer *\/\n.tdi_19{\r\n                    min-width: 100%;\r\n                }\n}\n<\/style><div class=\"tds-button td-fix-index\"><a \r\n                href=\"https:\/\/wa.me\/+34613731358?text=\" \r\n                 title=\"CONCERTAR UNA CITA\"\r\n                class=\"tds-button1 tdm-btn tdm-btn-md tdi_19\"  target=\"_blank\" ><span class=\"tdm-btn-text\">CONCERTAR UNA CITA<\/span><\/a><\/div><\/div><\/div><\/div><\/div><\/div><\/div><\/div>","protected":false},"excerpt":{"rendered":"","protected":false},"author":1,"featured_media":656,"parent":0,"menu_order":0,"comment_status":"open","ping_status":"open","template":"","meta":{"inline_featured_image":false,"two_page_speed":[],"footnotes":""},"class_list":["post-664","page","type-page","status-publish","has-post-thumbnail"],"yoast_head":"<!-- This site is optimized with the Yoast SEO Premium plugin v23.2 (Yoast SEO v23.8) - https:\/\/yoast.com\/wordpress\/plugins\/seo\/ -->\n<title>\u0414\u043e\u0434\u0430\u0442\u043a\u043e\u0432\u0456 \u043f\u043e\u0441\u043b\u0443\u0433\u0438 \u0432 \u0410\u044e\u0440\u0432\u0435\u0434\u0430 \u0446\u0435\u043d\u0442\u0440\u0456 \u00ab\u041b\u043e\u0442\u043e\u0441\u00bb - Lotos - \u0426\u0435\u043d\u0442\u0440 \u0445\u043e\u043b\u0456\u0441\u0442\u0438\u0447\u043d\u043e\u0457 \u043c\u0435\u0434\u0438\u0446\u0438\u043d\u0438 \u00ab\u041b\u043e\u0442\u043e\u0441\u00bb<\/title>\n<meta name=\"robots\" content=\"index, follow, max-snippet:-1, max-image-preview:large, max-video-preview:-1\" \/>\n<link rel=\"canonical\" href=\"https:\/\/lotos.center\/es\/dodatkovi-poslugi-in-ayurveda-czentri-lotos\/\" \/>\n<meta property=\"og:locale\" content=\"es_ES\" \/>\n<meta property=\"og:type\" content=\"article\" \/>\n<meta property=\"og:title\" content=\"\u0414\u043e\u0434\u0430\u0442\u043a\u043e\u0432\u0456 \u043f\u043e\u0441\u043b\u0443\u0433\u0438 \u0432 \u0410\u044e\u0440\u0432\u0435\u0434\u0430 \u0446\u0435\u043d\u0442\u0440\u0456 \u00ab\u041b\u043e\u0442\u043e\u0441\u00bb\" \/>\n<meta property=\"og:url\" content=\"https:\/\/lotos.center\/es\/dodatkovi-poslugi-in-ayurveda-czentri-lotos\/\" \/>\n<meta property=\"og:site_name\" content=\"Lotos - \u0426\u0435\u043d\u0442\u0440 \u0445\u043e\u043b\u0456\u0441\u0442\u0438\u0447\u043d\u043e\u0457 \u043c\u0435\u0434\u0438\u0446\u0438\u043d\u0438 \u00ab\u041b\u043e\u0442\u043e\u0441\u00bb\" \/>\n<meta property=\"article:modified_time\" content=\"2024-08-14T08:54:03+00:00\" \/>\n<meta property=\"og:image\" content=\"https:\/\/lotos.center\/wp-content\/uploads\/2024\/07\/cover-89158c4cb7af13b7c94e64abd3bc6e41.jpeg\" \/>\n\t<meta property=\"og:image:width\" content=\"600\" \/>\n\t<meta property=\"og:image:height\" content=\"401\" \/>\n\t<meta property=\"og:image:type\" content=\"image\/jpeg\" \/>\n<meta name=\"twitter:card\" content=\"summary_large_image\" \/>\n<meta name=\"twitter:label1\" content=\"Tiempo de lectura\" \/>\n\t<meta name=\"twitter:data1\" content=\"1 minuto\" \/>\n<script type=\"application\/ld+json\" class=\"yoast-schema-graph\">{\"@context\":\"https:\/\/schema.org\",\"@graph\":[{\"@type\":\"WebPage\",\"@id\":\"https:\/\/lotos.center\/dodatkovi-poslugi-v-ayurveda-czentri-lotos\/\",\"url\":\"https:\/\/lotos.center\/dodatkovi-poslugi-v-ayurveda-czentri-lotos\/\",\"name\":\"\u0414\u043e\u0434\u0430\u0442\u043a\u043e\u0432\u0456 \u043f\u043e\u0441\u043b\u0443\u0433\u0438 \u0432 \u0410\u044e\u0440\u0432\u0435\u0434\u0430 \u0446\u0435\u043d\u0442\u0440\u0456 \u00ab\u041b\u043e\u0442\u043e\u0441\u00bb - Lotos - \u0426\u0435\u043d\u0442\u0440 \u0445\u043e\u043b\u0456\u0441\u0442\u0438\u0447\u043d\u043e\u0457 \u043c\u0435\u0434\u0438\u0446\u0438\u043d\u0438 \u00ab\u041b\u043e\u0442\u043e\u0441\u00bb\",\"isPartOf\":{\"@id\":\"https:\/\/lotos.center\/#website\"},\"primaryImageOfPage\":{\"@id\":\"https:\/\/lotos.center\/dodatkovi-poslugi-v-ayurveda-czentri-lotos\/#primaryimage\"},\"image\":{\"@id\":\"https:\/\/lotos.center\/dodatkovi-poslugi-v-ayurveda-czentri-lotos\/#primaryimage\"},\"thumbnailUrl\":\"https:\/\/lotos.center\/wp-content\/uploads\/2024\/07\/cover-89158c4cb7af13b7c94e64abd3bc6e41.jpeg\",\"datePublished\":\"2024-07-08T15:30:30+00:00\",\"dateModified\":\"2024-08-14T08:54:03+00:00\",\"breadcrumb\":{\"@id\":\"https:\/\/lotos.center\/dodatkovi-poslugi-v-ayurveda-czentri-lotos\/#breadcrumb\"},\"inLanguage\":\"es\",\"potentialAction\":[{\"@type\":\"ReadAction\",\"target\":[\"https:\/\/lotos.center\/dodatkovi-poslugi-v-ayurveda-czentri-lotos\/\"]}]},{\"@type\":\"ImageObject\",\"inLanguage\":\"es\",\"@id\":\"https:\/\/lotos.center\/dodatkovi-poslugi-v-ayurveda-czentri-lotos\/#primaryimage\",\"url\":\"https:\/\/lotos.center\/wp-content\/uploads\/2024\/07\/cover-89158c4cb7af13b7c94e64abd3bc6e41.jpeg\",\"contentUrl\":\"https:\/\/lotos.center\/wp-content\/uploads\/2024\/07\/cover-89158c4cb7af13b7c94e64abd3bc6e41.jpeg\",\"width\":600,\"height\":401},{\"@type\":\"BreadcrumbList\",\"@id\":\"https:\/\/lotos.center\/dodatkovi-poslugi-v-ayurveda-czentri-lotos\/#breadcrumb\",\"itemListElement\":[{\"@type\":\"ListItem\",\"position\":1,\"name\":\"\u0413\u043b\u0430\u0432\u043d\u0430\u044f \u0441\u0442\u0440\u0430\u043d\u0438\u0446\u0430\",\"item\":\"https:\/\/lotos.center\/\"},{\"@type\":\"ListItem\",\"position\":2,\"name\":\"\u0414\u043e\u0434\u0430\u0442\u043a\u043e\u0432\u0456 \u043f\u043e\u0441\u043b\u0443\u0433\u0438 \u0432 \u0410\u044e\u0440\u0432\u0435\u0434\u0430 \u0446\u0435\u043d\u0442\u0440\u0456 \u00ab\u041b\u043e\u0442\u043e\u0441\u00bb\"}]},{\"@type\":\"WebSite\",\"@id\":\"https:\/\/lotos.center\/#website\",\"url\":\"https:\/\/lotos.center\/\",\"name\":\"Lotos - \u0426\u0435\u043d\u0442\u0440 \u0445\u043e\u043b\u0456\u0441\u0442\u0438\u0447\u043d\u043e\u0457 \u043c\u0435\u0434\u0438\u0446\u0438\u043d\u0438 \u00ab\u041b\u043e\u0442\u043e\u0441\u00bb\",\"description\":\"\u0426\u0435\u043d\u0442\u0440 \u0445\u043e\u043b\u0456\u0441\u0442\u0438\u0447\u043d\u043e\u0457 \u043c\u0435\u0434\u0438\u0446\u0438\u043d\u0438 \u00ab\u041b\u043e\u0442\u043e\u0441\u00bb\",\"potentialAction\":[{\"@type\":\"SearchAction\",\"target\":{\"@type\":\"EntryPoint\",\"urlTemplate\":\"https:\/\/lotos.center\/?s={search_term_string}\"},\"query-input\":{\"@type\":\"PropertyValueSpecification\",\"valueRequired\":true,\"valueName\":\"search_term_string\"}}],\"inLanguage\":\"es\"}]}<\/script>\n<!-- \/ Yoast SEO Premium plugin. -->","yoast_head_json":{"title":"\u0414\u043e\u0434\u0430\u0442\u043a\u043e\u0432\u0456 \u043f\u043e\u0441\u043b\u0443\u0433\u0438 \u0432 \u0410\u044e\u0440\u0432\u0435\u0434\u0430 \u0446\u0435\u043d\u0442\u0440\u0456 \u00ab\u041b\u043e\u0442\u043e\u0441\u00bb - Lotos - \u0426\u0435\u043d\u0442\u0440 \u0445\u043e\u043b\u0456\u0441\u0442\u0438\u0447\u043d\u043e\u0457 \u043c\u0435\u0434\u0438\u0446\u0438\u043d\u0438 \u00ab\u041b\u043e\u0442\u043e\u0441\u00bb","robots":{"index":"index","follow":"follow","max-snippet":"max-snippet:-1","max-image-preview":"max-image-preview:large","max-video-preview":"max-video-preview:-1"},"canonical":"https:\/\/lotos.center\/es\/dodatkovi-poslugi-in-ayurveda-czentri-lotos\/","og_locale":"es_ES","og_type":"article","og_title":"\u0414\u043e\u0434\u0430\u0442\u043a\u043e\u0432\u0456 \u043f\u043e\u0441\u043b\u0443\u0433\u0438 \u0432 \u0410\u044e\u0440\u0432\u0435\u0434\u0430 \u0446\u0435\u043d\u0442\u0440\u0456 \u00ab\u041b\u043e\u0442\u043e\u0441\u00bb","og_url":"https:\/\/lotos.center\/es\/dodatkovi-poslugi-in-ayurveda-czentri-lotos\/","og_site_name":"Lotos - \u0426\u0435\u043d\u0442\u0440 \u0445\u043e\u043b\u0456\u0441\u0442\u0438\u0447\u043d\u043e\u0457 \u043c\u0435\u0434\u0438\u0446\u0438\u043d\u0438 \u00ab\u041b\u043e\u0442\u043e\u0441\u00bb","article_modified_time":"2024-08-14T08:54:03+00:00","og_image":[{"width":600,"height":401,"url":"https:\/\/lotos.center\/wp-content\/uploads\/2024\/07\/cover-89158c4cb7af13b7c94e64abd3bc6e41.jpeg","type":"image\/jpeg"}],"twitter_card":"summary_large_image","twitter_misc":{"Tiempo de lectura":"1 minuto"},"schema":{"@context":"https:\/\/schema.org","@graph":[{"@type":"WebPage","@id":"https:\/\/lotos.center\/dodatkovi-poslugi-v-ayurveda-czentri-lotos\/","url":"https:\/\/lotos.center\/dodatkovi-poslugi-v-ayurveda-czentri-lotos\/","name":"\u0414\u043e\u0434\u0430\u0442\u043a\u043e\u0432\u0456 \u043f\u043e\u0441\u043b\u0443\u0433\u0438 \u0432 \u0410\u044e\u0440\u0432\u0435\u0434\u0430 \u0446\u0435\u043d\u0442\u0440\u0456 \u00ab\u041b\u043e\u0442\u043e\u0441\u00bb - Lotos - \u0426\u0435\u043d\u0442\u0440 \u0445\u043e\u043b\u0456\u0441\u0442\u0438\u0447\u043d\u043e\u0457 \u043c\u0435\u0434\u0438\u0446\u0438\u043d\u0438 \u00ab\u041b\u043e\u0442\u043e\u0441\u00bb","isPartOf":{"@id":"https:\/\/lotos.center\/#website"},"primaryImageOfPage":{"@id":"https:\/\/lotos.center\/dodatkovi-poslugi-v-ayurveda-czentri-lotos\/#primaryimage"},"image":{"@id":"https:\/\/lotos.center\/dodatkovi-poslugi-v-ayurveda-czentri-lotos\/#primaryimage"},"thumbnailUrl":"https:\/\/lotos.center\/wp-content\/uploads\/2024\/07\/cover-89158c4cb7af13b7c94e64abd3bc6e41.jpeg","datePublished":"2024-07-08T15:30:30+00:00","dateModified":"2024-08-14T08:54:03+00:00","breadcrumb":{"@id":"https:\/\/lotos.center\/dodatkovi-poslugi-v-ayurveda-czentri-lotos\/#breadcrumb"},"inLanguage":"es","potentialAction":[{"@type":"ReadAction","target":["https:\/\/lotos.center\/dodatkovi-poslugi-v-ayurveda-czentri-lotos\/"]}]},{"@type":"ImageObject","inLanguage":"es","@id":"https:\/\/lotos.center\/dodatkovi-poslugi-v-ayurveda-czentri-lotos\/#primaryimage","url":"https:\/\/lotos.center\/wp-content\/uploads\/2024\/07\/cover-89158c4cb7af13b7c94e64abd3bc6e41.jpeg","contentUrl":"https:\/\/lotos.center\/wp-content\/uploads\/2024\/07\/cover-89158c4cb7af13b7c94e64abd3bc6e41.jpeg","width":600,"height":401},{"@type":"BreadcrumbList","@id":"https:\/\/lotos.center\/dodatkovi-poslugi-v-ayurveda-czentri-lotos\/#breadcrumb","itemListElement":[{"@type":"ListItem","position":1,"name":"\u0413\u043b\u0430\u0432\u043d\u0430\u044f \u0441\u0442\u0440\u0430\u043d\u0438\u0446\u0430","item":"https:\/\/lotos.center\/"},{"@type":"ListItem","position":2,"name":"\u0414\u043e\u0434\u0430\u0442\u043a\u043e\u0432\u0456 \u043f\u043e\u0441\u043b\u0443\u0433\u0438 \u0432 \u0410\u044e\u0440\u0432\u0435\u0434\u0430 \u0446\u0435\u043d\u0442\u0440\u0456 \u00ab\u041b\u043e\u0442\u043e\u0441\u00bb"}]},{"@type":"WebSite","@id":"https:\/\/lotos.center\/#website","url":"https:\/\/lotos.center\/","name":"Lotos - \u0426\u0435\u043d\u0442\u0440 \u0445\u043e\u043b\u0456\u0441\u0442\u0438\u0447\u043d\u043e\u0457 \u043c\u0435\u0434\u0438\u0446\u0438\u043d\u0438 \u00ab\u041b\u043e\u0442\u043e\u0441\u00bb","description":"\u0426\u0435\u043d\u0442\u0440 \u0445\u043e\u043b\u0456\u0441\u0442\u0438\u0447\u043d\u043e\u0457 \u043c\u0435\u0434\u0438\u0446\u0438\u043d\u0438 \u00ab\u041b\u043e\u0442\u043e\u0441\u00bb","potentialAction":[{"@type":"SearchAction","target":{"@type":"EntryPoint","urlTemplate":"https:\/\/lotos.center\/?s={search_term_string}"},"query-input":{"@type":"PropertyValueSpecification","valueRequired":true,"valueName":"search_term_string"}}],"inLanguage":"es"}]}},"_links":{"self":[{"href":"https:\/\/lotos.center\/es\/wp-json\/wp\/v2\/pages\/664","targetHints":{"allow":["GET"]}}],"collection":[{"href":"https:\/\/lotos.center\/es\/wp-json\/wp\/v2\/pages"}],"about":[{"href":"https:\/\/lotos.center\/es\/wp-json\/wp\/v2\/types\/page"}],"author":[{"embeddable":true,"href":"https:\/\/lotos.center\/es\/wp-json\/wp\/v2\/users\/1"}],"replies":[{"embeddable":true,"href":"https:\/\/lotos.center\/es\/wp-json\/wp\/v2\/comments?post=664"}],"version-history":[{"count":4,"href":"https:\/\/lotos.center\/es\/wp-json\/wp\/v2\/pages\/664\/revisions"}],"predecessor-version":[{"id":1034,"href":"https:\/\/lotos.center\/es\/wp-json\/wp\/v2\/pages\/664\/revisions\/1034"}],"wp:featuredmedia":[{"embeddable":true,"href":"https:\/\/lotos.center\/es\/wp-json\/wp\/v2\/media\/656"}],"wp:attachment":[{"href":"https:\/\/lotos.center\/es\/wp-json\/wp\/v2\/media?parent=664"}],"curies":[{"name":"wp","href":"https:\/\/api.w.org\/{rel}","templated":true}]}}