{"id":639,"date":"2024-07-08T18:21:46","date_gmt":"2024-07-08T15:21:46","guid":{"rendered":"https:\/\/lotos.center\/?p=639"},"modified":"2024-08-10T10:46:57","modified_gmt":"2024-08-10T07:46:57","slug":"masazh-komirczevo%d1%97-zoni-v-ayurveda-czentri-lotos","status":"publish","type":"page","link":"https:\/\/lotos.center\/es\/masazh-komirczevo\u0457-zoni-v-ayurveda-czentri-lotos\/","title":{"rendered":"Masaje de la zona cervical-collar en el centro ayurv\u00e9dico \"Lotus\"."},"content":{"rendered":"<div id=\"tdi_1\" class=\"tdc-zone\"><div class=\"tdc_zone tdi_2  wpb_row td-pb-row\"  >\n<style scoped>\n\/* custom css - generated by TagDiv Composer *\/\n\n\/* custom css - generated by TagDiv Composer *\/\n\/* custom css - generated by TagDiv Composer *\/\n.tdi_2{\r\n                    min-height: 0;\r\n                }\n<\/style><div id=\"tdi_3\" class=\"tdc-row\"><div class=\"vc_row tdi_4  wpb_row td-pb-row\" >\n<style scoped>\n\/* custom css - generated by TagDiv Composer *\/\n\n\/* custom css - generated by TagDiv Composer *\/\n\/* custom css - generated by TagDiv Composer *\/\n.tdi_4,\r\n                .tdi_4 .tdc-columns{\r\n                    min-height: 0;\r\n                }.tdi_4,\r\n\t\t\t\t.tdi_4 .tdc-columns{\r\n\t\t\t\t    display: block;\r\n\t\t\t\t}.tdi_4 .tdc-columns{\r\n\t\t\t\t    width: 100%;\r\n\t\t\t\t}\n<\/style><div class=\"vc_column tdi_6  wpb_column vc_column_container tdc-column td-pb-span12\">\n<style scoped>\n\/* custom css - generated by TagDiv Composer *\/\n\n\/* custom css - generated by TagDiv Composer *\/\n\/* custom css - generated by TagDiv Composer *\/\n.tdi_6{\r\n                    vertical-align: baseline;\r\n                }.tdi_6 > .wpb_wrapper,\r\n\t\t\t\t.tdi_6 > .wpb_wrapper > .tdc-elements{\r\n\t\t\t\t    display: block;\r\n\t\t\t\t}.tdi_6 > .wpb_wrapper > .tdc-elements{\r\n\t\t\t\t    width: 100%;\r\n\t\t\t\t}.tdi_6 > .wpb_wrapper > .vc_row_inner{\r\n\t\t\t\t    width: auto;\r\n\t\t\t\t}.tdi_6 > .wpb_wrapper{\r\n\t\t\t\t    width: auto;\r\n\t\t\t\t    height: auto;\r\n\t\t\t\t}\n<\/style><div class=\"wpb_wrapper\" ><div class=\"td_block_wrap td_block_text_with_title tdi_7 tagdiv-type td-pb-border-top td_block_template_1\"  data-td-block-uid=\"tdi_7\" >\n<style>\n\/* custom css - generated by TagDiv Composer *\/\n\/* custom css - generated by TagDiv Composer *\/\n.td_block_text_with_title{\r\n                  margin-bottom: 44px;\r\n                  -webkit-transform: translateZ(0);\r\n                  transform: translateZ(0);\r\n                }.td_block_text_with_title p:last-child{\r\n                  margin-bottom: 0;\r\n                }\n<\/style><div class=\"td-block-title-wrap\"><\/div><div class=\"td_mod_wrap td-fix-index\"><h1>Masaje de la zona cervical-collar en el Centro Lotus Ayurveda<\/h1>\n<p>\u00a1\ud83c\udf3f Alivia tensiones y recupera la salud con un masaje en la zona cervical-cuello en el centro Lotus!<\/p>\n<p>El masaje de la zona cervicocuello es un procedimiento especializado destinado a aliviar la tensi\u00f3n muscular del cuello, los hombros y la parte superior de la espalda. Esta zona es especialmente sensible al estr\u00e9s y la tensi\u00f3n, lo que puede provocar dolores de cabeza, migra\u00f1as, hipertensi\u00f3n y otros s\u00edntomas desagradables.<\/p>\n<p><img loading=\"lazy\" decoding=\"async\" class=\"alignnone wp-image-816 size-large\" src=\"https:\/\/lotos.center\/wp-content\/uploads\/2024\/08\/photo_2024-08-08_16-23-39-768x1024.jpg\" alt=\"\" width=\"696\" height=\"928\" srcset=\"https:\/\/lotos.center\/wp-content\/uploads\/2024\/08\/photo_2024-08-08_16-23-39-768x1024.jpg 768w, https:\/\/lotos.center\/wp-content\/uploads\/2024\/08\/photo_2024-08-08_16-23-39-225x300.jpg 225w, https:\/\/lotos.center\/wp-content\/uploads\/2024\/08\/photo_2024-08-08_16-23-39-9x12.jpg 9w, https:\/\/lotos.center\/wp-content\/uploads\/2024\/08\/photo_2024-08-08_16-23-39-150x200.jpg 150w, https:\/\/lotos.center\/wp-content\/uploads\/2024\/08\/photo_2024-08-08_16-23-39-300x400.jpg 300w, https:\/\/lotos.center\/wp-content\/uploads\/2024\/08\/photo_2024-08-08_16-23-39-696x928.jpg 696w, https:\/\/lotos.center\/wp-content\/uploads\/2024\/08\/photo_2024-08-08_16-23-39.jpg 960w\" sizes=\"auto, (max-width: 696px) 100vw, 696px\" \/><\/p>\n<h2>\u00bfQu\u00e9 es un masaje con collar cervical?<\/h2>\n<p>El masaje cervicouterino es una t\u00e9cnica que trabaja los m\u00fasculos del cuello, los hombros y la parte superior de la espalda. El masaje se realiza mediante diversas t\u00e9cnicas, como amasamientos, caricias, presiones y estiramientos, para garantizar la m\u00e1xima relajaci\u00f3n y mejorar la circulaci\u00f3n sangu\u00ednea en la zona.<\/p>\n<h3>Beneficios del masaje en la zona cervical<\/h3>\n<ol>\n<li>\nAlivio de la tensi\u00f3n muscular<br \/>Este masaje ayuda a aliviar la tensi\u00f3n, relajar los m\u00fasculos y eliminar los espasmos musculares que pueden causar dolor de cuello y hombros.\n<\/li>\n<li>\nMejorar la circulaci\u00f3n sangu\u00ednea<br \/>El masaje ayuda a aumentar la circulaci\u00f3n sangu\u00ednea en la zona cervical-collar, lo que mejora el suministro de ox\u00edgeno y nutrientes a los m\u00fasculos y el cerebro, ayudando a reducir los dolores de cabeza y la fatiga.\n<\/li>\n<li>\nReducir los s\u00edntomas de la hipertensi\u00f3n<br \/>El masaje regular de esta zona puede ayudar a reducir los niveles de estr\u00e9s, lo que tiene un efecto positivo en la normalizaci\u00f3n de la tensi\u00f3n arterial.\n<\/li>\n<li>\nMayor movilidad y flexibilidad<br \/>El masaje de la zona cervical-collar ayuda a mejorar la movilidad del cuello y los hombros, reduciendo la rigidez y el agarrotamiento.\n<\/li>\n<\/ol>\n<h4>\u00bfC\u00f3mo es una sesi\u00f3n de masaje?<\/h4>\n<p>Una sesi\u00f3n de masaje con collar cervical suele durar unos 30 minutos, pero puede adaptarse a sus necesidades y deseos. Nuestros experimentados especialistas crean un ambiente confortable que le permite relajarse por completo y sacar el m\u00e1ximo partido del procedimiento.<\/p>\n<h4>\u00bfPor qu\u00e9 elegir un masaje de la zona cervical-collar en el Centro Lotus?<\/h4>\n<ul>\n<li>Masajistas profesionales: Nuestros especialistas tienen muchos a\u00f1os de experiencia y utilizan las mejores t\u00e9cnicas para lograr resultados \u00f3ptimos.<\/li>\n<li>Enfoque individual: Tenemos en cuenta sus necesidades individuales para garantizarle el masaje m\u00e1s eficaz posible.<\/li>\n<li>Ambiente acogedor: El Centro Lotus re\u00fane todas las condiciones para su c\u00f3modo descanso y recuperaci\u00f3n.<\/li>\n<\/ul>\n<hr \/>\n<p>Concierte hoy mismo una cita para un masaje de la zona cervical-cuello en el Centro Lotus Ayurveda.<br \/>\ud83d\udcde N\u00famero de tel\u00e9fono para reservas: +34 686 076 155<br \/>\ud83d\udccd Direcci\u00f3n: Benalm\u00e1dena, M\u00e1laga, Arroyo de la Miel, urb. Plaza Mayor local, 46<\/p>\n<p>\u00a1\u00a1\u00a1\u00a1Reg\u00e1lese salud y bienestar con nuestros masajes profesionales!!!!<\/p>\n<\/div><\/div><\/div><\/div><\/div><\/div><\/div><\/div>","protected":false},"excerpt":{"rendered":"","protected":false},"author":1,"featured_media":626,"parent":0,"menu_order":0,"comment_status":"open","ping_status":"open","template":"","meta":{"inline_featured_image":false,"two_page_speed":[],"footnotes":""},"class_list":["post-639","page","type-page","status-publish","has-post-thumbnail"],"yoast_head":"<!-- This site is optimized with the Yoast SEO Premium plugin v23.2 (Yoast SEO v23.8) - https:\/\/yoast.com\/wordpress\/plugins\/seo\/ -->\n<title>\u041c\u0430\u0441\u0430\u0436 \u0448\u0438\u0439\u043d\u043e-\u043a\u043e\u043c\u0456\u0440\u0446\u0435\u0432\u043e\u0457 \u0437\u043e\u043d\u0438 \u0432 \u0410\u044e\u0440\u0432\u0435\u0434\u0430 \u0446\u0435\u043d\u0442\u0440\u0456 \u00ab\u041b\u043e\u0442\u043e\u0441\u00bb - Lotos - \u0426\u0435\u043d\u0442\u0440 \u0445\u043e\u043b\u0456\u0441\u0442\u0438\u0447\u043d\u043e\u0457 \u043c\u0435\u0434\u0438\u0446\u0438\u043d\u0438 \u00ab\u041b\u043e\u0442\u043e\u0441\u00bb<\/title>\n<meta name=\"description\" content=\"\u0417\u0430\u043f\u0438\u0448\u0456\u0442\u044c\u0441\u044f \u043d\u0430 \u0448\u0438\u0439\u043d\u043e-\u043a\u043e\u043c\u0456\u0440\u0446\u0435\u0432\u0438\u0439 \u043c\u0430\u0441\u0430\u0436 \u0432 \u0430\u044e\u0440\u0432\u0435\u0434\u0430 \u0446\u0435\u043d\u0442\u0440\u0456 \u00ab\u041b\u043e\u0442\u043e\u0441\u00bb \u0456 \u0437\u043d\u0456\u043c\u0456\u0442\u044c \u043d\u0430\u043f\u0440\u0443\u0433\u0443, \u043f\u043e\u043a\u0440\u0430\u0449\u0456\u0442\u044c \u043a\u0440\u043e\u0432\u043e\u043e\u0431\u0456\u0433 \u0442\u0430 \u0437\u043c\u0435\u043d\u0448\u0456\u0442\u044c \u0441\u0438\u043c\u043f\u0442\u043e\u043c\u0438 \u0441\u0442\u0440\u0435\u0441\u0443.\" \/>\n<meta name=\"robots\" content=\"index, follow, max-snippet:-1, max-image-preview:large, max-video-preview:-1\" \/>\n<link rel=\"canonical\" href=\"https:\/\/lotos.center\/es\/masazh-komirczevo\u0457-zoni-v-ayurveda-czentri-lotos\/\" \/>\n<meta property=\"og:locale\" content=\"es_ES\" \/>\n<meta property=\"og:type\" content=\"article\" \/>\n<meta property=\"og:title\" content=\"\u041c\u0430\u0441\u0430\u0436 \u0448\u0438\u0439\u043d\u043e-\u043a\u043e\u043c\u0456\u0440\u0446\u0435\u0432\u043e\u0457 \u0437\u043e\u043d\u0438 \u0432 \u0410\u044e\u0440\u0432\u0435\u0434\u0430 \u0446\u0435\u043d\u0442\u0440\u0456 \u00ab\u041b\u043e\u0442\u043e\u0441\u00bb\" \/>\n<meta property=\"og:description\" content=\"\u0417\u0430\u043f\u0438\u0448\u0456\u0442\u044c\u0441\u044f \u043d\u0430 \u0448\u0438\u0439\u043d\u043e-\u043a\u043e\u043c\u0456\u0440\u0446\u0435\u0432\u0438\u0439 \u043c\u0430\u0441\u0430\u0436 \u0432 \u0430\u044e\u0440\u0432\u0435\u0434\u0430 \u0446\u0435\u043d\u0442\u0440\u0456 \u00ab\u041b\u043e\u0442\u043e\u0441\u00bb \u0456 \u0437\u043d\u0456\u043c\u0456\u0442\u044c \u043d\u0430\u043f\u0440\u0443\u0433\u0443, \u043f\u043e\u043a\u0440\u0430\u0449\u0456\u0442\u044c \u043a\u0440\u043e\u0432\u043e\u043e\u0431\u0456\u0433 \u0442\u0430 \u0437\u043c\u0435\u043d\u0448\u0456\u0442\u044c \u0441\u0438\u043c\u043f\u0442\u043e\u043c\u0438 \u0441\u0442\u0440\u0435\u0441\u0443.\" \/>\n<meta property=\"og:url\" content=\"https:\/\/lotos.center\/es\/masazh-komirczevo\u0457-zoni-v-ayurveda-czentri-lotos\/\" \/>\n<meta property=\"og:site_name\" content=\"Lotos - \u0426\u0435\u043d\u0442\u0440 \u0445\u043e\u043b\u0456\u0441\u0442\u0438\u0447\u043d\u043e\u0457 \u043c\u0435\u0434\u0438\u0446\u0438\u043d\u0438 \u00ab\u041b\u043e\u0442\u043e\u0441\u00bb\" \/>\n<meta property=\"article:modified_time\" content=\"2024-08-10T07:46:57+00:00\" \/>\n<meta property=\"og:image\" content=\"https:\/\/lotos.center\/wp-content\/uploads\/2024\/07\/massazh-vorotnikovoj-zony.jpg.pagespeed.ce_.kocmxra9sc.jpg\" \/>\n\t<meta property=\"og:image:width\" content=\"800\" \/>\n\t<meta property=\"og:image:height\" content=\"485\" \/>\n\t<meta property=\"og:image:type\" content=\"image\/jpeg\" \/>\n<meta name=\"twitter:card\" content=\"summary_large_image\" \/>\n<meta name=\"twitter:label1\" content=\"Tiempo de lectura\" \/>\n\t<meta name=\"twitter:data1\" content=\"3 minutos\" \/>\n<script type=\"application\/ld+json\" class=\"yoast-schema-graph\">{\"@context\":\"https:\/\/schema.org\",\"@graph\":[{\"@type\":\"WebPage\",\"@id\":\"https:\/\/lotos.center\/masazh-komirczevo%d1%97-zoni-v-ayurveda-czentri-lotos\/\",\"url\":\"https:\/\/lotos.center\/masazh-komirczevo%d1%97-zoni-v-ayurveda-czentri-lotos\/\",\"name\":\"\u041c\u0430\u0441\u0430\u0436 \u0448\u0438\u0439\u043d\u043e-\u043a\u043e\u043c\u0456\u0440\u0446\u0435\u0432\u043e\u0457 \u0437\u043e\u043d\u0438 \u0432 \u0410\u044e\u0440\u0432\u0435\u0434\u0430 \u0446\u0435\u043d\u0442\u0440\u0456 \u00ab\u041b\u043e\u0442\u043e\u0441\u00bb - Lotos - \u0426\u0435\u043d\u0442\u0440 \u0445\u043e\u043b\u0456\u0441\u0442\u0438\u0447\u043d\u043e\u0457 \u043c\u0435\u0434\u0438\u0446\u0438\u043d\u0438 \u00ab\u041b\u043e\u0442\u043e\u0441\u00bb\",\"isPartOf\":{\"@id\":\"https:\/\/lotos.center\/#website\"},\"primaryImageOfPage\":{\"@id\":\"https:\/\/lotos.center\/masazh-komirczevo%d1%97-zoni-v-ayurveda-czentri-lotos\/#primaryimage\"},\"image\":{\"@id\":\"https:\/\/lotos.center\/masazh-komirczevo%d1%97-zoni-v-ayurveda-czentri-lotos\/#primaryimage\"},\"thumbnailUrl\":\"https:\/\/lotos.center\/wp-content\/uploads\/2024\/07\/massazh-vorotnikovoj-zony.jpg.pagespeed.ce_.kocmxra9sc.jpg\",\"datePublished\":\"2024-07-08T15:21:46+00:00\",\"dateModified\":\"2024-08-10T07:46:57+00:00\",\"description\":\"\u0417\u0430\u043f\u0438\u0448\u0456\u0442\u044c\u0441\u044f \u043d\u0430 \u0448\u0438\u0439\u043d\u043e-\u043a\u043e\u043c\u0456\u0440\u0446\u0435\u0432\u0438\u0439 \u043c\u0430\u0441\u0430\u0436 \u0432 \u0430\u044e\u0440\u0432\u0435\u0434\u0430 \u0446\u0435\u043d\u0442\u0440\u0456 \u00ab\u041b\u043e\u0442\u043e\u0441\u00bb \u0456 \u0437\u043d\u0456\u043c\u0456\u0442\u044c \u043d\u0430\u043f\u0440\u0443\u0433\u0443, \u043f\u043e\u043a\u0440\u0430\u0449\u0456\u0442\u044c \u043a\u0440\u043e\u0432\u043e\u043e\u0431\u0456\u0433 \u0442\u0430 \u0437\u043c\u0435\u043d\u0448\u0456\u0442\u044c \u0441\u0438\u043c\u043f\u0442\u043e\u043c\u0438 \u0441\u0442\u0440\u0435\u0441\u0443.\",\"breadcrumb\":{\"@id\":\"https:\/\/lotos.center\/masazh-komirczevo%d1%97-zoni-v-ayurveda-czentri-lotos\/#breadcrumb\"},\"inLanguage\":\"es\",\"potentialAction\":[{\"@type\":\"ReadAction\",\"target\":[\"https:\/\/lotos.center\/masazh-komirczevo%d1%97-zoni-v-ayurveda-czentri-lotos\/\"]}]},{\"@type\":\"ImageObject\",\"inLanguage\":\"es\",\"@id\":\"https:\/\/lotos.center\/masazh-komirczevo%d1%97-zoni-v-ayurveda-czentri-lotos\/#primaryimage\",\"url\":\"https:\/\/lotos.center\/wp-content\/uploads\/2024\/07\/massazh-vorotnikovoj-zony.jpg.pagespeed.ce_.kocmxra9sc.jpg\",\"contentUrl\":\"https:\/\/lotos.center\/wp-content\/uploads\/2024\/07\/massazh-vorotnikovoj-zony.jpg.pagespeed.ce_.kocmxra9sc.jpg\",\"width\":800,\"height\":485},{\"@type\":\"BreadcrumbList\",\"@id\":\"https:\/\/lotos.center\/masazh-komirczevo%d1%97-zoni-v-ayurveda-czentri-lotos\/#breadcrumb\",\"itemListElement\":[{\"@type\":\"ListItem\",\"position\":1,\"name\":\"\u0413\u043b\u0430\u0432\u043d\u0430\u044f \u0441\u0442\u0440\u0430\u043d\u0438\u0446\u0430\",\"item\":\"https:\/\/lotos.center\/\"},{\"@type\":\"ListItem\",\"position\":2,\"name\":\"\u041c\u0430\u0441\u0430\u0436 \u0448\u0438\u0439\u043d\u043e-\u043a\u043e\u043c\u0456\u0440\u0446\u0435\u0432\u043e\u0457 \u0437\u043e\u043d\u0438 \u0432 \u0410\u044e\u0440\u0432\u0435\u0434\u0430 \u0446\u0435\u043d\u0442\u0440\u0456 \u00ab\u041b\u043e\u0442\u043e\u0441\u00bb\"}]},{\"@type\":\"WebSite\",\"@id\":\"https:\/\/lotos.center\/#website\",\"url\":\"https:\/\/lotos.center\/\",\"name\":\"Lotos - \u0426\u0435\u043d\u0442\u0440 \u0445\u043e\u043b\u0456\u0441\u0442\u0438\u0447\u043d\u043e\u0457 \u043c\u0435\u0434\u0438\u0446\u0438\u043d\u0438 \u00ab\u041b\u043e\u0442\u043e\u0441\u00bb\",\"description\":\"\u0426\u0435\u043d\u0442\u0440 \u0445\u043e\u043b\u0456\u0441\u0442\u0438\u0447\u043d\u043e\u0457 \u043c\u0435\u0434\u0438\u0446\u0438\u043d\u0438 \u00ab\u041b\u043e\u0442\u043e\u0441\u00bb\",\"potentialAction\":[{\"@type\":\"SearchAction\",\"target\":{\"@type\":\"EntryPoint\",\"urlTemplate\":\"https:\/\/lotos.center\/?s={search_term_string}\"},\"query-input\":{\"@type\":\"PropertyValueSpecification\",\"valueRequired\":true,\"valueName\":\"search_term_string\"}}],\"inLanguage\":\"es\"}]}<\/script>\n<!-- \/ Yoast SEO Premium plugin. -->","yoast_head_json":{"title":"\u041c\u0430\u0441\u0430\u0436 \u0448\u0438\u0439\u043d\u043e-\u043a\u043e\u043c\u0456\u0440\u0446\u0435\u0432\u043e\u0457 \u0437\u043e\u043d\u0438 \u0432 \u0410\u044e\u0440\u0432\u0435\u0434\u0430 \u0446\u0435\u043d\u0442\u0440\u0456 \u00ab\u041b\u043e\u0442\u043e\u0441\u00bb - Lotos - \u0426\u0435\u043d\u0442\u0440 \u0445\u043e\u043b\u0456\u0441\u0442\u0438\u0447\u043d\u043e\u0457 \u043c\u0435\u0434\u0438\u0446\u0438\u043d\u0438 \u00ab\u041b\u043e\u0442\u043e\u0441\u00bb","description":"\u0417\u0430\u043f\u0438\u0448\u0456\u0442\u044c\u0441\u044f \u043d\u0430 \u0448\u0438\u0439\u043d\u043e-\u043a\u043e\u043c\u0456\u0440\u0446\u0435\u0432\u0438\u0439 \u043c\u0430\u0441\u0430\u0436 \u0432 \u0430\u044e\u0440\u0432\u0435\u0434\u0430 \u0446\u0435\u043d\u0442\u0440\u0456 \u00ab\u041b\u043e\u0442\u043e\u0441\u00bb \u0456 \u0437\u043d\u0456\u043c\u0456\u0442\u044c \u043d\u0430\u043f\u0440\u0443\u0433\u0443, \u043f\u043e\u043a\u0440\u0430\u0449\u0456\u0442\u044c \u043a\u0440\u043e\u0432\u043e\u043e\u0431\u0456\u0433 \u0442\u0430 \u0437\u043c\u0435\u043d\u0448\u0456\u0442\u044c \u0441\u0438\u043c\u043f\u0442\u043e\u043c\u0438 \u0441\u0442\u0440\u0435\u0441\u0443.","robots":{"index":"index","follow":"follow","max-snippet":"max-snippet:-1","max-image-preview":"max-image-preview:large","max-video-preview":"max-video-preview:-1"},"canonical":"https:\/\/lotos.center\/es\/masazh-komirczevo\u0457-zoni-v-ayurveda-czentri-lotos\/","og_locale":"es_ES","og_type":"article","og_title":"\u041c\u0430\u0441\u0430\u0436 \u0448\u0438\u0439\u043d\u043e-\u043a\u043e\u043c\u0456\u0440\u0446\u0435\u0432\u043e\u0457 \u0437\u043e\u043d\u0438 \u0432 \u0410\u044e\u0440\u0432\u0435\u0434\u0430 \u0446\u0435\u043d\u0442\u0440\u0456 \u00ab\u041b\u043e\u0442\u043e\u0441\u00bb","og_description":"\u0417\u0430\u043f\u0438\u0448\u0456\u0442\u044c\u0441\u044f \u043d\u0430 \u0448\u0438\u0439\u043d\u043e-\u043a\u043e\u043c\u0456\u0440\u0446\u0435\u0432\u0438\u0439 \u043c\u0430\u0441\u0430\u0436 \u0432 \u0430\u044e\u0440\u0432\u0435\u0434\u0430 \u0446\u0435\u043d\u0442\u0440\u0456 \u00ab\u041b\u043e\u0442\u043e\u0441\u00bb \u0456 \u0437\u043d\u0456\u043c\u0456\u0442\u044c \u043d\u0430\u043f\u0440\u0443\u0433\u0443, \u043f\u043e\u043a\u0440\u0430\u0449\u0456\u0442\u044c \u043a\u0440\u043e\u0432\u043e\u043e\u0431\u0456\u0433 \u0442\u0430 \u0437\u043c\u0435\u043d\u0448\u0456\u0442\u044c \u0441\u0438\u043c\u043f\u0442\u043e\u043c\u0438 \u0441\u0442\u0440\u0435\u0441\u0443.","og_url":"https:\/\/lotos.center\/es\/masazh-komirczevo\u0457-zoni-v-ayurveda-czentri-lotos\/","og_site_name":"Lotos - \u0426\u0435\u043d\u0442\u0440 \u0445\u043e\u043b\u0456\u0441\u0442\u0438\u0447\u043d\u043e\u0457 \u043c\u0435\u0434\u0438\u0446\u0438\u043d\u0438 \u00ab\u041b\u043e\u0442\u043e\u0441\u00bb","article_modified_time":"2024-08-10T07:46:57+00:00","og_image":[{"width":800,"height":485,"url":"https:\/\/lotos.center\/wp-content\/uploads\/2024\/07\/massazh-vorotnikovoj-zony.jpg.pagespeed.ce_.kocmxra9sc.jpg","type":"image\/jpeg"}],"twitter_card":"summary_large_image","twitter_misc":{"Tiempo de lectura":"3 minutos"},"schema":{"@context":"https:\/\/schema.org","@graph":[{"@type":"WebPage","@id":"https:\/\/lotos.center\/masazh-komirczevo%d1%97-zoni-v-ayurveda-czentri-lotos\/","url":"https:\/\/lotos.center\/masazh-komirczevo%d1%97-zoni-v-ayurveda-czentri-lotos\/","name":"\u041c\u0430\u0441\u0430\u0436 \u0448\u0438\u0439\u043d\u043e-\u043a\u043e\u043c\u0456\u0440\u0446\u0435\u0432\u043e\u0457 \u0437\u043e\u043d\u0438 \u0432 \u0410\u044e\u0440\u0432\u0435\u0434\u0430 \u0446\u0435\u043d\u0442\u0440\u0456 \u00ab\u041b\u043e\u0442\u043e\u0441\u00bb - Lotos - \u0426\u0435\u043d\u0442\u0440 \u0445\u043e\u043b\u0456\u0441\u0442\u0438\u0447\u043d\u043e\u0457 \u043c\u0435\u0434\u0438\u0446\u0438\u043d\u0438 \u00ab\u041b\u043e\u0442\u043e\u0441\u00bb","isPartOf":{"@id":"https:\/\/lotos.center\/#website"},"primaryImageOfPage":{"@id":"https:\/\/lotos.center\/masazh-komirczevo%d1%97-zoni-v-ayurveda-czentri-lotos\/#primaryimage"},"image":{"@id":"https:\/\/lotos.center\/masazh-komirczevo%d1%97-zoni-v-ayurveda-czentri-lotos\/#primaryimage"},"thumbnailUrl":"https:\/\/lotos.center\/wp-content\/uploads\/2024\/07\/massazh-vorotnikovoj-zony.jpg.pagespeed.ce_.kocmxra9sc.jpg","datePublished":"2024-07-08T15:21:46+00:00","dateModified":"2024-08-10T07:46:57+00:00","description":"\u0417\u0430\u043f\u0438\u0448\u0456\u0442\u044c\u0441\u044f \u043d\u0430 \u0448\u0438\u0439\u043d\u043e-\u043a\u043e\u043c\u0456\u0440\u0446\u0435\u0432\u0438\u0439 \u043c\u0430\u0441\u0430\u0436 \u0432 \u0430\u044e\u0440\u0432\u0435\u0434\u0430 \u0446\u0435\u043d\u0442\u0440\u0456 \u00ab\u041b\u043e\u0442\u043e\u0441\u00bb \u0456 \u0437\u043d\u0456\u043c\u0456\u0442\u044c \u043d\u0430\u043f\u0440\u0443\u0433\u0443, \u043f\u043e\u043a\u0440\u0430\u0449\u0456\u0442\u044c \u043a\u0440\u043e\u0432\u043e\u043e\u0431\u0456\u0433 \u0442\u0430 \u0437\u043c\u0435\u043d\u0448\u0456\u0442\u044c \u0441\u0438\u043c\u043f\u0442\u043e\u043c\u0438 \u0441\u0442\u0440\u0435\u0441\u0443.","breadcrumb":{"@id":"https:\/\/lotos.center\/masazh-komirczevo%d1%97-zoni-v-ayurveda-czentri-lotos\/#breadcrumb"},"inLanguage":"es","potentialAction":[{"@type":"ReadAction","target":["https:\/\/lotos.center\/masazh-komirczevo%d1%97-zoni-v-ayurveda-czentri-lotos\/"]}]},{"@type":"ImageObject","inLanguage":"es","@id":"https:\/\/lotos.center\/masazh-komirczevo%d1%97-zoni-v-ayurveda-czentri-lotos\/#primaryimage","url":"https:\/\/lotos.center\/wp-content\/uploads\/2024\/07\/massazh-vorotnikovoj-zony.jpg.pagespeed.ce_.kocmxra9sc.jpg","contentUrl":"https:\/\/lotos.center\/wp-content\/uploads\/2024\/07\/massazh-vorotnikovoj-zony.jpg.pagespeed.ce_.kocmxra9sc.jpg","width":800,"height":485},{"@type":"BreadcrumbList","@id":"https:\/\/lotos.center\/masazh-komirczevo%d1%97-zoni-v-ayurveda-czentri-lotos\/#breadcrumb","itemListElement":[{"@type":"ListItem","position":1,"name":"\u0413\u043b\u0430\u0432\u043d\u0430\u044f \u0441\u0442\u0440\u0430\u043d\u0438\u0446\u0430","item":"https:\/\/lotos.center\/"},{"@type":"ListItem","position":2,"name":"\u041c\u0430\u0441\u0430\u0436 \u0448\u0438\u0439\u043d\u043e-\u043a\u043e\u043c\u0456\u0440\u0446\u0435\u0432\u043e\u0457 \u0437\u043e\u043d\u0438 \u0432 \u0410\u044e\u0440\u0432\u0435\u0434\u0430 \u0446\u0435\u043d\u0442\u0440\u0456 \u00ab\u041b\u043e\u0442\u043e\u0441\u00bb"}]},{"@type":"WebSite","@id":"https:\/\/lotos.center\/#website","url":"https:\/\/lotos.center\/","name":"Lotos - \u0426\u0435\u043d\u0442\u0440 \u0445\u043e\u043b\u0456\u0441\u0442\u0438\u0447\u043d\u043e\u0457 \u043c\u0435\u0434\u0438\u0446\u0438\u043d\u0438 \u00ab\u041b\u043e\u0442\u043e\u0441\u00bb","description":"\u0426\u0435\u043d\u0442\u0440 \u0445\u043e\u043b\u0456\u0441\u0442\u0438\u0447\u043d\u043e\u0457 \u043c\u0435\u0434\u0438\u0446\u0438\u043d\u0438 \u00ab\u041b\u043e\u0442\u043e\u0441\u00bb","potentialAction":[{"@type":"SearchAction","target":{"@type":"EntryPoint","urlTemplate":"https:\/\/lotos.center\/?s={search_term_string}"},"query-input":{"@type":"PropertyValueSpecification","valueRequired":true,"valueName":"search_term_string"}}],"inLanguage":"es"}]}},"_links":{"self":[{"href":"https:\/\/lotos.center\/es\/wp-json\/wp\/v2\/pages\/639","targetHints":{"allow":["GET"]}}],"collection":[{"href":"https:\/\/lotos.center\/es\/wp-json\/wp\/v2\/pages"}],"about":[{"href":"https:\/\/lotos.center\/es\/wp-json\/wp\/v2\/types\/page"}],"author":[{"embeddable":true,"href":"https:\/\/lotos.center\/es\/wp-json\/wp\/v2\/users\/1"}],"replies":[{"embeddable":true,"href":"https:\/\/lotos.center\/es\/wp-json\/wp\/v2\/comments?post=639"}],"version-history":[{"count":8,"href":"https:\/\/lotos.center\/es\/wp-json\/wp\/v2\/pages\/639\/revisions"}],"predecessor-version":[{"id":817,"href":"https:\/\/lotos.center\/es\/wp-json\/wp\/v2\/pages\/639\/revisions\/817"}],"wp:featuredmedia":[{"embeddable":true,"href":"https:\/\/lotos.center\/es\/wp-json\/wp\/v2\/media\/626"}],"wp:attachment":[{"href":"https:\/\/lotos.center\/es\/wp-json\/wp\/v2\/media?parent=639"}],"curies":[{"name":"wp","href":"https:\/\/api.w.org\/{rel}","templated":true}]}}