{"id":610,"date":"2024-07-08T12:37:39","date_gmt":"2024-07-08T09:37:39","guid":{"rendered":"https:\/\/lotos.center\/?p=610"},"modified":"2024-08-09T18:14:19","modified_gmt":"2024-08-09T15:14:19","slug":"osteopatichna-korekcziya-v-ayurveda-czentri-lotos","status":"publish","type":"page","link":"https:\/\/lotos.center\/es\/korekcziya-osteopatica-en-ayurveda-czentri-lotos\/","title":{"rendered":"\u00a1Correcci\u00f3n osteop\u00e1tica en el Centro Lotus Ayurveda!"},"content":{"rendered":"<div id=\"tdi_1\" class=\"tdc-zone\"><div class=\"tdc_zone tdi_2  wpb_row td-pb-row\"  >\n<style scoped>\n\/* custom css - generated by TagDiv Composer *\/\n\n\/* custom css - generated by TagDiv Composer *\/\n\/* custom css - generated by TagDiv Composer *\/\n.tdi_2{\r\n                    min-height: 0;\r\n                }\n<\/style><div id=\"tdi_3\" class=\"tdc-row\"><div class=\"vc_row tdi_4  wpb_row td-pb-row\" >\n<style scoped>\n\/* custom css - generated by TagDiv Composer *\/\n\n\/* custom css - generated by TagDiv Composer *\/\n\/* custom css - generated by TagDiv Composer *\/\n.tdi_4,\r\n                .tdi_4 .tdc-columns{\r\n                    min-height: 0;\r\n                }.tdi_4,\r\n\t\t\t\t.tdi_4 .tdc-columns{\r\n\t\t\t\t    display: block;\r\n\t\t\t\t}.tdi_4 .tdc-columns{\r\n\t\t\t\t    width: 100%;\r\n\t\t\t\t}\n<\/style><div class=\"vc_column tdi_6  wpb_column vc_column_container tdc-column td-pb-span12\">\n<style scoped>\n\/* custom css - generated by TagDiv Composer *\/\n\n\/* custom css - generated by TagDiv Composer *\/\n\/* custom css - generated by TagDiv Composer *\/\n.tdi_6{\r\n                    vertical-align: baseline;\r\n                }.tdi_6 > .wpb_wrapper,\r\n\t\t\t\t.tdi_6 > .wpb_wrapper > .tdc-elements{\r\n\t\t\t\t    display: block;\r\n\t\t\t\t}.tdi_6 > .wpb_wrapper > .tdc-elements{\r\n\t\t\t\t    width: 100%;\r\n\t\t\t\t}.tdi_6 > .wpb_wrapper > .vc_row_inner{\r\n\t\t\t\t    width: auto;\r\n\t\t\t\t}.tdi_6 > .wpb_wrapper{\r\n\t\t\t\t    width: auto;\r\n\t\t\t\t    height: auto;\r\n\t\t\t\t}\n<\/style><div class=\"wpb_wrapper\" ><div class=\"wpb_wrapper td_block_empty_space td_block_wrap vc_empty_space tdi_8\"  style=\"height: 32px\"><\/div><\/div><\/div><\/div><\/div><div id=\"tdi_9\" class=\"tdc-row\"><div class=\"vc_row tdi_10  wpb_row td-pb-row\" >\n<style scoped>\n\/* custom css - generated by TagDiv Composer *\/\n\n\/* custom css - generated by TagDiv Composer *\/\n\/* custom css - generated by TagDiv Composer *\/\n.tdi_10,\r\n                .tdi_10 .tdc-columns{\r\n                    min-height: 0;\r\n                }.tdi_10,\r\n\t\t\t\t.tdi_10 .tdc-columns{\r\n\t\t\t\t    display: block;\r\n\t\t\t\t}.tdi_10 .tdc-columns{\r\n\t\t\t\t    width: 100%;\r\n\t\t\t\t}\n<\/style><div class=\"vc_column tdi_12  wpb_column vc_column_container tdc-column td-pb-span6\">\n<style scoped>\n\/* custom css - generated by TagDiv Composer *\/\n\n\/* custom css - generated by TagDiv Composer *\/\n\/* custom css - generated by TagDiv Composer *\/\n.tdi_12{\r\n                    vertical-align: baseline;\r\n                }.tdi_12 > .wpb_wrapper,\r\n\t\t\t\t.tdi_12 > .wpb_wrapper > .tdc-elements{\r\n\t\t\t\t    display: block;\r\n\t\t\t\t}.tdi_12 > .wpb_wrapper > .tdc-elements{\r\n\t\t\t\t    width: 100%;\r\n\t\t\t\t}.tdi_12 > .wpb_wrapper > .vc_row_inner{\r\n\t\t\t\t    width: auto;\r\n\t\t\t\t}.tdi_12 > .wpb_wrapper{\r\n\t\t\t\t    width: auto;\r\n\t\t\t\t    height: auto;\r\n\t\t\t\t}\n<\/style><div class=\"wpb_wrapper\" ><div class=\"td_block_wrap td_block_text_with_title tdi_13 tagdiv-type td-pb-border-top td_block_template_1\"  data-td-block-uid=\"tdi_13\" >\n<style>\n\/* custom css - generated by TagDiv Composer *\/\n\/* custom css - generated by TagDiv Composer *\/\n.td_block_text_with_title{\r\n                  margin-bottom: 44px;\r\n                  -webkit-transform: translateZ(0);\r\n                  transform: translateZ(0);\r\n                }.td_block_text_with_title p:last-child{\r\n                  margin-bottom: 0;\r\n                }\n<\/style><div class=\"td-block-title-wrap\"><\/div><div class=\"td_mod_wrap td-fix-index\"><p>\ud83c\udf3f La correcci\u00f3n osteop\u00e1tica del t\u00f3rax, la cavidad abdominal, la columna vertebral y las articulaciones es un enfoque integral de su salud destinado a restablecer las funciones corporales. El trabajo con las cadenas m\u00fasculo-fasciales permite al organismo restablecer la inervaci\u00f3n normal y el riego sangu\u00edneo y linf\u00e1tico.<\/p>\n<p>\ud83d\udd39 \u00bfQu\u00e9 incluye el servicio?<\/p>\n<p>- Correcci\u00f3n de los \u00f3rganos de la cavidad tor\u00e1cica - elimina las causas de las enfermedades respiratorias<br \/>- Correcci\u00f3n de los \u00f3rganos abdominales - ayuda a deshacerse de la hinchaz\u00f3n, estre\u00f1imiento, acidez, etc.<br \/>- Correcci\u00f3n de la columna vertebral - restablece la posici\u00f3n correcta de las v\u00e9rtebras, eliminando el pinzamiento de las terminaciones nerviosas, elimina la hinchaz\u00f3n, restablece el movimiento, aliviando el dolor de espalda.<br \/>- Correcci\u00f3n articular: ayuda a restablecer la movilidad articular, reducir la inflamaci\u00f3n y mejorar el estado general del sistema musculoesquel\u00e9tico.<\/p>\n<p>El ajuste osteop\u00e1tico es el camino hacia tu salud y armon\u00eda. \u00a1Siente el alivio y la energ\u00eda despu\u00e9s de la primera sesi\u00f3n!<\/p>\n<p>\ud83d\udcde \u00a1Reserva una sesi\u00f3n hoy mismo! Llama al: +34 686 076 155<br \/>\ud83c\udf10 M\u00e1s detalles en nuestra web: www.lotos.center<\/p>\n<p>\u00a1Reg\u00e1late salud con el centro Lotus Ayurveda! \ud83c\udf38<\/p>\n<p>#Osteopathy #Lotus #Correction #Health #Spine #Joints #Promotion #Discount #HealthyLifestyle<\/p>\n<\/div><\/div><\/div><\/div><div class=\"vc_column tdi_15  wpb_column vc_column_container tdc-column td-pb-span6\">\n<style scoped>\n\/* custom css - generated by TagDiv Composer *\/\n\n\/* custom css - generated by TagDiv Composer *\/\n\/* custom css - generated by TagDiv Composer *\/\n.tdi_15{\r\n                    vertical-align: baseline;\r\n                }.tdi_15 > .wpb_wrapper,\r\n\t\t\t\t.tdi_15 > .wpb_wrapper > .tdc-elements{\r\n\t\t\t\t    display: block;\r\n\t\t\t\t}.tdi_15 > .wpb_wrapper > .tdc-elements{\r\n\t\t\t\t    width: 100%;\r\n\t\t\t\t}.tdi_15 > .wpb_wrapper > .vc_row_inner{\r\n\t\t\t\t    width: auto;\r\n\t\t\t\t}.tdi_15 > .wpb_wrapper{\r\n\t\t\t\t    width: auto;\r\n\t\t\t\t    height: auto;\r\n\t\t\t\t}\n<\/style><div class=\"wpb_wrapper\" ><div class=\"tdm_block td_block_wrap tdm_block_inline_image tdi_16 td-animation-stack tdm-inline-block tdm-content-horiz-left td-pb-border-top td_block_template_1\"  data-td-block-uid=\"tdi_16\" >\n<style>\n\/* custom css - generated by TagDiv Composer *\/\n\/* custom css - generated by TagDiv Composer *\/\n.tdm_block.tdm_block_inline_image{\r\n                  position: relative;\r\n                  margin-bottom: 0;\r\n                  line-height: 0;\r\n                }.tdm_block.tdm_block_inline_image .tdm-inline-image-wrap{\r\n                  position: relative;\r\n                  display: inline-block;\r\n                }.tdm_block.tdm_block_inline_image .td-image-video-modal{\r\n                  cursor: pointer;\r\n                }.tdm_block.tdm_block_inline_image .tdm-caption{\r\n                  width: 100%;\r\n                  font-family: Verdana, BlinkMacSystemFont, -apple-system, \"Segoe UI\", Roboto, Oxygen, Ubuntu, Cantarell, \"Open Sans\", \"Helvetica Neue\", sans-serif;\r\n                  padding-top: 6px;\r\n                  padding-bottom: 6px;\r\n                  font-size: 12px;\r\n                  font-style: italic;\r\n                  font-weight: normal;\r\n                  line-height: 17px;\r\n                  color: #444;\r\n                }.tdm_block.tdm_block_inline_image.tdm-caption-over-image .tdm-caption{\r\n                  position: absolute;\r\n                  left: 0;\r\n                  bottom: 0;\r\n                  margin-top: 0;\r\n                  padding-left: 10px;\r\n                  padding-right: 10px;\r\n                  width: 100%;\r\n                  background: rgba(0, 0, 0, 0.7);\r\n                  color: #fff;\r\n                }.tdi_16 .tdm-inline-image-wrap:hover:before{\r\n                    opacity: 0;\r\n                }\n<\/style><div class=\"tdm-inline-image-wrap\" ><img loading=\"lazy\" decoding=\"async\" class=\"tdm-image td-fix-index td-lazy-img\" src=\"data:image\/png;base64,iVBORw0KGgoAAAANSUhEUgAABCwAAAJEAQMAAADnqyfeAAAAA1BMVEWurq51dlI4AAAAAXRSTlMmkutdmwAAAG9JREFUeNrswYEAAAAAgKD9qRepAgAAAAAAAAAAAAAAAAAAAAAAAAAAAAAAAAAAAAAAAAAAAAAAAAAAAAAAAAAAAAAAAAAAAAAAAAAAAADg9uCQAAAAAEDQ\/9fOsAAAAAAAAAAAAAAAAAAAAAAAsAox6wABwRHV3QAAAABJRU5ErkJggg==\" data-type=\"image_tag\" data-img-url=\"https:\/\/lotos.center\/wp-content\/uploads\/2024\/07\/osteopatiya-plechi-e1653572487228.jpg\"  title=\"osteopatiya-plechi-e1653572487228\" width=\"740\" height=\"494\"><\/div><\/div><div class=\"td_block_wrap td_block_text_with_title tdi_17 tagdiv-type td-pb-border-top td_block_template_1\"  data-td-block-uid=\"tdi_17\" >\n<style>\n\/* custom css - generated by TagDiv Composer *\/\n\/* custom css - generated by TagDiv Composer *\/\n\n<\/style><div class=\"td-block-title-wrap\"><\/div><div class=\"td_mod_wrap td-fix-index\"><p>\ud83d\udcc5 Duraci\u00f3n: 1 hora y 30 minutos <br \/>\ud83d\udcb6 Coste: 50 euros <br \/>\ud83c\udf89 Promoci\u00f3n: \u00a1Descuento 20%! \u00a1S\u00f3lo 40 euros!<\/p>\n<\/div><\/div><div class=\"tdm_block td_block_wrap tdm_block_button tdi_18 tdm-block-button-inline tdm-content-horiz-left td-pb-border-top td_block_template_1\"  data-td-block-uid=\"tdi_18\"     >\n<style>\n\n\/* inline tdc_css att - generated by TagDiv Composer *\/\n\n.tdi_18{\nmargin-right:15px !important;\n}\n\n\/* phone *\/\n@media (max-width: 767px)\n{\n.tdi_18{\nmargin-right:5px !important;\nmargin-bottom:10px !important;\nmargin-left:5px !important;\njustify-content:center !important;\ntext-align:center !important;\ndisplay:block !important;\n}\n}\n\n\/* portrait *\/\n@media (min-width: 768px) and (max-width: 1018px)\n{\n.tdi_18{\nmargin-right:10px !important;\n}\n}\n\n<\/style>\n<style>\n\/* custom css - generated by TagDiv Composer *\/\n\/* custom css - generated by TagDiv Composer *\/\n.tdm_block.tdm_block_button{\r\n                  margin-bottom: 0;\r\n                }.tdm_block.tdm_block_button .tds-button{\r\n                  line-height: 0;\r\n                }.tdm_block.tdm_block_button.tdm-block-button-inline{\r\n                  display: inline-block;\r\n                }.tdm_block.tdm_block_button.tdm-block-button-full,\r\n                .tdm_block.tdm_block_button.tdm-block-button-full .tdm-btn{\r\n                  display: block;\r\n                }.tdi_18 .tdm-btn{\r\n                    height: auto;\r\n                    padding: 15px 28px;\r\n                }\n\n\/* portrait *\/\n@media (min-width: 768px) and (max-width: 1018px){\n\/* custom css - generated by TagDiv Composer *\/\n.tdi_18 .tdm-btn{\r\n                    height: auto;\r\n                    padding: 13px 25px;\r\n                }\n}\n<\/style>\n<style>\n\/* custom css - generated by TagDiv Composer *\/\n\/* custom css - generated by TagDiv Composer *\/\nbody .tdi_19{\r\n\t\t\t\t\tbackground: -webkit-linear-gradient(-120deg,#a96fe2,#8224e3);background: linear-gradient(-120deg,#a96fe2,#8224e3);\r\n\t\t\t\t}body .tdi_19:before{\r\n\t\t\t\t\tbackground-color: #444444;\r\n\t\t\t\t}.tdi_19 .tdm-btn-text,\r\n\t\t\t\t.tdi_19 i{\r\n\t\t\t\t\tcolor: #ffffff;\r\n\t\t\t\t}.tdi_19 svg{\r\n\t\t\t\t    fill: #ffffff;\r\n\t\t\t\t}.tdi_19 svg *{\r\n\t\t\t\t    fill: inherit;\r\n\t\t\t\t}body .tdi_19:hover .tdm-btn-text,\r\n\t\t\t\tbody .tdi_19:hover i{\r\n\t\t\t\t\tcolor: #ffffff;\r\n\t\t\t\t\r\n\t\t\t\t\t-webkit-text-fill-color: unset;\r\n\t\t\t\t\tbackground: transparent;\r\n\t\t\t\t\ttransition: none;\r\n\t\t\t\t}body .tdi_19:hover svg{\r\n\t\t\t\t    fill: #ffffff;\r\n\t\t\t\t}body .tdi_19:hover svg *{\r\n\t\t\t\t    fill: inherit;\r\n\t\t\t\t}.tdi_19{\r\n                    padding: 15px 28px;\r\n                    height: auto;\r\n                    line-height: 1;\r\n                \r\n\t\t\t\t\tfont-family:Open Sans !important;font-size:15px !important;line-height:1 !important;font-weight:500 !important;\r\n\t\t\t\t\r\n\t\t\t\t\theight: auto;\r\n\t\t\t\t}.tdi_19,\r\n\t\t\t\t.tdi_19:before{\r\n\t\t\t\t\tborder-radius: 50px;\r\n\t\t\t\t}\n\n\/* portrait *\/\n@media (min-width: 768px) and (max-width: 1018px){\n\/* custom css - generated by TagDiv Composer *\/\n.tdi_19{\r\n                    padding: 13px 25px;\r\n                    height: auto;\r\n                    line-height: 1;\r\n                }.tdi_19{\r\n\t\t\t\t\tfont-size:13px !important;\r\n\t\t\t\t}\n}\n\n\/* phone *\/\n@media (max-width: 767px){\n\/* custom css - generated by TagDiv Composer *\/\n.tdi_19{\r\n                    min-width: 100%;\r\n                }\n}\n<\/style><div class=\"tds-button td-fix-index\"><a \r\n                href=\"https:\/\/wa.me\/+34686076155?text=\" \r\n                 title=\"CONCERTAR UNA CITA\"\r\n                class=\"tds-button1 tdm-btn tdm-btn-md tdi_19\"  target=\"_blank\" ><span class=\"tdm-btn-text\">CONCERTAR UNA CITA<\/span><\/a><\/div><\/div><\/div><\/div><\/div><\/div><\/div><\/div>","protected":false},"excerpt":{"rendered":"","protected":false},"author":1,"featured_media":611,"parent":0,"menu_order":0,"comment_status":"open","ping_status":"open","template":"","meta":{"inline_featured_image":false,"two_page_speed":[],"footnotes":""},"class_list":["post-610","page","type-page","status-publish","has-post-thumbnail"],"yoast_head":"<!-- This site is optimized with the Yoast SEO Premium plugin v23.2 (Yoast SEO v23.8) - https:\/\/yoast.com\/wordpress\/plugins\/seo\/ -->\n<title>\u041e\u0441\u0442\u0435\u043e\u043f\u0430\u0442\u0438\u0447\u043d\u0430 \u043a\u043e\u0440\u0435\u043a\u0446\u0456\u044f \u0432 \u0410\u044e\u0440\u0432\u0435\u0434\u0430 \u0446\u0435\u043d\u0442\u0440\u0456 \u00ab\u041b\u043e\u0442\u043e\u0441\u00bb! - Lotos - \u0426\u0435\u043d\u0442\u0440 \u0445\u043e\u043b\u0456\u0441\u0442\u0438\u0447\u043d\u043e\u0457 \u043c\u0435\u0434\u0438\u0446\u0438\u043d\u0438 \u00ab\u041b\u043e\u0442\u043e\u0441\u00bb<\/title>\n<meta name=\"robots\" content=\"index, follow, max-snippet:-1, max-image-preview:large, max-video-preview:-1\" \/>\n<link rel=\"canonical\" href=\"https:\/\/lotos.center\/es\/korekcziya-osteopatica-en-ayurveda-czentri-lotos\/\" \/>\n<meta property=\"og:locale\" content=\"es_ES\" \/>\n<meta property=\"og:type\" content=\"article\" \/>\n<meta property=\"og:title\" content=\"\u041e\u0441\u0442\u0435\u043e\u043f\u0430\u0442\u0438\u0447\u043d\u0430 \u043a\u043e\u0440\u0435\u043a\u0446\u0456\u044f \u0432 \u0410\u044e\u0440\u0432\u0435\u0434\u0430 \u0446\u0435\u043d\u0442\u0440\u0456 \u00ab\u041b\u043e\u0442\u043e\u0441\u00bb!\" \/>\n<meta property=\"og:url\" content=\"https:\/\/lotos.center\/es\/korekcziya-osteopatica-en-ayurveda-czentri-lotos\/\" \/>\n<meta property=\"og:site_name\" content=\"Lotos - \u0426\u0435\u043d\u0442\u0440 \u0445\u043e\u043b\u0456\u0441\u0442\u0438\u0447\u043d\u043e\u0457 \u043c\u0435\u0434\u0438\u0446\u0438\u043d\u0438 \u00ab\u041b\u043e\u0442\u043e\u0441\u00bb\" \/>\n<meta property=\"article:modified_time\" content=\"2024-08-09T15:14:19+00:00\" \/>\n<meta property=\"og:image\" content=\"https:\/\/lotos.center\/wp-content\/uploads\/2024\/07\/osteopatiya-plechi-e1653572487228.jpg\" \/>\n\t<meta property=\"og:image:width\" content=\"740\" \/>\n\t<meta property=\"og:image:height\" content=\"494\" \/>\n\t<meta property=\"og:image:type\" content=\"image\/jpeg\" \/>\n<meta name=\"twitter:card\" content=\"summary_large_image\" \/>\n<meta name=\"twitter:label1\" content=\"Tiempo de lectura\" \/>\n\t<meta name=\"twitter:data1\" content=\"1 minuto\" \/>\n<script type=\"application\/ld+json\" class=\"yoast-schema-graph\">{\"@context\":\"https:\/\/schema.org\",\"@graph\":[{\"@type\":\"WebPage\",\"@id\":\"https:\/\/lotos.center\/osteopatichna-korekcziya-v-ayurveda-czentri-lotos\/\",\"url\":\"https:\/\/lotos.center\/osteopatichna-korekcziya-v-ayurveda-czentri-lotos\/\",\"name\":\"\u041e\u0441\u0442\u0435\u043e\u043f\u0430\u0442\u0438\u0447\u043d\u0430 \u043a\u043e\u0440\u0435\u043a\u0446\u0456\u044f \u0432 \u0410\u044e\u0440\u0432\u0435\u0434\u0430 \u0446\u0435\u043d\u0442\u0440\u0456 \u00ab\u041b\u043e\u0442\u043e\u0441\u00bb! - Lotos - \u0426\u0435\u043d\u0442\u0440 \u0445\u043e\u043b\u0456\u0441\u0442\u0438\u0447\u043d\u043e\u0457 \u043c\u0435\u0434\u0438\u0446\u0438\u043d\u0438 \u00ab\u041b\u043e\u0442\u043e\u0441\u00bb\",\"isPartOf\":{\"@id\":\"https:\/\/lotos.center\/#website\"},\"primaryImageOfPage\":{\"@id\":\"https:\/\/lotos.center\/osteopatichna-korekcziya-v-ayurveda-czentri-lotos\/#primaryimage\"},\"image\":{\"@id\":\"https:\/\/lotos.center\/osteopatichna-korekcziya-v-ayurveda-czentri-lotos\/#primaryimage\"},\"thumbnailUrl\":\"https:\/\/lotos.center\/wp-content\/uploads\/2024\/07\/osteopatiya-plechi-e1653572487228.jpg\",\"datePublished\":\"2024-07-08T09:37:39+00:00\",\"dateModified\":\"2024-08-09T15:14:19+00:00\",\"breadcrumb\":{\"@id\":\"https:\/\/lotos.center\/osteopatichna-korekcziya-v-ayurveda-czentri-lotos\/#breadcrumb\"},\"inLanguage\":\"es\",\"potentialAction\":[{\"@type\":\"ReadAction\",\"target\":[\"https:\/\/lotos.center\/osteopatichna-korekcziya-v-ayurveda-czentri-lotos\/\"]}]},{\"@type\":\"ImageObject\",\"inLanguage\":\"es\",\"@id\":\"https:\/\/lotos.center\/osteopatichna-korekcziya-v-ayurveda-czentri-lotos\/#primaryimage\",\"url\":\"https:\/\/lotos.center\/wp-content\/uploads\/2024\/07\/osteopatiya-plechi-e1653572487228.jpg\",\"contentUrl\":\"https:\/\/lotos.center\/wp-content\/uploads\/2024\/07\/osteopatiya-plechi-e1653572487228.jpg\",\"width\":740,\"height\":494},{\"@type\":\"BreadcrumbList\",\"@id\":\"https:\/\/lotos.center\/osteopatichna-korekcziya-v-ayurveda-czentri-lotos\/#breadcrumb\",\"itemListElement\":[{\"@type\":\"ListItem\",\"position\":1,\"name\":\"\u0413\u043b\u0430\u0432\u043d\u0430\u044f \u0441\u0442\u0440\u0430\u043d\u0438\u0446\u0430\",\"item\":\"https:\/\/lotos.center\/\"},{\"@type\":\"ListItem\",\"position\":2,\"name\":\"\u041e\u0441\u0442\u0435\u043e\u043f\u0430\u0442\u0438\u0447\u043d\u0430 \u043a\u043e\u0440\u0435\u043a\u0446\u0456\u044f \u0432 \u0410\u044e\u0440\u0432\u0435\u0434\u0430 \u0446\u0435\u043d\u0442\u0440\u0456 \u00ab\u041b\u043e\u0442\u043e\u0441\u00bb!\"}]},{\"@type\":\"WebSite\",\"@id\":\"https:\/\/lotos.center\/#website\",\"url\":\"https:\/\/lotos.center\/\",\"name\":\"Lotos - \u0426\u0435\u043d\u0442\u0440 \u0445\u043e\u043b\u0456\u0441\u0442\u0438\u0447\u043d\u043e\u0457 \u043c\u0435\u0434\u0438\u0446\u0438\u043d\u0438 \u00ab\u041b\u043e\u0442\u043e\u0441\u00bb\",\"description\":\"\u0426\u0435\u043d\u0442\u0440 \u0445\u043e\u043b\u0456\u0441\u0442\u0438\u0447\u043d\u043e\u0457 \u043c\u0435\u0434\u0438\u0446\u0438\u043d\u0438 \u00ab\u041b\u043e\u0442\u043e\u0441\u00bb\",\"potentialAction\":[{\"@type\":\"SearchAction\",\"target\":{\"@type\":\"EntryPoint\",\"urlTemplate\":\"https:\/\/lotos.center\/?s={search_term_string}\"},\"query-input\":{\"@type\":\"PropertyValueSpecification\",\"valueRequired\":true,\"valueName\":\"search_term_string\"}}],\"inLanguage\":\"es\"}]}<\/script>\n<!-- \/ Yoast SEO Premium plugin. -->","yoast_head_json":{"title":"\u041e\u0441\u0442\u0435\u043e\u043f\u0430\u0442\u0438\u0447\u043d\u0430 \u043a\u043e\u0440\u0435\u043a\u0446\u0456\u044f \u0432 \u0410\u044e\u0440\u0432\u0435\u0434\u0430 \u0446\u0435\u043d\u0442\u0440\u0456 \u00ab\u041b\u043e\u0442\u043e\u0441\u00bb! - Lotos - \u0426\u0435\u043d\u0442\u0440 \u0445\u043e\u043b\u0456\u0441\u0442\u0438\u0447\u043d\u043e\u0457 \u043c\u0435\u0434\u0438\u0446\u0438\u043d\u0438 \u00ab\u041b\u043e\u0442\u043e\u0441\u00bb","robots":{"index":"index","follow":"follow","max-snippet":"max-snippet:-1","max-image-preview":"max-image-preview:large","max-video-preview":"max-video-preview:-1"},"canonical":"https:\/\/lotos.center\/es\/korekcziya-osteopatica-en-ayurveda-czentri-lotos\/","og_locale":"es_ES","og_type":"article","og_title":"\u041e\u0441\u0442\u0435\u043e\u043f\u0430\u0442\u0438\u0447\u043d\u0430 \u043a\u043e\u0440\u0435\u043a\u0446\u0456\u044f \u0432 \u0410\u044e\u0440\u0432\u0435\u0434\u0430 \u0446\u0435\u043d\u0442\u0440\u0456 \u00ab\u041b\u043e\u0442\u043e\u0441\u00bb!","og_url":"https:\/\/lotos.center\/es\/korekcziya-osteopatica-en-ayurveda-czentri-lotos\/","og_site_name":"Lotos - \u0426\u0435\u043d\u0442\u0440 \u0445\u043e\u043b\u0456\u0441\u0442\u0438\u0447\u043d\u043e\u0457 \u043c\u0435\u0434\u0438\u0446\u0438\u043d\u0438 \u00ab\u041b\u043e\u0442\u043e\u0441\u00bb","article_modified_time":"2024-08-09T15:14:19+00:00","og_image":[{"width":740,"height":494,"url":"https:\/\/lotos.center\/wp-content\/uploads\/2024\/07\/osteopatiya-plechi-e1653572487228.jpg","type":"image\/jpeg"}],"twitter_card":"summary_large_image","twitter_misc":{"Tiempo de lectura":"1 minuto"},"schema":{"@context":"https:\/\/schema.org","@graph":[{"@type":"WebPage","@id":"https:\/\/lotos.center\/osteopatichna-korekcziya-v-ayurveda-czentri-lotos\/","url":"https:\/\/lotos.center\/osteopatichna-korekcziya-v-ayurveda-czentri-lotos\/","name":"\u041e\u0441\u0442\u0435\u043e\u043f\u0430\u0442\u0438\u0447\u043d\u0430 \u043a\u043e\u0440\u0435\u043a\u0446\u0456\u044f \u0432 \u0410\u044e\u0440\u0432\u0435\u0434\u0430 \u0446\u0435\u043d\u0442\u0440\u0456 \u00ab\u041b\u043e\u0442\u043e\u0441\u00bb! - Lotos - \u0426\u0435\u043d\u0442\u0440 \u0445\u043e\u043b\u0456\u0441\u0442\u0438\u0447\u043d\u043e\u0457 \u043c\u0435\u0434\u0438\u0446\u0438\u043d\u0438 \u00ab\u041b\u043e\u0442\u043e\u0441\u00bb","isPartOf":{"@id":"https:\/\/lotos.center\/#website"},"primaryImageOfPage":{"@id":"https:\/\/lotos.center\/osteopatichna-korekcziya-v-ayurveda-czentri-lotos\/#primaryimage"},"image":{"@id":"https:\/\/lotos.center\/osteopatichna-korekcziya-v-ayurveda-czentri-lotos\/#primaryimage"},"thumbnailUrl":"https:\/\/lotos.center\/wp-content\/uploads\/2024\/07\/osteopatiya-plechi-e1653572487228.jpg","datePublished":"2024-07-08T09:37:39+00:00","dateModified":"2024-08-09T15:14:19+00:00","breadcrumb":{"@id":"https:\/\/lotos.center\/osteopatichna-korekcziya-v-ayurveda-czentri-lotos\/#breadcrumb"},"inLanguage":"es","potentialAction":[{"@type":"ReadAction","target":["https:\/\/lotos.center\/osteopatichna-korekcziya-v-ayurveda-czentri-lotos\/"]}]},{"@type":"ImageObject","inLanguage":"es","@id":"https:\/\/lotos.center\/osteopatichna-korekcziya-v-ayurveda-czentri-lotos\/#primaryimage","url":"https:\/\/lotos.center\/wp-content\/uploads\/2024\/07\/osteopatiya-plechi-e1653572487228.jpg","contentUrl":"https:\/\/lotos.center\/wp-content\/uploads\/2024\/07\/osteopatiya-plechi-e1653572487228.jpg","width":740,"height":494},{"@type":"BreadcrumbList","@id":"https:\/\/lotos.center\/osteopatichna-korekcziya-v-ayurveda-czentri-lotos\/#breadcrumb","itemListElement":[{"@type":"ListItem","position":1,"name":"\u0413\u043b\u0430\u0432\u043d\u0430\u044f \u0441\u0442\u0440\u0430\u043d\u0438\u0446\u0430","item":"https:\/\/lotos.center\/"},{"@type":"ListItem","position":2,"name":"\u041e\u0441\u0442\u0435\u043e\u043f\u0430\u0442\u0438\u0447\u043d\u0430 \u043a\u043e\u0440\u0435\u043a\u0446\u0456\u044f \u0432 \u0410\u044e\u0440\u0432\u0435\u0434\u0430 \u0446\u0435\u043d\u0442\u0440\u0456 \u00ab\u041b\u043e\u0442\u043e\u0441\u00bb!"}]},{"@type":"WebSite","@id":"https:\/\/lotos.center\/#website","url":"https:\/\/lotos.center\/","name":"Lotos - \u0426\u0435\u043d\u0442\u0440 \u0445\u043e\u043b\u0456\u0441\u0442\u0438\u0447\u043d\u043e\u0457 \u043c\u0435\u0434\u0438\u0446\u0438\u043d\u0438 \u00ab\u041b\u043e\u0442\u043e\u0441\u00bb","description":"\u0426\u0435\u043d\u0442\u0440 \u0445\u043e\u043b\u0456\u0441\u0442\u0438\u0447\u043d\u043e\u0457 \u043c\u0435\u0434\u0438\u0446\u0438\u043d\u0438 \u00ab\u041b\u043e\u0442\u043e\u0441\u00bb","potentialAction":[{"@type":"SearchAction","target":{"@type":"EntryPoint","urlTemplate":"https:\/\/lotos.center\/?s={search_term_string}"},"query-input":{"@type":"PropertyValueSpecification","valueRequired":true,"valueName":"search_term_string"}}],"inLanguage":"es"}]}},"_links":{"self":[{"href":"https:\/\/lotos.center\/es\/wp-json\/wp\/v2\/pages\/610","targetHints":{"allow":["GET"]}}],"collection":[{"href":"https:\/\/lotos.center\/es\/wp-json\/wp\/v2\/pages"}],"about":[{"href":"https:\/\/lotos.center\/es\/wp-json\/wp\/v2\/types\/page"}],"author":[{"embeddable":true,"href":"https:\/\/lotos.center\/es\/wp-json\/wp\/v2\/users\/1"}],"replies":[{"embeddable":true,"href":"https:\/\/lotos.center\/es\/wp-json\/wp\/v2\/comments?post=610"}],"version-history":[{"count":4,"href":"https:\/\/lotos.center\/es\/wp-json\/wp\/v2\/pages\/610\/revisions"}],"predecessor-version":[{"id":794,"href":"https:\/\/lotos.center\/es\/wp-json\/wp\/v2\/pages\/610\/revisions\/794"}],"wp:featuredmedia":[{"embeddable":true,"href":"https:\/\/lotos.center\/es\/wp-json\/wp\/v2\/media\/611"}],"wp:attachment":[{"href":"https:\/\/lotos.center\/es\/wp-json\/wp\/v2\/media?parent=610"}],"curies":[{"name":"wp","href":"https:\/\/api.w.org\/{rel}","templated":true}]}}