{"id":1217,"date":"2025-05-05T11:57:52","date_gmt":"2025-05-05T08:57:52","guid":{"rendered":"https:\/\/lotos.center\/?page_id=1217"},"modified":"2025-05-05T12:19:22","modified_gmt":"2025-05-05T09:19:22","slug":"politica-de-privacidad-sobre-videovigilancia","status":"publish","type":"page","link":"https:\/\/lotos.center\/es\/politica-de-privacidad-sobre-videovigilancia\/","title":{"rendered":"Pol\u00edtica de privacidad sobre videovigilancia"},"content":{"rendered":"<figure class=\"wp-block-image size-full is-resized\"><img loading=\"lazy\" decoding=\"async\" width=\"1024\" height=\"1024\" src=\"https:\/\/lotos.center\/wp-content\/uploads\/2025\/05\/u4673772737_wide_panoramic_illustration-2.png\" alt=\"\" class=\"wp-image-1229\" style=\"width:399px;height:auto\" srcset=\"https:\/\/lotos.center\/wp-content\/uploads\/2025\/05\/u4673772737_wide_panoramic_illustration-2.png 1024w, https:\/\/lotos.center\/wp-content\/uploads\/2025\/05\/u4673772737_wide_panoramic_illustration-2-300x300.png 300w, https:\/\/lotos.center\/wp-content\/uploads\/2025\/05\/u4673772737_wide_panoramic_illustration-2-150x150.png 150w, https:\/\/lotos.center\/wp-content\/uploads\/2025\/05\/u4673772737_wide_panoramic_illustration-2-768x768.png 768w, https:\/\/lotos.center\/wp-content\/uploads\/2025\/05\/u4673772737_wide_panoramic_illustration-2-12x12.png 12w, https:\/\/lotos.center\/wp-content\/uploads\/2025\/05\/u4673772737_wide_panoramic_illustration-2-696x696.png 696w, https:\/\/lotos.center\/wp-content\/uploads\/2025\/05\/u4673772737_wide_panoramic_illustration-2-600x600.png 600w\" sizes=\"auto, (max-width: 1024px) 100vw, 1024px\" \/><\/figure>\n\n\n\n<p><strong><strong>\"Ayurveda Nueva Generaci\u00f3n\", S.L.<\/strong><\/strong><\/p>\n\n\n\n<p>De conformidad con el Reglamento (UE) 2016\/679 (Reglamento General de Protecci\u00f3n de Datas - RGPD) y la Lei Org\u00e1nica 3\/2018, le informamos de lo siguiente:<\/p>\n\n\n\n<h4 class=\"wp-block-heading\" id=\"h-1-responsable-del-tratamiento\">1. Responsable del tratamiento<\/h4>\n\n\n\n<p><strong>Centro Ayurveda \"Lotos<\/strong>, 29630 Benalm\u00e1dena, M\u00e1laga<br>Correo electr\u00f3nico: <a href=\"mailto:in@lotos.center\">in@lotos.center<\/a><br>Tel\u00e9fono: +34 686 076 155<\/p>\n\n\n\n<h4 class=\"wp-block-heading\" id=\"h-2-finalidad-del-tratamientomj\">2. Finalidad del tratamientomj<\/h4>\n\n\n\n<p>Las im\u00e1genes captadas por las c\u00e1maras de videovigilancia se tratan con la \u00fanica finalidad de garantizar la seguridad de personas, bienes e instalaciones.<\/p>\n\n\n\n<h4 class=\"wp-block-heading\" id=\"h-3-base-juridica\">3. Base jur\u00eddica<\/h4>\n\n\n\n<p>El tratamiento se basa en el inter\u00e9s leg\u00edtimo del responsable de proteger su entidad, de conformidad con el art\u00edculo 6.1(f) del RGPD.<\/p>\n\n\n\n<h4 class=\"wp-block-heading\" id=\"h-4-conservacion-de-los-datos\">4. Conservaci\u00f3n de los datos<\/h4>\n\n\n\n<p>Las im\u00e1genes se conservar\u00e1n durante un m\u00e1ximo de <strong>30 d\u00edas<\/strong>salvo que puedan conservarse por motivos legales o para la investigaci\u00f3n de un incidente.<\/p>\n\n\n\n<h4 class=\"wp-block-heading\" id=\"h-5-destinatarios\">5. Destinatarios<\/h4>\n\n\n\n<p>Las im\u00e1genes no se ceder\u00e1n a terceros, salvo obligaci\u00f3n legal o requerimiento de las Fuerzas y Cuerpos de Seguridad del Estado.<\/p>\n\n\n\n<h4 class=\"wp-block-heading\" id=\"h-6-derechos-del-interesado\">6. Derechos del interesado<\/h4>\n\n\n\n<p>Usted puede ejercitar sus derechos de acceso, rectificaci\u00f3n, supervisi\u00f3n, limitaci\u00f3n del tratamiento y oposici\u00f3n, dirigi\u00e9ndose a trav\u00e9s de un canal de comunicaci\u00f3n electr\u00f3nica o por escrito al responsable.<\/p>\n\n\n\n<p>Asimismo, existe el derecho a presentar una reclamaci\u00f3n ante la Agencia Espa\u00f1ola de Protecci\u00f3n de Datos (AEPD): <a class=\"\" href=\"https:\/\/www.aepd.es\">www.aepd.es<\/a><\/p>","protected":false},"excerpt":{"rendered":"<p>\u201cAyurveda New Generation, S.L.\u201d De conformidad con el Reglamento (UE) 2016\/679 (Reglamento General de Protecci\u00f3n de Datos \u2013 RGPD) y la Ley Org\u00e1nica 3\/2018, informamos lo siguiente: 1. Responsable del tratamiento Ayurveda Center \u00abLotos\u00bb, 29630 Benalm\u00e1dena, M\u00e1lagaEmail: in@lotos.centerTel\u00e9fono: +34 686 076 155 2. Finalidad del tratamientomj Las im\u00e1genes captadas por las c\u00e1maras de videovigilancia se [&hellip;]<\/p>","protected":false},"author":4,"featured_media":0,"parent":0,"menu_order":0,"comment_status":"closed","ping_status":"closed","template":"","meta":{"inline_featured_image":false,"two_page_speed":[],"footnotes":""},"class_list":["post-1217","page","type-page","status-publish"],"yoast_head":"<!-- This site is optimized with the Yoast SEO Premium plugin v23.2 (Yoast SEO v23.8) - https:\/\/yoast.com\/wordpress\/plugins\/seo\/ -->\n<title>Pol\u00edtica de privacidad sobre videovigilancia - Lotos - \u0426\u0435\u043d\u0442\u0440 \u0445\u043e\u043b\u0456\u0441\u0442\u0438\u0447\u043d\u043e\u0457 \u043c\u0435\u0434\u0438\u0446\u0438\u043d\u0438 \u00ab\u041b\u043e\u0442\u043e\u0441\u00bb<\/title>\n<meta name=\"robots\" content=\"index, follow, max-snippet:-1, max-image-preview:large, max-video-preview:-1\" \/>\n<link rel=\"canonical\" href=\"https:\/\/lotos.center\/es\/politica-de-privacidad-sobre-videovigilancia\/\" \/>\n<meta property=\"og:locale\" content=\"es_ES\" \/>\n<meta property=\"og:type\" content=\"article\" \/>\n<meta property=\"og:title\" content=\"Pol\u00edtica de privacidad sobre videovigilancia\" \/>\n<meta property=\"og:description\" content=\"\u201cAyurveda New Generation, S.L.\u201d De conformidad con el Reglamento (UE) 2016\/679 (Reglamento General de Protecci\u00f3n de Datos \u2013 RGPD) y la Ley Org\u00e1nica 3\/2018, informamos lo siguiente: 1. Responsable del tratamiento Ayurveda Center \u00abLotos\u00bb, 29630 Benalm\u00e1dena, M\u00e1lagaEmail: in@lotos.centerTel\u00e9fono: +34 686 076 155 2. Finalidad del tratamientomj Las im\u00e1genes captadas por las c\u00e1maras de videovigilancia se [&hellip;]\" \/>\n<meta property=\"og:url\" content=\"https:\/\/lotos.center\/es\/politica-de-privacidad-sobre-videovigilancia\/\" \/>\n<meta property=\"og:site_name\" content=\"Lotos - \u0426\u0435\u043d\u0442\u0440 \u0445\u043e\u043b\u0456\u0441\u0442\u0438\u0447\u043d\u043e\u0457 \u043c\u0435\u0434\u0438\u0446\u0438\u043d\u0438 \u00ab\u041b\u043e\u0442\u043e\u0441\u00bb\" \/>\n<meta property=\"article:modified_time\" content=\"2025-05-05T09:19:22+00:00\" \/>\n<meta property=\"og:image\" content=\"https:\/\/lotos.center\/wp-content\/uploads\/2025\/05\/u4673772737_wide_panoramic_illustration-2.png\" \/>\n\t<meta property=\"og:image:width\" content=\"1024\" \/>\n\t<meta property=\"og:image:height\" content=\"1024\" \/>\n\t<meta property=\"og:image:type\" content=\"image\/png\" \/>\n<meta name=\"twitter:card\" content=\"summary_large_image\" \/>\n<meta name=\"twitter:label1\" content=\"Tiempo de lectura\" \/>\n\t<meta name=\"twitter:data1\" content=\"2 minutos\" \/>\n<script type=\"application\/ld+json\" class=\"yoast-schema-graph\">{\"@context\":\"https:\/\/schema.org\",\"@graph\":[{\"@type\":\"WebPage\",\"@id\":\"https:\/\/lotos.center\/politica-de-privacidad-sobre-videovigilancia\/\",\"url\":\"https:\/\/lotos.center\/politica-de-privacidad-sobre-videovigilancia\/\",\"name\":\"Pol\u00edtica de privacidad sobre videovigilancia - Lotos - \u0426\u0435\u043d\u0442\u0440 \u0445\u043e\u043b\u0456\u0441\u0442\u0438\u0447\u043d\u043e\u0457 \u043c\u0435\u0434\u0438\u0446\u0438\u043d\u0438 \u00ab\u041b\u043e\u0442\u043e\u0441\u00bb\",\"isPartOf\":{\"@id\":\"https:\/\/lotos.center\/#website\"},\"primaryImageOfPage\":{\"@id\":\"https:\/\/lotos.center\/politica-de-privacidad-sobre-videovigilancia\/#primaryimage\"},\"image\":{\"@id\":\"https:\/\/lotos.center\/politica-de-privacidad-sobre-videovigilancia\/#primaryimage\"},\"thumbnailUrl\":\"https:\/\/lotos.center\/wp-content\/uploads\/2025\/05\/u4673772737_wide_panoramic_illustration-2.png\",\"datePublished\":\"2025-05-05T08:57:52+00:00\",\"dateModified\":\"2025-05-05T09:19:22+00:00\",\"breadcrumb\":{\"@id\":\"https:\/\/lotos.center\/politica-de-privacidad-sobre-videovigilancia\/#breadcrumb\"},\"inLanguage\":\"es\",\"potentialAction\":[{\"@type\":\"ReadAction\",\"target\":[\"https:\/\/lotos.center\/politica-de-privacidad-sobre-videovigilancia\/\"]}]},{\"@type\":\"ImageObject\",\"inLanguage\":\"es\",\"@id\":\"https:\/\/lotos.center\/politica-de-privacidad-sobre-videovigilancia\/#primaryimage\",\"url\":\"https:\/\/lotos.center\/wp-content\/uploads\/2025\/05\/u4673772737_wide_panoramic_illustration-2.png\",\"contentUrl\":\"https:\/\/lotos.center\/wp-content\/uploads\/2025\/05\/u4673772737_wide_panoramic_illustration-2.png\"},{\"@type\":\"BreadcrumbList\",\"@id\":\"https:\/\/lotos.center\/politica-de-privacidad-sobre-videovigilancia\/#breadcrumb\",\"itemListElement\":[{\"@type\":\"ListItem\",\"position\":1,\"name\":\"\u0413\u043b\u0430\u0432\u043d\u0430\u044f \u0441\u0442\u0440\u0430\u043d\u0438\u0446\u0430\",\"item\":\"https:\/\/lotos.center\/\"},{\"@type\":\"ListItem\",\"position\":2,\"name\":\"Pol\u00edtica de privacidad sobre videovigilancia\"}]},{\"@type\":\"WebSite\",\"@id\":\"https:\/\/lotos.center\/#website\",\"url\":\"https:\/\/lotos.center\/\",\"name\":\"Lotos - \u0426\u0435\u043d\u0442\u0440 \u0445\u043e\u043b\u0456\u0441\u0442\u0438\u0447\u043d\u043e\u0457 \u043c\u0435\u0434\u0438\u0446\u0438\u043d\u0438 \u00ab\u041b\u043e\u0442\u043e\u0441\u00bb\",\"description\":\"\u0426\u0435\u043d\u0442\u0440 \u0445\u043e\u043b\u0456\u0441\u0442\u0438\u0447\u043d\u043e\u0457 \u043c\u0435\u0434\u0438\u0446\u0438\u043d\u0438 \u00ab\u041b\u043e\u0442\u043e\u0441\u00bb\",\"potentialAction\":[{\"@type\":\"SearchAction\",\"target\":{\"@type\":\"EntryPoint\",\"urlTemplate\":\"https:\/\/lotos.center\/?s={search_term_string}\"},\"query-input\":{\"@type\":\"PropertyValueSpecification\",\"valueRequired\":true,\"valueName\":\"search_term_string\"}}],\"inLanguage\":\"es\"}]}<\/script>\n<!-- \/ Yoast SEO Premium plugin. -->","yoast_head_json":{"title":"Pol\u00edtica de privacidad sobre videovigilancia - Lotos - \u0426\u0435\u043d\u0442\u0440 \u0445\u043e\u043b\u0456\u0441\u0442\u0438\u0447\u043d\u043e\u0457 \u043c\u0435\u0434\u0438\u0446\u0438\u043d\u0438 \u00ab\u041b\u043e\u0442\u043e\u0441\u00bb","robots":{"index":"index","follow":"follow","max-snippet":"max-snippet:-1","max-image-preview":"max-image-preview:large","max-video-preview":"max-video-preview:-1"},"canonical":"https:\/\/lotos.center\/es\/politica-de-privacidad-sobre-videovigilancia\/","og_locale":"es_ES","og_type":"article","og_title":"Pol\u00edtica de privacidad sobre videovigilancia","og_description":"\u201cAyurveda New Generation, S.L.\u201d De conformidad con el Reglamento (UE) 2016\/679 (Reglamento General de Protecci\u00f3n de Datos \u2013 RGPD) y la Ley Org\u00e1nica 3\/2018, informamos lo siguiente: 1. Responsable del tratamiento Ayurveda Center \u00abLotos\u00bb, 29630 Benalm\u00e1dena, M\u00e1lagaEmail: in@lotos.centerTel\u00e9fono: +34 686 076 155 2. Finalidad del tratamientomj Las im\u00e1genes captadas por las c\u00e1maras de videovigilancia se [&hellip;]","og_url":"https:\/\/lotos.center\/es\/politica-de-privacidad-sobre-videovigilancia\/","og_site_name":"Lotos - \u0426\u0435\u043d\u0442\u0440 \u0445\u043e\u043b\u0456\u0441\u0442\u0438\u0447\u043d\u043e\u0457 \u043c\u0435\u0434\u0438\u0446\u0438\u043d\u0438 \u00ab\u041b\u043e\u0442\u043e\u0441\u00bb","article_modified_time":"2025-05-05T09:19:22+00:00","og_image":[{"width":1024,"height":1024,"url":"https:\/\/lotos.center\/wp-content\/uploads\/2025\/05\/u4673772737_wide_panoramic_illustration-2.png","type":"image\/png"}],"twitter_card":"summary_large_image","twitter_misc":{"Tiempo de lectura":"2 minutos"},"schema":{"@context":"https:\/\/schema.org","@graph":[{"@type":"WebPage","@id":"https:\/\/lotos.center\/politica-de-privacidad-sobre-videovigilancia\/","url":"https:\/\/lotos.center\/politica-de-privacidad-sobre-videovigilancia\/","name":"Pol\u00edtica de privacidad sobre videovigilancia - Lotos - \u0426\u0435\u043d\u0442\u0440 \u0445\u043e\u043b\u0456\u0441\u0442\u0438\u0447\u043d\u043e\u0457 \u043c\u0435\u0434\u0438\u0446\u0438\u043d\u0438 \u00ab\u041b\u043e\u0442\u043e\u0441\u00bb","isPartOf":{"@id":"https:\/\/lotos.center\/#website"},"primaryImageOfPage":{"@id":"https:\/\/lotos.center\/politica-de-privacidad-sobre-videovigilancia\/#primaryimage"},"image":{"@id":"https:\/\/lotos.center\/politica-de-privacidad-sobre-videovigilancia\/#primaryimage"},"thumbnailUrl":"https:\/\/lotos.center\/wp-content\/uploads\/2025\/05\/u4673772737_wide_panoramic_illustration-2.png","datePublished":"2025-05-05T08:57:52+00:00","dateModified":"2025-05-05T09:19:22+00:00","breadcrumb":{"@id":"https:\/\/lotos.center\/politica-de-privacidad-sobre-videovigilancia\/#breadcrumb"},"inLanguage":"es","potentialAction":[{"@type":"ReadAction","target":["https:\/\/lotos.center\/politica-de-privacidad-sobre-videovigilancia\/"]}]},{"@type":"ImageObject","inLanguage":"es","@id":"https:\/\/lotos.center\/politica-de-privacidad-sobre-videovigilancia\/#primaryimage","url":"https:\/\/lotos.center\/wp-content\/uploads\/2025\/05\/u4673772737_wide_panoramic_illustration-2.png","contentUrl":"https:\/\/lotos.center\/wp-content\/uploads\/2025\/05\/u4673772737_wide_panoramic_illustration-2.png"},{"@type":"BreadcrumbList","@id":"https:\/\/lotos.center\/politica-de-privacidad-sobre-videovigilancia\/#breadcrumb","itemListElement":[{"@type":"ListItem","position":1,"name":"\u0413\u043b\u0430\u0432\u043d\u0430\u044f \u0441\u0442\u0440\u0430\u043d\u0438\u0446\u0430","item":"https:\/\/lotos.center\/"},{"@type":"ListItem","position":2,"name":"Pol\u00edtica de privacidad sobre videovigilancia"}]},{"@type":"WebSite","@id":"https:\/\/lotos.center\/#website","url":"https:\/\/lotos.center\/","name":"Lotos - \u0426\u0435\u043d\u0442\u0440 \u0445\u043e\u043b\u0456\u0441\u0442\u0438\u0447\u043d\u043e\u0457 \u043c\u0435\u0434\u0438\u0446\u0438\u043d\u0438 \u00ab\u041b\u043e\u0442\u043e\u0441\u00bb","description":"\u0426\u0435\u043d\u0442\u0440 \u0445\u043e\u043b\u0456\u0441\u0442\u0438\u0447\u043d\u043e\u0457 \u043c\u0435\u0434\u0438\u0446\u0438\u043d\u0438 \u00ab\u041b\u043e\u0442\u043e\u0441\u00bb","potentialAction":[{"@type":"SearchAction","target":{"@type":"EntryPoint","urlTemplate":"https:\/\/lotos.center\/?s={search_term_string}"},"query-input":{"@type":"PropertyValueSpecification","valueRequired":true,"valueName":"search_term_string"}}],"inLanguage":"es"}]}},"_links":{"self":[{"href":"https:\/\/lotos.center\/es\/wp-json\/wp\/v2\/pages\/1217","targetHints":{"allow":["GET"]}}],"collection":[{"href":"https:\/\/lotos.center\/es\/wp-json\/wp\/v2\/pages"}],"about":[{"href":"https:\/\/lotos.center\/es\/wp-json\/wp\/v2\/types\/page"}],"author":[{"embeddable":true,"href":"https:\/\/lotos.center\/es\/wp-json\/wp\/v2\/users\/4"}],"replies":[{"embeddable":true,"href":"https:\/\/lotos.center\/es\/wp-json\/wp\/v2\/comments?post=1217"}],"version-history":[{"count":7,"href":"https:\/\/lotos.center\/es\/wp-json\/wp\/v2\/pages\/1217\/revisions"}],"predecessor-version":[{"id":1231,"href":"https:\/\/lotos.center\/es\/wp-json\/wp\/v2\/pages\/1217\/revisions\/1231"}],"wp:attachment":[{"href":"https:\/\/lotos.center\/es\/wp-json\/wp\/v2\/media?parent=1217"}],"curies":[{"name":"wp","href":"https:\/\/api.w.org\/{rel}","templated":true}]}}