{"id":1206,"date":"2025-04-22T12:39:45","date_gmt":"2025-04-22T09:39:45","guid":{"rendered":"https:\/\/lotos.center\/?page_id=1206"},"modified":"2025-04-22T12:39:46","modified_gmt":"2025-04-22T09:39:46","slug":"aparatna-presoterapiya","status":"publish","type":"page","link":"https:\/\/lotos.center\/es\/aparatna-presoterapiya\/","title":{"rendered":"Terapia de prensado de hardware"},"content":{"rendered":"<p><strong>Detox - Alivio - Drenaje linf\u00e1tico<\/strong><\/p>\n\n\n\n<p>La presoterapia es una t\u00e9cnica innovadora que activa el sistema linf\u00e1tico a trav\u00e9s de la compresi\u00f3n, ayuda a eliminar toxinas, reducir la hinchaz\u00f3n, mejorar la circulaci\u00f3n sangu\u00ednea y el bienestar general. \u0423 <strong>Centro Lotus<\/strong> utilizamos equipos profesionales <strong>Alvi Praga PR-2000<\/strong> - uno de los mejores de su clase en t\u00e9rminos de eficiencia y confort.<\/p>\n\n\n\n<h3 class=\"wp-block-heading\" id=\"h-alvi-prague-pr-2000-\u043f\u0435\u0440\u0435\u0432\u0430\u0433\u0438-\u0430\u043f\u0430\u0440\u0430\u0442\u0443\"><strong>Alvi Prague PR-2000 - ventajas del aparato:<\/strong><\/h3>\n\n\n\n<ul class=\"wp-block-list\">\n<li>24 c\u00e1maras de aire independientes con presi\u00f3n multinivel<\/li>\n\n\n\n<li>Programas individuales para diferentes partes del cuerpo<\/li>\n\n\n\n<li>Seguridad total, certificada en la UE<\/li>\n\n\n\n<li>Modalidades: drenaje linf\u00e1tico, anticelul\u00edtico, rehabilitaci\u00f3n, recuperaci\u00f3n general<\/li>\n<\/ul>\n\n\n\n<figure class=\"wp-block-gallery has-nested-images columns-default is-cropped wp-block-gallery-1 is-layout-flex wp-block-gallery-is-layout-flex\">\n<figure class=\"wp-block-image size-medium td-caption-align-center\"><img loading=\"lazy\" decoding=\"async\" width=\"300\" height=\"200\" data-id=\"1209\" src=\"https:\/\/lotos.center\/wp-content\/uploads\/2025\/04\/pr-2000-00-1-300x200.jpg\" alt=\"\" class=\"wp-image-1209\" srcset=\"https:\/\/lotos.center\/wp-content\/uploads\/2025\/04\/pr-2000-00-1-300x200.jpg 300w, https:\/\/lotos.center\/wp-content\/uploads\/2025\/04\/pr-2000-00-1-1024x683.jpg 1024w, https:\/\/lotos.center\/wp-content\/uploads\/2025\/04\/pr-2000-00-1-768x512.jpg 768w, https:\/\/lotos.center\/wp-content\/uploads\/2025\/04\/pr-2000-00-1-18x12.jpg 18w, https:\/\/lotos.center\/wp-content\/uploads\/2025\/04\/pr-2000-00-1-150x100.jpg 150w, https:\/\/lotos.center\/wp-content\/uploads\/2025\/04\/pr-2000-00-1-696x464.jpg 696w, https:\/\/lotos.center\/wp-content\/uploads\/2025\/04\/pr-2000-00-1-1068x712.jpg 1068w, https:\/\/lotos.center\/wp-content\/uploads\/2025\/04\/pr-2000-00-1.jpg 1200w\" sizes=\"auto, (max-width: 300px) 100vw, 300px\" \/><\/figure>\n\n\n\n<figure class=\"wp-block-image size-large\"><img loading=\"lazy\" decoding=\"async\" width=\"1024\" height=\"683\" data-id=\"1210\" src=\"https:\/\/lotos.center\/wp-content\/uploads\/2025\/04\/pr-2000-03-1024x683.jpg\" alt=\"\" class=\"wp-image-1210\" srcset=\"https:\/\/lotos.center\/wp-content\/uploads\/2025\/04\/pr-2000-03-1024x683.jpg 1024w, https:\/\/lotos.center\/wp-content\/uploads\/2025\/04\/pr-2000-03-300x200.jpg 300w, https:\/\/lotos.center\/wp-content\/uploads\/2025\/04\/pr-2000-03-768x512.jpg 768w, https:\/\/lotos.center\/wp-content\/uploads\/2025\/04\/pr-2000-03-18x12.jpg 18w, https:\/\/lotos.center\/wp-content\/uploads\/2025\/04\/pr-2000-03-150x100.jpg 150w, https:\/\/lotos.center\/wp-content\/uploads\/2025\/04\/pr-2000-03-696x464.jpg 696w, https:\/\/lotos.center\/wp-content\/uploads\/2025\/04\/pr-2000-03-1068x712.jpg 1068w, https:\/\/lotos.center\/wp-content\/uploads\/2025\/04\/pr-2000-03.jpg 1200w\" sizes=\"auto, (max-width: 1024px) 100vw, 1024px\" \/><\/figure>\n<\/figure>\n\n\n\n<h2 class=\"wp-block-heading\" id=\"h-\u043a\u043e\u043c\u0443-\u043f\u0456\u0434\u0445\u043e\u0434\u0438\u0442\u044c-\u043f\u0440\u0435\u0441\u043e\u0442\u0435\u0440\u0430\u043f\u0456\u044f\"><strong>Qui\u00e9n es apto para la presoterapia:<\/strong><\/h2>\n\n\n\n<div class=\"wp-block-group\"><div class=\"wp-block-group__inner-container is-layout-constrained wp-block-group-is-layout-constrained\">\n<p>Favorecer la salud de los sistemas linf\u00e1tico y cardiovascular<\/p>\n\n\n\n<p>Para la hinchaz\u00f3n, la fatiga en las piernas, las varices<\/p>\n\n\n\n<p>Despu\u00e9s de una actividad f\u00edsica o un viaje<\/p>\n\n\n\n<p>Para combatir la celulitis y el sobrepeso<\/p>\n\n\n\n<p>En un programa de desintoxicaci\u00f3n o terapia antiestr\u00e9s<\/p>\n\n\n\n<figure class=\"wp-block-image size-full is-resized\"><img loading=\"lazy\" decoding=\"async\" width=\"1000\" height=\"650\" src=\"https:\/\/lotos.center\/wp-content\/uploads\/2025\/04\/presoterapiya.jpg\" alt=\"\" class=\"wp-image-1212\" style=\"width:746px;height:auto\" srcset=\"https:\/\/lotos.center\/wp-content\/uploads\/2025\/04\/presoterapiya.jpg 1000w, https:\/\/lotos.center\/wp-content\/uploads\/2025\/04\/presoterapiya-300x195.jpg 300w, https:\/\/lotos.center\/wp-content\/uploads\/2025\/04\/presoterapiya-768x499.jpg 768w, https:\/\/lotos.center\/wp-content\/uploads\/2025\/04\/presoterapiya-18x12.jpg 18w, https:\/\/lotos.center\/wp-content\/uploads\/2025\/04\/presoterapiya-150x98.jpg 150w, https:\/\/lotos.center\/wp-content\/uploads\/2025\/04\/presoterapiya-696x452.jpg 696w\" sizes=\"auto, (max-width: 1000px) 100vw, 1000px\" \/><\/figure>\n\n\n\n<h3 class=\"wp-block-heading\" id=\"h-\u0440\u0435\u0437\u0443\u043b\u044c\u0442\u0430\u0442\u0438-\u043f\u0456\u0441\u043b\u044f-\u043a\u0443\u0440\u0441\u0443-\u043f\u0440\u0435\u0441\u043e\u0442\u0435\u0440\u0430\u043f\u0456\u0457\"><strong>Resultados tras un tratamiento de presoterapia:<\/strong><\/h3>\n\n\n\n<p>Potenciar el efecto de los masajes, barricas, programa anticelul\u00edtico<\/p>\n\n\n\n<p>Eliminaci\u00f3n del exceso de l\u00edquidos y toxinas<\/p>\n\n\n\n<p>Alivio en las piernas, reducci\u00f3n del dolor y la tensi\u00f3n<\/p>\n\n\n\n<p>Mejorar el color y el tono de la piel<\/p>\n\n\n\n<p>Moldear una silueta m\u00e1s esbelta<\/p>\n<\/div><\/div>\n\n\n\n<h3 class=\"wp-block-heading\">\u23f1 <strong>Duraci\u00f3n del procedimiento:<\/strong> 30 minutos<\/h3>\n\n\n\n<h3 class=\"wp-block-heading\">\ud83d\udcb6 <strong>Coste:<\/strong> 30 \u20ac<\/h3>\n\n\n\n<figure class=\"wp-block-image size-large is-resized\"><img loading=\"lazy\" decoding=\"async\" width=\"1024\" height=\"682\" src=\"https:\/\/lotos.center\/wp-content\/uploads\/2025\/04\/presoterapiya-na-lizhku-1024x682.jpg\" alt=\"\" class=\"wp-image-1213\" style=\"width:589px;height:auto\" srcset=\"https:\/\/lotos.center\/wp-content\/uploads\/2025\/04\/presoterapiya-na-lizhku-1024x682.jpg 1024w, https:\/\/lotos.center\/wp-content\/uploads\/2025\/04\/presoterapiya-na-lizhku-300x200.jpg 300w, https:\/\/lotos.center\/wp-content\/uploads\/2025\/04\/presoterapiya-na-lizhku-768x512.jpg 768w, https:\/\/lotos.center\/wp-content\/uploads\/2025\/04\/presoterapiya-na-lizhku-18x12.jpg 18w, https:\/\/lotos.center\/wp-content\/uploads\/2025\/04\/presoterapiya-na-lizhku-150x100.jpg 150w, https:\/\/lotos.center\/wp-content\/uploads\/2025\/04\/presoterapiya-na-lizhku-696x464.jpg 696w, https:\/\/lotos.center\/wp-content\/uploads\/2025\/04\/presoterapiya-na-lizhku-1068x712.jpg 1068w, https:\/\/lotos.center\/wp-content\/uploads\/2025\/04\/presoterapiya-na-lizhku.jpg 1280w\" sizes=\"auto, (max-width: 1024px) 100vw, 1024px\" \/><\/figure>\n\n\n\n<p>\ud83d\udccd <strong>Centro Ayurveda Lotus, Benalm\u00e1dena<\/strong><br>\ud83d\udcf2 <strong>Grabaci\u00f3n v\u00eda WhatsApp:<\/strong> <a class=\"\">+34 686 076 155<\/a><br>\ud83d\udd14 <em>Trabajamos s\u00f3lo con cita previa<\/em><\/p>\n\n\n\n<p><\/p>","protected":false},"excerpt":{"rendered":"<p>\u0414\u0435\u0442\u043e\u043a\u0441 \u2022 \u041f\u043e\u043b\u0435\u0433\u0448\u0435\u043d\u043d\u044f \u2022 \u041b\u0456\u043c\u0444\u043e\u0434\u0440\u0435\u043d\u0430\u0436 \u041f\u0440\u0435\u0441\u043e\u0442\u0435\u0440\u0430\u043f\u0456\u044f \u2014 \u0446\u0435 \u0456\u043d\u043d\u043e\u0432\u0430\u0446\u0456\u0439\u043d\u0430 \u043c\u0435\u0442\u043e\u0434\u0438\u043a\u0430, \u044f\u043a\u0430 \u0437\u0430 \u0434\u043e\u043f\u043e\u043c\u043e\u0433\u043e\u044e \u043a\u043e\u043c\u043f\u0440\u0435\u0441\u0456\u0439\u043d\u043e\u0433\u043e \u0432\u043f\u043b\u0438\u0432\u0443 \u0430\u043a\u0442\u0438\u0432\u0456\u0437\u0443\u0454 \u0440\u043e\u0431\u043e\u0442\u0443 \u043b\u0456\u043c\u0444\u0430\u0442\u0438\u0447\u043d\u043e\u0457 \u0441\u0438\u0441\u0442\u0435\u043c\u0438, \u0441\u043f\u0440\u0438\u044f\u0454 \u0432\u0438\u0432\u0435\u0434\u0435\u043d\u043d\u044e \u0442\u043e\u043a\u0441\u0438\u043d\u0456\u0432, \u0437\u043c\u0435\u043d\u0448\u0435\u043d\u043d\u044e \u043d\u0430\u0431\u0440\u044f\u043a\u0456\u0432, \u043f\u043e\u043a\u0440\u0430\u0449\u0435\u043d\u043d\u044e \u043a\u0440\u043e\u0432\u043e\u043e\u0431\u0456\u0433\u0443 \u0442\u0430 \u0437\u0430\u0433\u0430\u043b\u044c\u043d\u043e\u0433\u043e \u0441\u0430\u043c\u043e\u043f\u043e\u0447\u0443\u0442\u0442\u044f. \u0423 \u0426\u0435\u043d\u0442\u0440\u0456 \u00ab\u041b\u043e\u0442\u043e\u0441\u00bb \u043c\u0438 \u0432\u0438\u043a\u043e\u0440\u0438\u0441\u0442\u043e\u0432\u0443\u0454\u043c\u043e \u043f\u0440\u043e\u0444\u0435\u0441\u0456\u0439\u043d\u0438\u0439 \u0430\u043f\u0430\u0440\u0430\u0442 Alvi Prague PR-2000 \u2014 \u043e\u0434\u0438\u043d \u0456\u0437 \u043d\u0430\u0439\u043a\u0440\u0430\u0449\u0438\u0445 \u0443 \u0441\u0432\u043e\u0454\u043c\u0443 \u043a\u043b\u0430\u0441\u0456 \u0437\u0430 \u0435\u0444\u0435\u043a\u0442\u0438\u0432\u043d\u0456\u0441\u0442\u044e \u0442\u0430 \u043a\u043e\u043c\u0444\u043e\u0440\u0442\u043e\u043c. Alvi Prague PR-2000 \u2014 \u043f\u0435\u0440\u0435\u0432\u0430\u0433\u0438 [&hellip;]<\/p>","protected":false},"author":4,"featured_media":0,"parent":0,"menu_order":0,"comment_status":"closed","ping_status":"closed","template":"","meta":{"inline_featured_image":false,"two_page_speed":[],"footnotes":""},"class_list":["post-1206","page","type-page","status-publish"],"yoast_head":"<!-- This site is optimized with the Yoast SEO Premium plugin v23.2 (Yoast SEO v23.8) - https:\/\/yoast.com\/wordpress\/plugins\/seo\/ -->\n<title>\u0410\u043f\u0430\u0440\u0430\u0442\u043d\u0430 \u043f\u0440\u0435\u0441\u043e\u0442\u0435\u0440\u0430\u043f\u0456\u044f - Lotos - \u0426\u0435\u043d\u0442\u0440 \u0445\u043e\u043b\u0456\u0441\u0442\u0438\u0447\u043d\u043e\u0457 \u043c\u0435\u0434\u0438\u0446\u0438\u043d\u0438 \u00ab\u041b\u043e\u0442\u043e\u0441\u00bb<\/title>\n<meta name=\"robots\" content=\"index, follow, max-snippet:-1, max-image-preview:large, max-video-preview:-1\" \/>\n<link rel=\"canonical\" href=\"https:\/\/lotos.center\/es\/aparatna-presoterapiya\/\" \/>\n<meta property=\"og:locale\" content=\"es_ES\" \/>\n<meta property=\"og:type\" content=\"article\" \/>\n<meta property=\"og:title\" content=\"\u0410\u043f\u0430\u0440\u0430\u0442\u043d\u0430 \u043f\u0440\u0435\u0441\u043e\u0442\u0435\u0440\u0430\u043f\u0456\u044f\" \/>\n<meta property=\"og:description\" content=\"\u0414\u0435\u0442\u043e\u043a\u0441 \u2022 \u041f\u043e\u043b\u0435\u0433\u0448\u0435\u043d\u043d\u044f \u2022 \u041b\u0456\u043c\u0444\u043e\u0434\u0440\u0435\u043d\u0430\u0436 \u041f\u0440\u0435\u0441\u043e\u0442\u0435\u0440\u0430\u043f\u0456\u044f \u2014 \u0446\u0435 \u0456\u043d\u043d\u043e\u0432\u0430\u0446\u0456\u0439\u043d\u0430 \u043c\u0435\u0442\u043e\u0434\u0438\u043a\u0430, \u044f\u043a\u0430 \u0437\u0430 \u0434\u043e\u043f\u043e\u043c\u043e\u0433\u043e\u044e \u043a\u043e\u043c\u043f\u0440\u0435\u0441\u0456\u0439\u043d\u043e\u0433\u043e \u0432\u043f\u043b\u0438\u0432\u0443 \u0430\u043a\u0442\u0438\u0432\u0456\u0437\u0443\u0454 \u0440\u043e\u0431\u043e\u0442\u0443 \u043b\u0456\u043c\u0444\u0430\u0442\u0438\u0447\u043d\u043e\u0457 \u0441\u0438\u0441\u0442\u0435\u043c\u0438, \u0441\u043f\u0440\u0438\u044f\u0454 \u0432\u0438\u0432\u0435\u0434\u0435\u043d\u043d\u044e \u0442\u043e\u043a\u0441\u0438\u043d\u0456\u0432, \u0437\u043c\u0435\u043d\u0448\u0435\u043d\u043d\u044e \u043d\u0430\u0431\u0440\u044f\u043a\u0456\u0432, \u043f\u043e\u043a\u0440\u0430\u0449\u0435\u043d\u043d\u044e \u043a\u0440\u043e\u0432\u043e\u043e\u0431\u0456\u0433\u0443 \u0442\u0430 \u0437\u0430\u0433\u0430\u043b\u044c\u043d\u043e\u0433\u043e \u0441\u0430\u043c\u043e\u043f\u043e\u0447\u0443\u0442\u0442\u044f. \u0423 \u0426\u0435\u043d\u0442\u0440\u0456 \u00ab\u041b\u043e\u0442\u043e\u0441\u00bb \u043c\u0438 \u0432\u0438\u043a\u043e\u0440\u0438\u0441\u0442\u043e\u0432\u0443\u0454\u043c\u043e \u043f\u0440\u043e\u0444\u0435\u0441\u0456\u0439\u043d\u0438\u0439 \u0430\u043f\u0430\u0440\u0430\u0442 Alvi Prague PR-2000 \u2014 \u043e\u0434\u0438\u043d \u0456\u0437 \u043d\u0430\u0439\u043a\u0440\u0430\u0449\u0438\u0445 \u0443 \u0441\u0432\u043e\u0454\u043c\u0443 \u043a\u043b\u0430\u0441\u0456 \u0437\u0430 \u0435\u0444\u0435\u043a\u0442\u0438\u0432\u043d\u0456\u0441\u0442\u044e \u0442\u0430 \u043a\u043e\u043c\u0444\u043e\u0440\u0442\u043e\u043c. Alvi Prague PR-2000 \u2014 \u043f\u0435\u0440\u0435\u0432\u0430\u0433\u0438 [&hellip;]\" \/>\n<meta property=\"og:url\" content=\"https:\/\/lotos.center\/es\/aparatna-presoterapiya\/\" \/>\n<meta property=\"og:site_name\" content=\"Lotos - \u0426\u0435\u043d\u0442\u0440 \u0445\u043e\u043b\u0456\u0441\u0442\u0438\u0447\u043d\u043e\u0457 \u043c\u0435\u0434\u0438\u0446\u0438\u043d\u0438 \u00ab\u041b\u043e\u0442\u043e\u0441\u00bb\" \/>\n<meta property=\"article:modified_time\" content=\"2025-04-22T09:39:46+00:00\" \/>\n<meta property=\"og:image\" content=\"https:\/\/lotos.center\/wp-content\/uploads\/2025\/04\/pr-2000-00-1.jpg\" \/>\n\t<meta property=\"og:image:width\" content=\"1200\" \/>\n\t<meta property=\"og:image:height\" content=\"800\" \/>\n\t<meta property=\"og:image:type\" content=\"image\/jpeg\" \/>\n<meta name=\"twitter:card\" content=\"summary_large_image\" \/>\n<meta name=\"twitter:label1\" content=\"Tiempo de lectura\" \/>\n\t<meta name=\"twitter:data1\" content=\"2 minutos\" \/>\n<script type=\"application\/ld+json\" class=\"yoast-schema-graph\">{\"@context\":\"https:\/\/schema.org\",\"@graph\":[{\"@type\":\"WebPage\",\"@id\":\"https:\/\/lotos.center\/aparatna-presoterapiya\/\",\"url\":\"https:\/\/lotos.center\/aparatna-presoterapiya\/\",\"name\":\"\u0410\u043f\u0430\u0440\u0430\u0442\u043d\u0430 \u043f\u0440\u0435\u0441\u043e\u0442\u0435\u0440\u0430\u043f\u0456\u044f - Lotos - \u0426\u0435\u043d\u0442\u0440 \u0445\u043e\u043b\u0456\u0441\u0442\u0438\u0447\u043d\u043e\u0457 \u043c\u0435\u0434\u0438\u0446\u0438\u043d\u0438 \u00ab\u041b\u043e\u0442\u043e\u0441\u00bb\",\"isPartOf\":{\"@id\":\"https:\/\/lotos.center\/#website\"},\"primaryImageOfPage\":{\"@id\":\"https:\/\/lotos.center\/aparatna-presoterapiya\/#primaryimage\"},\"image\":{\"@id\":\"https:\/\/lotos.center\/aparatna-presoterapiya\/#primaryimage\"},\"thumbnailUrl\":\"https:\/\/lotos.center\/wp-content\/uploads\/2025\/04\/pr-2000-00-1-300x200.jpg\",\"datePublished\":\"2025-04-22T09:39:45+00:00\",\"dateModified\":\"2025-04-22T09:39:46+00:00\",\"breadcrumb\":{\"@id\":\"https:\/\/lotos.center\/aparatna-presoterapiya\/#breadcrumb\"},\"inLanguage\":\"es\",\"potentialAction\":[{\"@type\":\"ReadAction\",\"target\":[\"https:\/\/lotos.center\/aparatna-presoterapiya\/\"]}]},{\"@type\":\"ImageObject\",\"inLanguage\":\"es\",\"@id\":\"https:\/\/lotos.center\/aparatna-presoterapiya\/#primaryimage\",\"url\":\"https:\/\/lotos.center\/wp-content\/uploads\/2025\/04\/pr-2000-00-1-300x200.jpg\",\"contentUrl\":\"https:\/\/lotos.center\/wp-content\/uploads\/2025\/04\/pr-2000-00-1-300x200.jpg\"},{\"@type\":\"BreadcrumbList\",\"@id\":\"https:\/\/lotos.center\/aparatna-presoterapiya\/#breadcrumb\",\"itemListElement\":[{\"@type\":\"ListItem\",\"position\":1,\"name\":\"\u0413\u043b\u0430\u0432\u043d\u0430\u044f \u0441\u0442\u0440\u0430\u043d\u0438\u0446\u0430\",\"item\":\"https:\/\/lotos.center\/\"},{\"@type\":\"ListItem\",\"position\":2,\"name\":\"\u0410\u043f\u0430\u0440\u0430\u0442\u043d\u0430 \u043f\u0440\u0435\u0441\u043e\u0442\u0435\u0440\u0430\u043f\u0456\u044f\"}]},{\"@type\":\"WebSite\",\"@id\":\"https:\/\/lotos.center\/#website\",\"url\":\"https:\/\/lotos.center\/\",\"name\":\"Lotos - \u0426\u0435\u043d\u0442\u0440 \u0445\u043e\u043b\u0456\u0441\u0442\u0438\u0447\u043d\u043e\u0457 \u043c\u0435\u0434\u0438\u0446\u0438\u043d\u0438 \u00ab\u041b\u043e\u0442\u043e\u0441\u00bb\",\"description\":\"\u0426\u0435\u043d\u0442\u0440 \u0445\u043e\u043b\u0456\u0441\u0442\u0438\u0447\u043d\u043e\u0457 \u043c\u0435\u0434\u0438\u0446\u0438\u043d\u0438 \u00ab\u041b\u043e\u0442\u043e\u0441\u00bb\",\"potentialAction\":[{\"@type\":\"SearchAction\",\"target\":{\"@type\":\"EntryPoint\",\"urlTemplate\":\"https:\/\/lotos.center\/?s={search_term_string}\"},\"query-input\":{\"@type\":\"PropertyValueSpecification\",\"valueRequired\":true,\"valueName\":\"search_term_string\"}}],\"inLanguage\":\"es\"}]}<\/script>\n<!-- \/ Yoast SEO Premium plugin. -->","yoast_head_json":{"title":"\u0410\u043f\u0430\u0440\u0430\u0442\u043d\u0430 \u043f\u0440\u0435\u0441\u043e\u0442\u0435\u0440\u0430\u043f\u0456\u044f - Lotos - \u0426\u0435\u043d\u0442\u0440 \u0445\u043e\u043b\u0456\u0441\u0442\u0438\u0447\u043d\u043e\u0457 \u043c\u0435\u0434\u0438\u0446\u0438\u043d\u0438 \u00ab\u041b\u043e\u0442\u043e\u0441\u00bb","robots":{"index":"index","follow":"follow","max-snippet":"max-snippet:-1","max-image-preview":"max-image-preview:large","max-video-preview":"max-video-preview:-1"},"canonical":"https:\/\/lotos.center\/es\/aparatna-presoterapiya\/","og_locale":"es_ES","og_type":"article","og_title":"\u0410\u043f\u0430\u0440\u0430\u0442\u043d\u0430 \u043f\u0440\u0435\u0441\u043e\u0442\u0435\u0440\u0430\u043f\u0456\u044f","og_description":"\u0414\u0435\u0442\u043e\u043a\u0441 \u2022 \u041f\u043e\u043b\u0435\u0433\u0448\u0435\u043d\u043d\u044f \u2022 \u041b\u0456\u043c\u0444\u043e\u0434\u0440\u0435\u043d\u0430\u0436 \u041f\u0440\u0435\u0441\u043e\u0442\u0435\u0440\u0430\u043f\u0456\u044f \u2014 \u0446\u0435 \u0456\u043d\u043d\u043e\u0432\u0430\u0446\u0456\u0439\u043d\u0430 \u043c\u0435\u0442\u043e\u0434\u0438\u043a\u0430, \u044f\u043a\u0430 \u0437\u0430 \u0434\u043e\u043f\u043e\u043c\u043e\u0433\u043e\u044e \u043a\u043e\u043c\u043f\u0440\u0435\u0441\u0456\u0439\u043d\u043e\u0433\u043e \u0432\u043f\u043b\u0438\u0432\u0443 \u0430\u043a\u0442\u0438\u0432\u0456\u0437\u0443\u0454 \u0440\u043e\u0431\u043e\u0442\u0443 \u043b\u0456\u043c\u0444\u0430\u0442\u0438\u0447\u043d\u043e\u0457 \u0441\u0438\u0441\u0442\u0435\u043c\u0438, \u0441\u043f\u0440\u0438\u044f\u0454 \u0432\u0438\u0432\u0435\u0434\u0435\u043d\u043d\u044e \u0442\u043e\u043a\u0441\u0438\u043d\u0456\u0432, \u0437\u043c\u0435\u043d\u0448\u0435\u043d\u043d\u044e \u043d\u0430\u0431\u0440\u044f\u043a\u0456\u0432, \u043f\u043e\u043a\u0440\u0430\u0449\u0435\u043d\u043d\u044e \u043a\u0440\u043e\u0432\u043e\u043e\u0431\u0456\u0433\u0443 \u0442\u0430 \u0437\u0430\u0433\u0430\u043b\u044c\u043d\u043e\u0433\u043e \u0441\u0430\u043c\u043e\u043f\u043e\u0447\u0443\u0442\u0442\u044f. \u0423 \u0426\u0435\u043d\u0442\u0440\u0456 \u00ab\u041b\u043e\u0442\u043e\u0441\u00bb \u043c\u0438 \u0432\u0438\u043a\u043e\u0440\u0438\u0441\u0442\u043e\u0432\u0443\u0454\u043c\u043e \u043f\u0440\u043e\u0444\u0435\u0441\u0456\u0439\u043d\u0438\u0439 \u0430\u043f\u0430\u0440\u0430\u0442 Alvi Prague PR-2000 \u2014 \u043e\u0434\u0438\u043d \u0456\u0437 \u043d\u0430\u0439\u043a\u0440\u0430\u0449\u0438\u0445 \u0443 \u0441\u0432\u043e\u0454\u043c\u0443 \u043a\u043b\u0430\u0441\u0456 \u0437\u0430 \u0435\u0444\u0435\u043a\u0442\u0438\u0432\u043d\u0456\u0441\u0442\u044e \u0442\u0430 \u043a\u043e\u043c\u0444\u043e\u0440\u0442\u043e\u043c. Alvi Prague PR-2000 \u2014 \u043f\u0435\u0440\u0435\u0432\u0430\u0433\u0438 [&hellip;]","og_url":"https:\/\/lotos.center\/es\/aparatna-presoterapiya\/","og_site_name":"Lotos - \u0426\u0435\u043d\u0442\u0440 \u0445\u043e\u043b\u0456\u0441\u0442\u0438\u0447\u043d\u043e\u0457 \u043c\u0435\u0434\u0438\u0446\u0438\u043d\u0438 \u00ab\u041b\u043e\u0442\u043e\u0441\u00bb","article_modified_time":"2025-04-22T09:39:46+00:00","og_image":[{"width":1200,"height":800,"url":"https:\/\/lotos.center\/wp-content\/uploads\/2025\/04\/pr-2000-00-1.jpg","type":"image\/jpeg"}],"twitter_card":"summary_large_image","twitter_misc":{"Tiempo de lectura":"2 minutos"},"schema":{"@context":"https:\/\/schema.org","@graph":[{"@type":"WebPage","@id":"https:\/\/lotos.center\/aparatna-presoterapiya\/","url":"https:\/\/lotos.center\/aparatna-presoterapiya\/","name":"\u0410\u043f\u0430\u0440\u0430\u0442\u043d\u0430 \u043f\u0440\u0435\u0441\u043e\u0442\u0435\u0440\u0430\u043f\u0456\u044f - Lotos - \u0426\u0435\u043d\u0442\u0440 \u0445\u043e\u043b\u0456\u0441\u0442\u0438\u0447\u043d\u043e\u0457 \u043c\u0435\u0434\u0438\u0446\u0438\u043d\u0438 \u00ab\u041b\u043e\u0442\u043e\u0441\u00bb","isPartOf":{"@id":"https:\/\/lotos.center\/#website"},"primaryImageOfPage":{"@id":"https:\/\/lotos.center\/aparatna-presoterapiya\/#primaryimage"},"image":{"@id":"https:\/\/lotos.center\/aparatna-presoterapiya\/#primaryimage"},"thumbnailUrl":"https:\/\/lotos.center\/wp-content\/uploads\/2025\/04\/pr-2000-00-1-300x200.jpg","datePublished":"2025-04-22T09:39:45+00:00","dateModified":"2025-04-22T09:39:46+00:00","breadcrumb":{"@id":"https:\/\/lotos.center\/aparatna-presoterapiya\/#breadcrumb"},"inLanguage":"es","potentialAction":[{"@type":"ReadAction","target":["https:\/\/lotos.center\/aparatna-presoterapiya\/"]}]},{"@type":"ImageObject","inLanguage":"es","@id":"https:\/\/lotos.center\/aparatna-presoterapiya\/#primaryimage","url":"https:\/\/lotos.center\/wp-content\/uploads\/2025\/04\/pr-2000-00-1-300x200.jpg","contentUrl":"https:\/\/lotos.center\/wp-content\/uploads\/2025\/04\/pr-2000-00-1-300x200.jpg"},{"@type":"BreadcrumbList","@id":"https:\/\/lotos.center\/aparatna-presoterapiya\/#breadcrumb","itemListElement":[{"@type":"ListItem","position":1,"name":"\u0413\u043b\u0430\u0432\u043d\u0430\u044f \u0441\u0442\u0440\u0430\u043d\u0438\u0446\u0430","item":"https:\/\/lotos.center\/"},{"@type":"ListItem","position":2,"name":"\u0410\u043f\u0430\u0440\u0430\u0442\u043d\u0430 \u043f\u0440\u0435\u0441\u043e\u0442\u0435\u0440\u0430\u043f\u0456\u044f"}]},{"@type":"WebSite","@id":"https:\/\/lotos.center\/#website","url":"https:\/\/lotos.center\/","name":"Lotos - \u0426\u0435\u043d\u0442\u0440 \u0445\u043e\u043b\u0456\u0441\u0442\u0438\u0447\u043d\u043e\u0457 \u043c\u0435\u0434\u0438\u0446\u0438\u043d\u0438 \u00ab\u041b\u043e\u0442\u043e\u0441\u00bb","description":"\u0426\u0435\u043d\u0442\u0440 \u0445\u043e\u043b\u0456\u0441\u0442\u0438\u0447\u043d\u043e\u0457 \u043c\u0435\u0434\u0438\u0446\u0438\u043d\u0438 \u00ab\u041b\u043e\u0442\u043e\u0441\u00bb","potentialAction":[{"@type":"SearchAction","target":{"@type":"EntryPoint","urlTemplate":"https:\/\/lotos.center\/?s={search_term_string}"},"query-input":{"@type":"PropertyValueSpecification","valueRequired":true,"valueName":"search_term_string"}}],"inLanguage":"es"}]}},"_links":{"self":[{"href":"https:\/\/lotos.center\/es\/wp-json\/wp\/v2\/pages\/1206","targetHints":{"allow":["GET"]}}],"collection":[{"href":"https:\/\/lotos.center\/es\/wp-json\/wp\/v2\/pages"}],"about":[{"href":"https:\/\/lotos.center\/es\/wp-json\/wp\/v2\/types\/page"}],"author":[{"embeddable":true,"href":"https:\/\/lotos.center\/es\/wp-json\/wp\/v2\/users\/4"}],"replies":[{"embeddable":true,"href":"https:\/\/lotos.center\/es\/wp-json\/wp\/v2\/comments?post=1206"}],"version-history":[{"count":1,"href":"https:\/\/lotos.center\/es\/wp-json\/wp\/v2\/pages\/1206\/revisions"}],"predecessor-version":[{"id":1214,"href":"https:\/\/lotos.center\/es\/wp-json\/wp\/v2\/pages\/1206\/revisions\/1214"}],"wp:attachment":[{"href":"https:\/\/lotos.center\/es\/wp-json\/wp\/v2\/media?parent=1206"}],"curies":[{"name":"wp","href":"https:\/\/api.w.org\/{rel}","templated":true}]}}