{"id":1072,"date":"2024-08-16T18:47:44","date_gmt":"2024-08-16T15:47:44","guid":{"rendered":"https:\/\/lotos.center\/?page_id=1072"},"modified":"2024-08-16T18:47:45","modified_gmt":"2024-08-16T15:47:45","slug":"politika-konfidenczijnosti-kompani%d1%97","status":"publish","type":"page","link":"https:\/\/lotos.center\/es\/kompani\u0457-politica-de-cumplimiento-de-la-empresa\/","title":{"rendered":"Pol\u00edtica de privacidad de la empresa"},"content":{"rendered":"<h3 class=\"wp-block-heading\" id=\"h-\u043f\u043e\u043b\u0456\u0442\u0438\u043a\u0430-\u043a\u043e\u043d\u0444\u0456\u0434\u0435\u043d\u0446\u0456\u0439\u043d\u043e\u0441\u0442\u0456-\u043a\u043e\u043c\u043f\u0430\u043d\u0456\u0457-\u043b\u043e\u0442\u043e\u0441\">Pol\u00edtica de privacidad de la empresa Lotus<\/h3>\n\n\n\n<h4 class=\"wp-block-heading\" id=\"h-1-\u0432\u0441\u0442\u0443\u043f\">1. Introducci\u00f3n<\/h4>\n\n\n\n<p>Lotus respeta su privacidad y se compromete a proteger los datos personales que nos proporcione. Esta pol\u00edtica de privacidad explica c\u00f3mo recopilamos, utilizamos, procesamos y protegemos su informaci\u00f3n cuando utiliza nuestro sitio web y nuestros servicios.<\/p>\n\n\n\n<h4 class=\"wp-block-heading\" id=\"h-2-\u044f\u043a\u0430-\u0456\u043d\u0444\u043e\u0440\u043c\u0430\u0446\u0456\u044f-\u0437\u0431\u0438\u0440\u0430\u0454\u0442\u044c\u0441\u044f\">2. Qu\u00e9 informaci\u00f3n se recoge<\/h4>\n\n\n\n<p>Podemos recopilar los siguientes tipos de datos personales:<\/p>\n\n\n\n<ul class=\"wp-block-list\">\n<li><strong>Informaci\u00f3n de contacto<\/strong>: Nombre, apellidos, direcci\u00f3n de correo electr\u00f3nico, n\u00famero de tel\u00e9fono.<\/li>\n\n\n\n<li><strong>Informaci\u00f3n sobre los m\u00e9todos de pago<\/strong>: Datos de la tarjeta de cr\u00e9dito o d\u00e9bito, datos de pago.<\/li>\n\n\n\n<li><strong>Datos sobre la interacci\u00f3n con el sitio<\/strong>: Direcci\u00f3n IP, cookies, historial de navegaci\u00f3n, informaci\u00f3n del dispositivo.<\/li>\n\n\n\n<li><strong>Informaci\u00f3n adicional<\/strong>: Otros datos que nos facilite al cumplimentar formularios en nuestro sitio web o en el curso de la comunicaci\u00f3n con nosotros.<\/li>\n<\/ul>\n\n\n\n<h4 class=\"wp-block-heading\" id=\"h-3-\u044f\u043a-\u0432\u0438\u043a\u043e\u0440\u0438\u0441\u0442\u043e\u0432\u0443\u0454\u0442\u044c\u0441\u044f-\u0432\u0430\u0448\u0430-\u0456\u043d\u0444\u043e\u0440\u043c\u0430\u0446\u0456\u044f\">3. C\u00f3mo se utiliza su informaci\u00f3n<\/h4>\n\n\n\n<p>Utilizamos su informaci\u00f3n para los siguientes fines:<\/p>\n\n\n\n<ul class=\"wp-block-list\">\n<li><strong>Prestaci\u00f3n de servicios<\/strong>: Para tramitar sus pedidos y prestarle los servicios que haya solicitado.<\/li>\n\n\n\n<li><strong>Comunicaci\u00f3n<\/strong>: Para ponernos en contacto con usted en relaci\u00f3n con sus pedidos, responder a sus consultas, enviarle informaci\u00f3n y noticias.<\/li>\n\n\n\n<li><strong>Mejorar los servicios<\/strong>: Analizar el uso de nuestro sitio web y nuestros servicios para mejorarlos.<\/li>\n\n\n\n<li><strong>Seguridad.<\/strong>: Para proteger nuestro sitio y prevenir el fraude.<\/li>\n<\/ul>\n\n\n\n<h4 class=\"wp-block-heading\" id=\"h-4-\u0437\u0430\u0445\u0438\u0441\u0442-\u0456\u043d\u0444\u043e\u0440\u043c\u0430\u0446\u0456\u0457\">4. 4. Protecci\u00f3n de la informaci\u00f3n<\/h4>\n\n\n\n<p>Utilizamos medidas t\u00e9cnicas y organizativas adecuadas para proteger su informaci\u00f3n contra el acceso no autorizado, la p\u00e9rdida, la alteraci\u00f3n o la divulgaci\u00f3n. Esto incluye el uso de cifrado de datos, servidores seguros y otras medidas de seguridad.<\/p>\n\n\n\n<h4 class=\"wp-block-heading\" id=\"h-5-\u043f\u043e\u0434\u0456\u043b-\u0456\u043d\u0444\u043e\u0440\u043c\u0430\u0446\u0456\u0454\u044e-\u0437-\u0442\u0440\u0435\u0442\u0456\u043c\u0438-\u043e\u0441\u043e\u0431\u0430\u043c\u0438\">5. Compartir informaci\u00f3n con terceros<\/h4>\n\n\n\n<p>No vendemos, alquilamos ni compartimos su informaci\u00f3n personal con terceros sin su consentimiento, excepto en los siguientes casos:<\/p>\n\n\n\n<ul class=\"wp-block-list\">\n<li><strong>Proveedores de servicios<\/strong>: Podemos compartir su informaci\u00f3n con nuestros socios de confianza que nos ayudan a prestar nuestros servicios (por ejemplo, procesadores de pagos).<\/li>\n\n\n\n<li><strong>Requisitos legales<\/strong>: Podemos revelar su informaci\u00f3n si as\u00ed lo exige la ley o para proteger nuestros derechos, propiedad o seguridad.<\/li>\n<\/ul>\n\n\n\n<h4 class=\"wp-block-heading\" id=\"h-6-\u0444\u0430\u0439\u043b\u0438-cookie\">6. Cookies.<\/h4>\n\n\n\n<p>Nuestro sitio web utiliza cookies para facilitarle el acceso a nuestros servicios y mejorar su experiencia de usuario. Las cookies nos ayudan a analizar c\u00f3mo utiliza el sitio, recordar sus preferencias y garantizar la seguridad.<\/p>\n\n\n\n<h4 class=\"wp-block-heading\" id=\"h-7-\u0432\u0430\u0448\u0456-\u043f\u0440\u0430\u0432\u0430\">7. Sus derechos<\/h4>\n\n\n\n<p>Tienes derecho:<\/p>\n\n\n\n<ul class=\"wp-block-list\">\n<li><strong>Acceda a<\/strong>: Acceder a los datos personales que poseemos.<\/li>\n\n\n\n<li><strong>Correcci\u00f3n.<\/strong>: Corregir inexactitudes en sus datos personales.<\/li>\n\n\n\n<li><strong>Borrar<\/strong>: Solicitar la supresi\u00f3n de sus datos personales.<\/li>\n\n\n\n<li><strong>Retirada del consentimiento<\/strong>: Retirar su consentimiento al tratamiento de datos en cualquier momento.<\/li>\n<\/ul>\n\n\n\n<p>Para ejercer sus derechos, p\u00f3ngase en contacto con nosotros a trav\u00e9s de los datos que figuran en nuestro sitio web.<\/p>\n\n\n\n<h4 class=\"wp-block-heading\" id=\"h-8-\u0437\u043c\u0456\u043d\u0438-\u0432-\u043f\u043e\u043b\u0456\u0442\u0438\u0446\u0456-\u043a\u043e\u043d\u0444\u0456\u0434\u0435\u043d\u0446\u0456\u0439\u043d\u043e\u0441\u0442\u0456\">8. Cambios en la pol\u00edtica de privacidad<\/h4>\n\n\n\n<p>Podemos actualizar esta pol\u00edtica de privacidad de vez en cuando para reflejar cambios en nuestras pr\u00e1cticas o en la ley. Le informaremos de cualquier cambio publicando la nueva versi\u00f3n de la pol\u00edtica en nuestro sitio web.<\/p>\n\n\n\n<h4 class=\"wp-block-heading\" id=\"h-9-\u043a\u043e\u043d\u0442\u0430\u043a\u0442\u0438\">9. Contactos.<\/h4>\n\n\n\n<p>Si tiene alguna pregunta o solicitud en relaci\u00f3n con esta pol\u00edtica de privacidad, p\u00f3ngase en contacto con nosotros en la direcci\u00f3n de correo electr\u00f3nico o el n\u00famero de tel\u00e9fono que figuran en nuestro sitio web.<\/p>","protected":false},"excerpt":{"rendered":"<p>\u041f\u043e\u043b\u0456\u0442\u0438\u043a\u0430 \u043a\u043e\u043d\u0444\u0456\u0434\u0435\u043d\u0446\u0456\u0439\u043d\u043e\u0441\u0442\u0456 \u043a\u043e\u043c\u043f\u0430\u043d\u0456\u0457 &#8220;\u041b\u043e\u0442\u043e\u0441&#8221; 1. \u0412\u0441\u0442\u0443\u043f \u041a\u043e\u043c\u043f\u0430\u043d\u0456\u044f &#8220;\u041b\u043e\u0442\u043e\u0441&#8221; \u043f\u043e\u0432\u0430\u0436\u0430\u0454 \u0432\u0430\u0448\u0443 \u043a\u043e\u043d\u0444\u0456\u0434\u0435\u043d\u0446\u0456\u0439\u043d\u0456\u0441\u0442\u044c \u0456 \u0437\u043e\u0431\u043e\u0432&#8217;\u044f\u0437\u0443\u0454\u0442\u044c\u0441\u044f \u0437\u0430\u0445\u0438\u0449\u0430\u0442\u0438 \u043f\u0435\u0440\u0441\u043e\u043d\u0430\u043b\u044c\u043d\u0456 \u0434\u0430\u043d\u0456, \u044f\u043a\u0456 \u0432\u0438 \u043d\u0430\u0434\u0430\u0454\u0442\u0435 \u043d\u0430\u043c. \u0426\u044f \u043f\u043e\u043b\u0456\u0442\u0438\u043a\u0430 \u043a\u043e\u043d\u0444\u0456\u0434\u0435\u043d\u0446\u0456\u0439\u043d\u043e\u0441\u0442\u0456 \u043f\u043e\u044f\u0441\u043d\u044e\u0454, \u044f\u043a \u043c\u0438 \u0437\u0431\u0438\u0440\u0430\u0454\u043c\u043e, \u0432\u0438\u043a\u043e\u0440\u0438\u0441\u0442\u043e\u0432\u0443\u0454\u043c\u043e, \u043e\u0431\u0440\u043e\u0431\u043b\u044f\u0454\u043c\u043e \u0442\u0430 \u0437\u0430\u0445\u0438\u0449\u0430\u0454\u043c\u043e \u0432\u0430\u0448\u0443 \u0456\u043d\u0444\u043e\u0440\u043c\u0430\u0446\u0456\u044e \u043f\u0456\u0434 \u0447\u0430\u0441 \u043a\u043e\u0440\u0438\u0441\u0442\u0443\u0432\u0430\u043d\u043d\u044f \u043d\u0430\u0448\u0438\u043c \u0441\u0430\u0439\u0442\u043e\u043c \u0442\u0430 \u043f\u043e\u0441\u043b\u0443\u0433\u0430\u043c\u0438. 2. \u042f\u043a\u0430 \u0456\u043d\u0444\u043e\u0440\u043c\u0430\u0446\u0456\u044f \u0437\u0431\u0438\u0440\u0430\u0454\u0442\u044c\u0441\u044f \u041c\u0438 \u043c\u043e\u0436\u0435\u043c\u043e \u0437\u0431\u0438\u0440\u0430\u0442\u0438 \u043d\u0430\u0441\u0442\u0443\u043f\u043d\u0456 \u0442\u0438\u043f\u0438 \u043f\u0435\u0440\u0441\u043e\u043d\u0430\u043b\u044c\u043d\u0438\u0445 \u0434\u0430\u043d\u0438\u0445: 3. \u042f\u043a \u0432\u0438\u043a\u043e\u0440\u0438\u0441\u0442\u043e\u0432\u0443\u0454\u0442\u044c\u0441\u044f \u0432\u0430\u0448\u0430 [&hellip;]<\/p>","protected":false},"author":4,"featured_media":0,"parent":0,"menu_order":0,"comment_status":"closed","ping_status":"closed","template":"","meta":{"inline_featured_image":false,"two_page_speed":[],"footnotes":""},"class_list":["post-1072","page","type-page","status-publish"],"yoast_head":"<!-- This site is optimized with the Yoast SEO Premium plugin v23.2 (Yoast SEO v23.8) - https:\/\/yoast.com\/wordpress\/plugins\/seo\/ -->\n<title>\u041f\u043e\u043b\u0456\u0442\u0438\u043a\u0430 \u043a\u043e\u043d\u0444\u0456\u0434\u0435\u043d\u0446\u0456\u0439\u043d\u043e\u0441\u0442\u0456 \u043a\u043e\u043c\u043f\u0430\u043d\u0456\u0457 - Lotos - \u0426\u0435\u043d\u0442\u0440 \u0445\u043e\u043b\u0456\u0441\u0442\u0438\u0447\u043d\u043e\u0457 \u043c\u0435\u0434\u0438\u0446\u0438\u043d\u0438 \u00ab\u041b\u043e\u0442\u043e\u0441\u00bb<\/title>\n<meta name=\"robots\" content=\"index, follow, max-snippet:-1, max-image-preview:large, max-video-preview:-1\" \/>\n<link rel=\"canonical\" href=\"https:\/\/lotos.center\/es\/kompani\u0457-politica-de-cumplimiento-de-la-empresa\/\" \/>\n<meta property=\"og:locale\" content=\"es_ES\" \/>\n<meta property=\"og:type\" content=\"article\" \/>\n<meta property=\"og:title\" content=\"\u041f\u043e\u043b\u0456\u0442\u0438\u043a\u0430 \u043a\u043e\u043d\u0444\u0456\u0434\u0435\u043d\u0446\u0456\u0439\u043d\u043e\u0441\u0442\u0456 \u043a\u043e\u043c\u043f\u0430\u043d\u0456\u0457\" \/>\n<meta property=\"og:description\" content=\"\u041f\u043e\u043b\u0456\u0442\u0438\u043a\u0430 \u043a\u043e\u043d\u0444\u0456\u0434\u0435\u043d\u0446\u0456\u0439\u043d\u043e\u0441\u0442\u0456 \u043a\u043e\u043c\u043f\u0430\u043d\u0456\u0457 &#8220;\u041b\u043e\u0442\u043e\u0441&#8221; 1. \u0412\u0441\u0442\u0443\u043f \u041a\u043e\u043c\u043f\u0430\u043d\u0456\u044f &#8220;\u041b\u043e\u0442\u043e\u0441&#8221; \u043f\u043e\u0432\u0430\u0436\u0430\u0454 \u0432\u0430\u0448\u0443 \u043a\u043e\u043d\u0444\u0456\u0434\u0435\u043d\u0446\u0456\u0439\u043d\u0456\u0441\u0442\u044c \u0456 \u0437\u043e\u0431\u043e\u0432&#039;\u044f\u0437\u0443\u0454\u0442\u044c\u0441\u044f \u0437\u0430\u0445\u0438\u0449\u0430\u0442\u0438 \u043f\u0435\u0440\u0441\u043e\u043d\u0430\u043b\u044c\u043d\u0456 \u0434\u0430\u043d\u0456, \u044f\u043a\u0456 \u0432\u0438 \u043d\u0430\u0434\u0430\u0454\u0442\u0435 \u043d\u0430\u043c. \u0426\u044f \u043f\u043e\u043b\u0456\u0442\u0438\u043a\u0430 \u043a\u043e\u043d\u0444\u0456\u0434\u0435\u043d\u0446\u0456\u0439\u043d\u043e\u0441\u0442\u0456 \u043f\u043e\u044f\u0441\u043d\u044e\u0454, \u044f\u043a \u043c\u0438 \u0437\u0431\u0438\u0440\u0430\u0454\u043c\u043e, \u0432\u0438\u043a\u043e\u0440\u0438\u0441\u0442\u043e\u0432\u0443\u0454\u043c\u043e, \u043e\u0431\u0440\u043e\u0431\u043b\u044f\u0454\u043c\u043e \u0442\u0430 \u0437\u0430\u0445\u0438\u0449\u0430\u0454\u043c\u043e \u0432\u0430\u0448\u0443 \u0456\u043d\u0444\u043e\u0440\u043c\u0430\u0446\u0456\u044e \u043f\u0456\u0434 \u0447\u0430\u0441 \u043a\u043e\u0440\u0438\u0441\u0442\u0443\u0432\u0430\u043d\u043d\u044f \u043d\u0430\u0448\u0438\u043c \u0441\u0430\u0439\u0442\u043e\u043c \u0442\u0430 \u043f\u043e\u0441\u043b\u0443\u0433\u0430\u043c\u0438. 2. \u042f\u043a\u0430 \u0456\u043d\u0444\u043e\u0440\u043c\u0430\u0446\u0456\u044f \u0437\u0431\u0438\u0440\u0430\u0454\u0442\u044c\u0441\u044f \u041c\u0438 \u043c\u043e\u0436\u0435\u043c\u043e \u0437\u0431\u0438\u0440\u0430\u0442\u0438 \u043d\u0430\u0441\u0442\u0443\u043f\u043d\u0456 \u0442\u0438\u043f\u0438 \u043f\u0435\u0440\u0441\u043e\u043d\u0430\u043b\u044c\u043d\u0438\u0445 \u0434\u0430\u043d\u0438\u0445: 3. \u042f\u043a \u0432\u0438\u043a\u043e\u0440\u0438\u0441\u0442\u043e\u0432\u0443\u0454\u0442\u044c\u0441\u044f \u0432\u0430\u0448\u0430 [&hellip;]\" \/>\n<meta property=\"og:url\" content=\"https:\/\/lotos.center\/es\/kompani\u0457-politica-de-cumplimiento-de-la-empresa\/\" \/>\n<meta property=\"og:site_name\" content=\"Lotos - \u0426\u0435\u043d\u0442\u0440 \u0445\u043e\u043b\u0456\u0441\u0442\u0438\u0447\u043d\u043e\u0457 \u043c\u0435\u0434\u0438\u0446\u0438\u043d\u0438 \u00ab\u041b\u043e\u0442\u043e\u0441\u00bb\" \/>\n<meta property=\"article:modified_time\" content=\"2024-08-16T15:47:45+00:00\" \/>\n<meta name=\"twitter:card\" content=\"summary_large_image\" \/>\n<meta name=\"twitter:label1\" content=\"Tiempo de lectura\" \/>\n\t<meta name=\"twitter:data1\" content=\"3 minutos\" \/>\n<script type=\"application\/ld+json\" class=\"yoast-schema-graph\">{\"@context\":\"https:\/\/schema.org\",\"@graph\":[{\"@type\":\"WebPage\",\"@id\":\"https:\/\/lotos.center\/politika-konfidenczijnosti-kompani%d1%97\/\",\"url\":\"https:\/\/lotos.center\/politika-konfidenczijnosti-kompani%d1%97\/\",\"name\":\"\u041f\u043e\u043b\u0456\u0442\u0438\u043a\u0430 \u043a\u043e\u043d\u0444\u0456\u0434\u0435\u043d\u0446\u0456\u0439\u043d\u043e\u0441\u0442\u0456 \u043a\u043e\u043c\u043f\u0430\u043d\u0456\u0457 - Lotos - \u0426\u0435\u043d\u0442\u0440 \u0445\u043e\u043b\u0456\u0441\u0442\u0438\u0447\u043d\u043e\u0457 \u043c\u0435\u0434\u0438\u0446\u0438\u043d\u0438 \u00ab\u041b\u043e\u0442\u043e\u0441\u00bb\",\"isPartOf\":{\"@id\":\"https:\/\/lotos.center\/#website\"},\"datePublished\":\"2024-08-16T15:47:44+00:00\",\"dateModified\":\"2024-08-16T15:47:45+00:00\",\"breadcrumb\":{\"@id\":\"https:\/\/lotos.center\/politika-konfidenczijnosti-kompani%d1%97\/#breadcrumb\"},\"inLanguage\":\"es\",\"potentialAction\":[{\"@type\":\"ReadAction\",\"target\":[\"https:\/\/lotos.center\/politika-konfidenczijnosti-kompani%d1%97\/\"]}]},{\"@type\":\"BreadcrumbList\",\"@id\":\"https:\/\/lotos.center\/politika-konfidenczijnosti-kompani%d1%97\/#breadcrumb\",\"itemListElement\":[{\"@type\":\"ListItem\",\"position\":1,\"name\":\"\u0413\u043b\u0430\u0432\u043d\u0430\u044f \u0441\u0442\u0440\u0430\u043d\u0438\u0446\u0430\",\"item\":\"https:\/\/lotos.center\/\"},{\"@type\":\"ListItem\",\"position\":2,\"name\":\"\u041f\u043e\u043b\u0456\u0442\u0438\u043a\u0430 \u043a\u043e\u043d\u0444\u0456\u0434\u0435\u043d\u0446\u0456\u0439\u043d\u043e\u0441\u0442\u0456 \u043a\u043e\u043c\u043f\u0430\u043d\u0456\u0457\"}]},{\"@type\":\"WebSite\",\"@id\":\"https:\/\/lotos.center\/#website\",\"url\":\"https:\/\/lotos.center\/\",\"name\":\"Lotos - \u0426\u0435\u043d\u0442\u0440 \u0445\u043e\u043b\u0456\u0441\u0442\u0438\u0447\u043d\u043e\u0457 \u043c\u0435\u0434\u0438\u0446\u0438\u043d\u0438 \u00ab\u041b\u043e\u0442\u043e\u0441\u00bb\",\"description\":\"\u0426\u0435\u043d\u0442\u0440 \u0445\u043e\u043b\u0456\u0441\u0442\u0438\u0447\u043d\u043e\u0457 \u043c\u0435\u0434\u0438\u0446\u0438\u043d\u0438 \u00ab\u041b\u043e\u0442\u043e\u0441\u00bb\",\"potentialAction\":[{\"@type\":\"SearchAction\",\"target\":{\"@type\":\"EntryPoint\",\"urlTemplate\":\"https:\/\/lotos.center\/?s={search_term_string}\"},\"query-input\":{\"@type\":\"PropertyValueSpecification\",\"valueRequired\":true,\"valueName\":\"search_term_string\"}}],\"inLanguage\":\"es\"}]}<\/script>\n<!-- \/ Yoast SEO Premium plugin. -->","yoast_head_json":{"title":"\u041f\u043e\u043b\u0456\u0442\u0438\u043a\u0430 \u043a\u043e\u043d\u0444\u0456\u0434\u0435\u043d\u0446\u0456\u0439\u043d\u043e\u0441\u0442\u0456 \u043a\u043e\u043c\u043f\u0430\u043d\u0456\u0457 - Lotos - \u0426\u0435\u043d\u0442\u0440 \u0445\u043e\u043b\u0456\u0441\u0442\u0438\u0447\u043d\u043e\u0457 \u043c\u0435\u0434\u0438\u0446\u0438\u043d\u0438 \u00ab\u041b\u043e\u0442\u043e\u0441\u00bb","robots":{"index":"index","follow":"follow","max-snippet":"max-snippet:-1","max-image-preview":"max-image-preview:large","max-video-preview":"max-video-preview:-1"},"canonical":"https:\/\/lotos.center\/es\/kompani\u0457-politica-de-cumplimiento-de-la-empresa\/","og_locale":"es_ES","og_type":"article","og_title":"\u041f\u043e\u043b\u0456\u0442\u0438\u043a\u0430 \u043a\u043e\u043d\u0444\u0456\u0434\u0435\u043d\u0446\u0456\u0439\u043d\u043e\u0441\u0442\u0456 \u043a\u043e\u043c\u043f\u0430\u043d\u0456\u0457","og_description":"\u041f\u043e\u043b\u0456\u0442\u0438\u043a\u0430 \u043a\u043e\u043d\u0444\u0456\u0434\u0435\u043d\u0446\u0456\u0439\u043d\u043e\u0441\u0442\u0456 \u043a\u043e\u043c\u043f\u0430\u043d\u0456\u0457 &#8220;\u041b\u043e\u0442\u043e\u0441&#8221; 1. \u0412\u0441\u0442\u0443\u043f \u041a\u043e\u043c\u043f\u0430\u043d\u0456\u044f &#8220;\u041b\u043e\u0442\u043e\u0441&#8221; \u043f\u043e\u0432\u0430\u0436\u0430\u0454 \u0432\u0430\u0448\u0443 \u043a\u043e\u043d\u0444\u0456\u0434\u0435\u043d\u0446\u0456\u0439\u043d\u0456\u0441\u0442\u044c \u0456 \u0437\u043e\u0431\u043e\u0432'\u044f\u0437\u0443\u0454\u0442\u044c\u0441\u044f \u0437\u0430\u0445\u0438\u0449\u0430\u0442\u0438 \u043f\u0435\u0440\u0441\u043e\u043d\u0430\u043b\u044c\u043d\u0456 \u0434\u0430\u043d\u0456, \u044f\u043a\u0456 \u0432\u0438 \u043d\u0430\u0434\u0430\u0454\u0442\u0435 \u043d\u0430\u043c. \u0426\u044f \u043f\u043e\u043b\u0456\u0442\u0438\u043a\u0430 \u043a\u043e\u043d\u0444\u0456\u0434\u0435\u043d\u0446\u0456\u0439\u043d\u043e\u0441\u0442\u0456 \u043f\u043e\u044f\u0441\u043d\u044e\u0454, \u044f\u043a \u043c\u0438 \u0437\u0431\u0438\u0440\u0430\u0454\u043c\u043e, \u0432\u0438\u043a\u043e\u0440\u0438\u0441\u0442\u043e\u0432\u0443\u0454\u043c\u043e, \u043e\u0431\u0440\u043e\u0431\u043b\u044f\u0454\u043c\u043e \u0442\u0430 \u0437\u0430\u0445\u0438\u0449\u0430\u0454\u043c\u043e \u0432\u0430\u0448\u0443 \u0456\u043d\u0444\u043e\u0440\u043c\u0430\u0446\u0456\u044e \u043f\u0456\u0434 \u0447\u0430\u0441 \u043a\u043e\u0440\u0438\u0441\u0442\u0443\u0432\u0430\u043d\u043d\u044f \u043d\u0430\u0448\u0438\u043c \u0441\u0430\u0439\u0442\u043e\u043c \u0442\u0430 \u043f\u043e\u0441\u043b\u0443\u0433\u0430\u043c\u0438. 2. \u042f\u043a\u0430 \u0456\u043d\u0444\u043e\u0440\u043c\u0430\u0446\u0456\u044f \u0437\u0431\u0438\u0440\u0430\u0454\u0442\u044c\u0441\u044f \u041c\u0438 \u043c\u043e\u0436\u0435\u043c\u043e \u0437\u0431\u0438\u0440\u0430\u0442\u0438 \u043d\u0430\u0441\u0442\u0443\u043f\u043d\u0456 \u0442\u0438\u043f\u0438 \u043f\u0435\u0440\u0441\u043e\u043d\u0430\u043b\u044c\u043d\u0438\u0445 \u0434\u0430\u043d\u0438\u0445: 3. \u042f\u043a \u0432\u0438\u043a\u043e\u0440\u0438\u0441\u0442\u043e\u0432\u0443\u0454\u0442\u044c\u0441\u044f \u0432\u0430\u0448\u0430 [&hellip;]","og_url":"https:\/\/lotos.center\/es\/kompani\u0457-politica-de-cumplimiento-de-la-empresa\/","og_site_name":"Lotos - \u0426\u0435\u043d\u0442\u0440 \u0445\u043e\u043b\u0456\u0441\u0442\u0438\u0447\u043d\u043e\u0457 \u043c\u0435\u0434\u0438\u0446\u0438\u043d\u0438 \u00ab\u041b\u043e\u0442\u043e\u0441\u00bb","article_modified_time":"2024-08-16T15:47:45+00:00","twitter_card":"summary_large_image","twitter_misc":{"Tiempo de lectura":"3 minutos"},"schema":{"@context":"https:\/\/schema.org","@graph":[{"@type":"WebPage","@id":"https:\/\/lotos.center\/politika-konfidenczijnosti-kompani%d1%97\/","url":"https:\/\/lotos.center\/politika-konfidenczijnosti-kompani%d1%97\/","name":"\u041f\u043e\u043b\u0456\u0442\u0438\u043a\u0430 \u043a\u043e\u043d\u0444\u0456\u0434\u0435\u043d\u0446\u0456\u0439\u043d\u043e\u0441\u0442\u0456 \u043a\u043e\u043c\u043f\u0430\u043d\u0456\u0457 - Lotos - \u0426\u0435\u043d\u0442\u0440 \u0445\u043e\u043b\u0456\u0441\u0442\u0438\u0447\u043d\u043e\u0457 \u043c\u0435\u0434\u0438\u0446\u0438\u043d\u0438 \u00ab\u041b\u043e\u0442\u043e\u0441\u00bb","isPartOf":{"@id":"https:\/\/lotos.center\/#website"},"datePublished":"2024-08-16T15:47:44+00:00","dateModified":"2024-08-16T15:47:45+00:00","breadcrumb":{"@id":"https:\/\/lotos.center\/politika-konfidenczijnosti-kompani%d1%97\/#breadcrumb"},"inLanguage":"es","potentialAction":[{"@type":"ReadAction","target":["https:\/\/lotos.center\/politika-konfidenczijnosti-kompani%d1%97\/"]}]},{"@type":"BreadcrumbList","@id":"https:\/\/lotos.center\/politika-konfidenczijnosti-kompani%d1%97\/#breadcrumb","itemListElement":[{"@type":"ListItem","position":1,"name":"\u0413\u043b\u0430\u0432\u043d\u0430\u044f \u0441\u0442\u0440\u0430\u043d\u0438\u0446\u0430","item":"https:\/\/lotos.center\/"},{"@type":"ListItem","position":2,"name":"\u041f\u043e\u043b\u0456\u0442\u0438\u043a\u0430 \u043a\u043e\u043d\u0444\u0456\u0434\u0435\u043d\u0446\u0456\u0439\u043d\u043e\u0441\u0442\u0456 \u043a\u043e\u043c\u043f\u0430\u043d\u0456\u0457"}]},{"@type":"WebSite","@id":"https:\/\/lotos.center\/#website","url":"https:\/\/lotos.center\/","name":"Lotos - \u0426\u0435\u043d\u0442\u0440 \u0445\u043e\u043b\u0456\u0441\u0442\u0438\u0447\u043d\u043e\u0457 \u043c\u0435\u0434\u0438\u0446\u0438\u043d\u0438 \u00ab\u041b\u043e\u0442\u043e\u0441\u00bb","description":"\u0426\u0435\u043d\u0442\u0440 \u0445\u043e\u043b\u0456\u0441\u0442\u0438\u0447\u043d\u043e\u0457 \u043c\u0435\u0434\u0438\u0446\u0438\u043d\u0438 \u00ab\u041b\u043e\u0442\u043e\u0441\u00bb","potentialAction":[{"@type":"SearchAction","target":{"@type":"EntryPoint","urlTemplate":"https:\/\/lotos.center\/?s={search_term_string}"},"query-input":{"@type":"PropertyValueSpecification","valueRequired":true,"valueName":"search_term_string"}}],"inLanguage":"es"}]}},"_links":{"self":[{"href":"https:\/\/lotos.center\/es\/wp-json\/wp\/v2\/pages\/1072","targetHints":{"allow":["GET"]}}],"collection":[{"href":"https:\/\/lotos.center\/es\/wp-json\/wp\/v2\/pages"}],"about":[{"href":"https:\/\/lotos.center\/es\/wp-json\/wp\/v2\/types\/page"}],"author":[{"embeddable":true,"href":"https:\/\/lotos.center\/es\/wp-json\/wp\/v2\/users\/4"}],"replies":[{"embeddable":true,"href":"https:\/\/lotos.center\/es\/wp-json\/wp\/v2\/comments?post=1072"}],"version-history":[{"count":1,"href":"https:\/\/lotos.center\/es\/wp-json\/wp\/v2\/pages\/1072\/revisions"}],"predecessor-version":[{"id":1073,"href":"https:\/\/lotos.center\/es\/wp-json\/wp\/v2\/pages\/1072\/revisions\/1073"}],"wp:attachment":[{"href":"https:\/\/lotos.center\/es\/wp-json\/wp\/v2\/media?parent=1072"}],"curies":[{"name":"wp","href":"https:\/\/api.w.org\/{rel}","templated":true}]}}